{"id":10510,"date":"2022-03-11T14:56:29","date_gmt":"2022-03-11T12:56:29","guid":{"rendered":"https:\/\/rivet.ee\/?post_type=product&#038;p=10510"},"modified":"2022-03-17T14:43:26","modified_gmt":"2022-03-17T12:43:26","slug":"kandipael-ohuke-20mm-beez-10m","status":"publish","type":"product","link":"https:\/\/rivet.ee\/en\/toode\/kandipael-ohuke-20mm-beez-10m\/","title":{"rendered":"Kandipael \u00f5huke 20mm bee\u017e 10m"},"content":{"rendered":"<p>\u00d5huke kandipael 100% pol\u00fcester. Sobib ideaalselt kottide ja muudele kantimist vajavatele toodetele n\u00e4iteks lemmiklooma tooted, pesad, sussid. Kandipael on k\u00fcll \u00f5hukene, aga ei veni ja on v\u00e4ga tugev.<\/p>\n<p>Hind on 10 meetrile.<\/p>\n","protected":false},"excerpt":{"rendered":"<p>\u00d5huke kandipael 100% pol\u00fcester. Sobib ideaalselt kottide ja muudele kantimist vajavatele toodetele n\u00e4iteks lemmiklooma tooted, pesad, sussid. Kandipael on k\u00fcll<\/p>\n","protected":false},"featured_media":10677,"comment_status":"closed","ping_status":"closed","template":"","meta":[],"product_brand":[],"product_cat":[132],"product_tag":[],"class_list":{"0":"post-10510","1":"product","2":"type-product","3":"status-publish","4":"has-post-thumbnail","6":"product_cat-kandipaelad","8":"first","9":"instock","10":"taxable","11":"shipping-taxable","12":"purchasable","13":"product-type-simple"},"yoast_head":"<!-- This site is optimized with the Yoast SEO plugin v27.3 - https:\/\/yoast.com\/product\/yoast-seo-wordpress\/ -->\n<title>Kandipael \u00f5huke 20mm bee\u017e 10m  | Rivet<\/title>\n<meta name=\"robots\" content=\"index, follow, max-snippet:-1, max-image-preview:large, max-video-preview:-1\" \/>\n<link rel=\"canonical\" href=\"https:\/\/rivet.ee\/en\/toode\/kandipael-ohuke-20mm-beez-10m\/\" \/>\n<meta property=\"og:locale\" content=\"en_US\" \/>\n<meta property=\"og:type\" content=\"article\" \/>\n<meta property=\"og:title\" content=\"Kandipael \u00f5huke 20mm bee\u017e 10m  | Rivet\" \/>\n<meta property=\"og:description\" content=\"\u00d5huke kandipael 100% pol\u00fcester. Sobib ideaalselt kottide ja muudele kantimist vajavatele toodetele n\u00e4iteks lemmiklooma tooted, pesad, sussid. Kandipael on k\u00fcll\" \/>\n<meta property=\"og:url\" content=\"https:\/\/rivet.ee\/en\/toode\/kandipael-ohuke-20mm-beez-10m\/\" \/>\n<meta property=\"og:site_name\" content=\"Rivet\" \/>\n<meta property=\"article:modified_time\" content=\"2022-03-17T12:43:26+00:00\" \/>\n<meta property=\"og:image\" content=\"https:\/\/rivet.ee\/wp-content\/uploads\/2022\/03\/Kandipael-beez-ohuke-900x900-1.jpg\" \/>\n\t<meta property=\"og:image:width\" content=\"900\" \/>\n\t<meta property=\"og:image:height\" content=\"900\" \/>\n\t<meta property=\"og:image:type\" content=\"image\/jpeg\" \/>\n<meta name=\"twitter:card\" content=\"summary_large_image\" \/>\n<script type=\"application\/ld+json\" class=\"yoast-schema-graph\">{\"@context\":\"https:\\\/\\\/schema.org\",\"@graph\":[{\"@type\":\"WebPage\",\"@id\":\"https:\\\/\\\/rivet.ee\\\/en\\\/toode\\\/kandipael-ohuke-20mm-beez-10m\\\/\",\"url\":\"https:\\\/\\\/rivet.ee\\\/en\\\/toode\\\/kandipael-ohuke-20mm-beez-10m\\\/\",\"name\":\"Kandipael \u00f5huke 20mm bee\u017e 10m  | Rivet\",\"isPartOf\":{\"@id\":\"https:\\\/\\\/rivet.ee\\\/en\\\/#website\"},\"primaryImageOfPage\":{\"@id\":\"https:\\\/\\\/rivet.ee\\\/en\\\/toode\\\/kandipael-ohuke-20mm-beez-10m\\\/#primaryimage\"},\"image\":{\"@id\":\"https:\\\/\\\/rivet.ee\\\/toode\\\/kandipael-ohuke-20mm-beez-10m\\\/#primaryimage\"},\"thumbnailUrl\":\"https:\\\/\\\/rivet.ee\\\/wp-content\\\/uploads\\\/2022\\\/03\\\/Kandipael-beez-ohuke-900x900-1.jpg\",\"datePublished\":\"2022-03-11T12:56:29+00:00\",\"dateModified\":\"2022-03-17T12:43:26+00:00\",\"breadcrumb\":{\"@id\":\"https:\\\/\\\/rivet.ee\\\/en\\\/toode\\\/kandipael-ohuke-20mm-beez-10m\\\/#breadcrumb\"},\"inLanguage\":\"en-US\",\"potentialAction\":[{\"@type\":\"ReadAction\",\"target\":[[\"https:\\\/\\\/rivet.ee\\\/en\\\/toode\\\/kandipael-ohuke-20mm-beez-10m\\\/\"]]}]},{\"@type\":\"ImageObject\",\"inLanguage\":\"en-US\",\"@id\":\"https:\\\/\\\/rivet.ee\\\/en\\\/toode\\\/kandipael-ohuke-20mm-beez-10m\\\/#primaryimage\",\"url\":\"https:\\\/\\\/rivet.ee\\\/wp-content\\\/uploads\\\/2022\\\/03\\\/Kandipael-beez-ohuke-900x900-1.jpg\",\"contentUrl\":\"https:\\\/\\\/rivet.ee\\\/wp-content\\\/uploads\\\/2022\\\/03\\\/Kandipael-beez-ohuke-900x900-1.jpg\",\"width\":900,\"height\":900},{\"@type\":\"BreadcrumbList\",\"@id\":\"https:\\\/\\\/rivet.ee\\\/en\\\/toode\\\/kandipael-ohuke-20mm-beez-10m\\\/#breadcrumb\",\"itemListElement\":[{\"@type\":\"ListItem\",\"position\":1,\"name\":\"Home\",\"item\":\"https:\\\/\\\/rivet.ee\\\/en\\\/\"},{\"@type\":\"ListItem\",\"position\":2,\"name\":\"Tooted\",\"item\":\"https:\\\/\\\/rivet.ee\\\/en\\\/tooted\\\/\"},{\"@type\":\"ListItem\",\"position\":3,\"name\":\"Kandipael \u00f5huke 20mm bee\u017e 10m\"}]},{\"@type\":\"WebSite\",\"@id\":\"https:\\\/\\\/rivet.ee\\\/en\\\/#website\",\"url\":\"https:\\\/\\\/rivet.ee\\\/en\\\/\",\"name\":\"Rivet\",\"description\":\"\",\"publisher\":{\"@id\":\"https:\\\/\\\/rivet.ee\\\/en\\\/#organization\"},\"potentialAction\":[{\"@type\":\"SearchAction\",\"target\":{\"@type\":\"EntryPoint\",\"urlTemplate\":\"https:\\\/\\\/rivet.ee\\\/en\\\/?s={search_term_string}\"},\"query-input\":{\"@type\":\"PropertyValueSpecification\",\"valueRequired\":true,\"valueName\":\"search_term_string\"}}],\"inLanguage\":\"en-US\"},{\"@type\":\"Organization\",\"@id\":\"https:\\\/\\\/rivet.ee\\\/en\\\/#organization\",\"name\":\"Rivet\",\"url\":\"https:\\\/\\\/rivet.ee\\\/en\\\/\",\"logo\":{\"@type\":\"ImageObject\",\"inLanguage\":\"en-US\",\"@id\":\"https:\\\/\\\/rivet.ee\\\/en\\\/#\\\/schema\\\/logo\\\/image\\\/\",\"url\":\"https:\\\/\\\/rivet.ee\\\/wp-content\\\/uploads\\\/2021\\\/11\\\/logo.jpg\",\"contentUrl\":\"https:\\\/\\\/rivet.ee\\\/wp-content\\\/uploads\\\/2021\\\/11\\\/logo.jpg\",\"width\":397,\"height\":152,\"caption\":\"Rivet\"},\"image\":{\"@id\":\"https:\\\/\\\/rivet.ee\\\/en\\\/#\\\/schema\\\/logo\\\/image\\\/\"}}]}<\/script>\n<!-- \/ Yoast SEO plugin. -->","yoast_head_json":{"title":"Kandipael \u00f5huke 20mm bee\u017e 10m  | Rivet","robots":{"index":"index","follow":"follow","max-snippet":"max-snippet:-1","max-image-preview":"max-image-preview:large","max-video-preview":"max-video-preview:-1"},"canonical":"https:\/\/rivet.ee\/en\/toode\/kandipael-ohuke-20mm-beez-10m\/","og_locale":"en_US","og_type":"article","og_title":"Kandipael \u00f5huke 20mm bee\u017e 10m  | Rivet","og_description":"\u00d5huke kandipael 100% pol\u00fcester. Sobib ideaalselt kottide ja muudele kantimist vajavatele toodetele n\u00e4iteks lemmiklooma tooted, pesad, sussid. Kandipael on k\u00fcll","og_url":"https:\/\/rivet.ee\/en\/toode\/kandipael-ohuke-20mm-beez-10m\/","og_site_name":"Rivet","article_modified_time":"2022-03-17T12:43:26+00:00","og_image":[{"width":900,"height":900,"url":"https:\/\/rivet.ee\/wp-content\/uploads\/2022\/03\/Kandipael-beez-ohuke-900x900-1.jpg","type":"image\/jpeg"}],"twitter_card":"summary_large_image","schema":{"@context":"https:\/\/schema.org","@graph":[{"@type":"WebPage","@id":"https:\/\/rivet.ee\/en\/toode\/kandipael-ohuke-20mm-beez-10m\/","url":"https:\/\/rivet.ee\/en\/toode\/kandipael-ohuke-20mm-beez-10m\/","name":"Kandipael \u00f5huke 20mm bee\u017e 10m  | Rivet","isPartOf":{"@id":"https:\/\/rivet.ee\/en\/#website"},"primaryImageOfPage":{"@id":"https:\/\/rivet.ee\/en\/toode\/kandipael-ohuke-20mm-beez-10m\/#primaryimage"},"image":{"@id":"https:\/\/rivet.ee\/toode\/kandipael-ohuke-20mm-beez-10m\/#primaryimage"},"thumbnailUrl":"https:\/\/rivet.ee\/wp-content\/uploads\/2022\/03\/Kandipael-beez-ohuke-900x900-1.jpg","datePublished":"2022-03-11T12:56:29+00:00","dateModified":"2022-03-17T12:43:26+00:00","breadcrumb":{"@id":"https:\/\/rivet.ee\/en\/toode\/kandipael-ohuke-20mm-beez-10m\/#breadcrumb"},"inLanguage":"en-US","potentialAction":[{"@type":"ReadAction","target":[["https:\/\/rivet.ee\/en\/toode\/kandipael-ohuke-20mm-beez-10m\/"]]}]},{"@type":"ImageObject","inLanguage":"en-US","@id":"https:\/\/rivet.ee\/en\/toode\/kandipael-ohuke-20mm-beez-10m\/#primaryimage","url":"https:\/\/rivet.ee\/wp-content\/uploads\/2022\/03\/Kandipael-beez-ohuke-900x900-1.jpg","contentUrl":"https:\/\/rivet.ee\/wp-content\/uploads\/2022\/03\/Kandipael-beez-ohuke-900x900-1.jpg","width":900,"height":900},{"@type":"BreadcrumbList","@id":"https:\/\/rivet.ee\/en\/toode\/kandipael-ohuke-20mm-beez-10m\/#breadcrumb","itemListElement":[{"@type":"ListItem","position":1,"name":"Home","item":"https:\/\/rivet.ee\/en\/"},{"@type":"ListItem","position":2,"name":"Tooted","item":"https:\/\/rivet.ee\/en\/tooted\/"},{"@type":"ListItem","position":3,"name":"Kandipael \u00f5huke 20mm bee\u017e 10m"}]},{"@type":"WebSite","@id":"https:\/\/rivet.ee\/en\/#website","url":"https:\/\/rivet.ee\/en\/","name":"Rivet","description":"","publisher":{"@id":"https:\/\/rivet.ee\/en\/#organization"},"potentialAction":[{"@type":"SearchAction","target":{"@type":"EntryPoint","urlTemplate":"https:\/\/rivet.ee\/en\/?s={search_term_string}"},"query-input":{"@type":"PropertyValueSpecification","valueRequired":true,"valueName":"search_term_string"}}],"inLanguage":"en-US"},{"@type":"Organization","@id":"https:\/\/rivet.ee\/en\/#organization","name":"Rivet","url":"https:\/\/rivet.ee\/en\/","logo":{"@type":"ImageObject","inLanguage":"en-US","@id":"https:\/\/rivet.ee\/en\/#\/schema\/logo\/image\/","url":"https:\/\/rivet.ee\/wp-content\/uploads\/2021\/11\/logo.jpg","contentUrl":"https:\/\/rivet.ee\/wp-content\/uploads\/2021\/11\/logo.jpg","width":397,"height":152,"caption":"Rivet"},"image":{"@id":"https:\/\/rivet.ee\/en\/#\/schema\/logo\/image\/"}}]}},"_links":{"self":[{"href":"https:\/\/rivet.ee\/en\/wp-json\/wp\/v2\/product\/10510","targetHints":{"allow":["GET"]}}],"collection":[{"href":"https:\/\/rivet.ee\/en\/wp-json\/wp\/v2\/product"}],"about":[{"href":"https:\/\/rivet.ee\/en\/wp-json\/wp\/v2\/types\/product"}],"replies":[{"embeddable":true,"href":"https:\/\/rivet.ee\/en\/wp-json\/wp\/v2\/comments?post=10510"}],"wp:featuredmedia":[{"embeddable":true,"href":"https:\/\/rivet.ee\/en\/wp-json\/wp\/v2\/media\/10677"}],"wp:attachment":[{"href":"https:\/\/rivet.ee\/en\/wp-json\/wp\/v2\/media?parent=10510"}],"wp:term":[{"taxonomy":"product_brand","embeddable":true,"href":"https:\/\/rivet.ee\/en\/wp-json\/wp\/v2\/product_brand?post=10510"},{"taxonomy":"product_cat","embeddable":true,"href":"https:\/\/rivet.ee\/en\/wp-json\/wp\/v2\/product_cat?post=10510"},{"taxonomy":"product_tag","embeddable":true,"href":"https:\/\/rivet.ee\/en\/wp-json\/wp\/v2\/product_tag?post=10510"}],"curies":[{"name":"wp","href":"https:\/\/api.w.org\/{rel}","templated":true}]}}