{"id":11965,"date":"2022-05-26T14:12:48","date_gmt":"2022-05-26T11:12:48","guid":{"rendered":"https:\/\/rivet.ee\/?post_type=product&#038;p=11965"},"modified":"2025-04-24T10:39:08","modified_gmt":"2025-04-24T07:39:08","slug":"plastpannal-40mm-koodiga","status":"publish","type":"product","link":"https:\/\/rivet.ee\/en\/toode\/plastpannal-40mm-koodiga\/","title":{"rendered":"Plastic buckle 40mm with password"},"content":{"rendered":"<p><span class=\"Y2IQFc\" lang=\"et\">Plastpandla numbrikombinatsiooni muutmine: <\/span><\/p>\n<p><span class=\"Y2IQFc\" lang=\"et\">(1) Avage plastpannal. Kasutage l\u00e4htestamisnupu sissevajutamiseks pliiatsiotsa v\u00f5i peenikest pulka. <\/span><\/p>\n<p><span class=\"Y2IQFc\" lang=\"et\">(2) Valige sobiv number, mille soovite m\u00e4\u00e4rata &#8211; hoides samal ajal l\u00e4htestusnuppu all. <\/span><\/p>\n<p><span class=\"Y2IQFc\" lang=\"et\">(3) Vabastage l\u00e4htestamisnupp ja pange pannal kokku.<\/span><\/p>\n<p><span class=\"Y2IQFc\" lang=\"et\"> <img loading=\"lazy\" decoding=\"async\" class=\"alignnone  wp-image-18904\" src=\"https:\/\/rivet.ee\/wp-content\/uploads\/2022\/05\/Untitled-400x157.jpg\" alt=\"\" width=\"168\" height=\"66\" srcset=\"https:\/\/rivet.ee\/wp-content\/uploads\/2022\/05\/Untitled-400x157.jpg 400w, https:\/\/rivet.ee\/wp-content\/uploads\/2022\/05\/Untitled-768x302.jpg 768w, https:\/\/rivet.ee\/wp-content\/uploads\/2022\/05\/Untitled-430x169.jpg 430w, https:\/\/rivet.ee\/wp-content\/uploads\/2022\/05\/Untitled-700x276.jpg 700w, https:\/\/rivet.ee\/wp-content\/uploads\/2022\/05\/Untitled-150x59.jpg 150w, https:\/\/rivet.ee\/wp-content\/uploads\/2022\/05\/Untitled.jpg 813w\" sizes=\"auto, (max-width: 168px) 100vw, 168px\" \/><\/span><\/p>","protected":false},"excerpt":{"rendered":"<p>Plastpandla numbrikombinatsiooni muutmine: (1) Avage plastpannal. Kasutage l\u00e4htestamisnupu sissevajutamiseks pliiatsiotsa v\u00f5i peenikest pulka. (2) Valige sobiv number, mille soovite m\u00e4\u00e4rata<\/p>\n","protected":false},"featured_media":19076,"comment_status":"closed","ping_status":"closed","template":"","meta":[],"product_brand":[],"product_cat":[110],"product_tag":[],"class_list":{"0":"post-11965","1":"product","2":"type-product","3":"status-publish","4":"has-post-thumbnail","6":"product_cat-plastpandlad","8":"first","9":"instock","10":"taxable","11":"shipping-taxable","12":"purchasable","13":"product-type-simple"},"yoast_head":"<!-- This site is optimized with the Yoast SEO plugin v27.3 - https:\/\/yoast.com\/product\/yoast-seo-wordpress\/ -->\n<title>Plastic buckle 40mm with password | Rivet<\/title>\n<meta name=\"robots\" content=\"index, follow, max-snippet:-1, max-image-preview:large, max-video-preview:-1\" \/>\n<link rel=\"canonical\" href=\"https:\/\/rivet.ee\/en\/toode\/plastpannal-40mm-koodiga\/\" \/>\n<meta property=\"og:locale\" content=\"en_US\" \/>\n<meta property=\"og:type\" content=\"article\" \/>\n<meta property=\"og:title\" content=\"Plastic buckle 40mm with password | Rivet\" \/>\n<meta property=\"og:description\" content=\"Plastpandla numbrikombinatsiooni muutmine: (1) Avage plastpannal. Kasutage l\u00e4htestamisnupu sissevajutamiseks pliiatsiotsa v\u00f5i peenikest pulka. (2) Valige sobiv number, mille soovite m\u00e4\u00e4rata\" \/>\n<meta property=\"og:url\" content=\"https:\/\/rivet.ee\/en\/toode\/plastpannal-40mm-koodiga\/\" \/>\n<meta property=\"og:site_name\" content=\"Rivet\" \/>\n<meta property=\"article:modified_time\" content=\"2025-04-24T07:39:08+00:00\" \/>\n<meta property=\"og:image\" content=\"https:\/\/rivet.ee\/wp-content\/uploads\/2022\/05\/plastpannal-koodiga-900x900-2-rotated.jpg\" \/>\n\t<meta property=\"og:image:width\" content=\"900\" \/>\n\t<meta property=\"og:image:height\" content=\"900\" \/>\n\t<meta property=\"og:image:type\" content=\"image\/jpeg\" \/>\n<meta name=\"twitter:card\" content=\"summary_large_image\" \/>\n<script type=\"application\/ld+json\" class=\"yoast-schema-graph\">{\"@context\":\"https:\\\/\\\/schema.org\",\"@graph\":[{\"@type\":\"WebPage\",\"@id\":\"https:\\\/\\\/rivet.ee\\\/en\\\/toode\\\/plastpannal-40mm-koodiga\\\/\",\"url\":\"https:\\\/\\\/rivet.ee\\\/en\\\/toode\\\/plastpannal-40mm-koodiga\\\/\",\"name\":\"Plastic buckle 40mm with password | Rivet\",\"isPartOf\":{\"@id\":\"https:\\\/\\\/rivet.ee\\\/en\\\/#website\"},\"primaryImageOfPage\":{\"@id\":\"https:\\\/\\\/rivet.ee\\\/en\\\/toode\\\/plastpannal-40mm-koodiga\\\/#primaryimage\"},\"image\":{\"@id\":\"https:\\\/\\\/rivet.ee\\\/toode\\\/plastpannal-40mm-koodiga\\\/#primaryimage\"},\"thumbnailUrl\":\"https:\\\/\\\/rivet.ee\\\/wp-content\\\/uploads\\\/2022\\\/05\\\/plastpannal-koodiga-900x900-2-rotated.jpg\",\"datePublished\":\"2022-05-26T11:12:48+00:00\",\"dateModified\":\"2025-04-24T07:39:08+00:00\",\"breadcrumb\":{\"@id\":\"https:\\\/\\\/rivet.ee\\\/en\\\/toode\\\/plastpannal-40mm-koodiga\\\/#breadcrumb\"},\"inLanguage\":\"en-US\",\"potentialAction\":[{\"@type\":\"ReadAction\",\"target\":[[\"https:\\\/\\\/rivet.ee\\\/en\\\/toode\\\/plastpannal-40mm-koodiga\\\/\"]]}]},{\"@type\":\"ImageObject\",\"inLanguage\":\"en-US\",\"@id\":\"https:\\\/\\\/rivet.ee\\\/en\\\/toode\\\/plastpannal-40mm-koodiga\\\/#primaryimage\",\"url\":\"https:\\\/\\\/rivet.ee\\\/wp-content\\\/uploads\\\/2022\\\/05\\\/plastpannal-koodiga-900x900-2-rotated.jpg\",\"contentUrl\":\"https:\\\/\\\/rivet.ee\\\/wp-content\\\/uploads\\\/2022\\\/05\\\/plastpannal-koodiga-900x900-2-rotated.jpg\",\"width\":900,\"height\":900},{\"@type\":\"BreadcrumbList\",\"@id\":\"https:\\\/\\\/rivet.ee\\\/en\\\/toode\\\/plastpannal-40mm-koodiga\\\/#breadcrumb\",\"itemListElement\":[{\"@type\":\"ListItem\",\"position\":1,\"name\":\"Home\",\"item\":\"https:\\\/\\\/rivet.ee\\\/en\\\/\"},{\"@type\":\"ListItem\",\"position\":2,\"name\":\"Tooted\",\"item\":\"https:\\\/\\\/rivet.ee\\\/en\\\/tooted\\\/\"},{\"@type\":\"ListItem\",\"position\":3,\"name\":\"Plastpannal 40mm koodiga\"}]},{\"@type\":\"WebSite\",\"@id\":\"https:\\\/\\\/rivet.ee\\\/en\\\/#website\",\"url\":\"https:\\\/\\\/rivet.ee\\\/en\\\/\",\"name\":\"Rivet\",\"description\":\"\",\"publisher\":{\"@id\":\"https:\\\/\\\/rivet.ee\\\/en\\\/#organization\"},\"potentialAction\":[{\"@type\":\"SearchAction\",\"target\":{\"@type\":\"EntryPoint\",\"urlTemplate\":\"https:\\\/\\\/rivet.ee\\\/en\\\/?s={search_term_string}\"},\"query-input\":{\"@type\":\"PropertyValueSpecification\",\"valueRequired\":true,\"valueName\":\"search_term_string\"}}],\"inLanguage\":\"en-US\"},{\"@type\":\"Organization\",\"@id\":\"https:\\\/\\\/rivet.ee\\\/en\\\/#organization\",\"name\":\"Rivet\",\"url\":\"https:\\\/\\\/rivet.ee\\\/en\\\/\",\"logo\":{\"@type\":\"ImageObject\",\"inLanguage\":\"en-US\",\"@id\":\"https:\\\/\\\/rivet.ee\\\/en\\\/#\\\/schema\\\/logo\\\/image\\\/\",\"url\":\"https:\\\/\\\/rivet.ee\\\/wp-content\\\/uploads\\\/2021\\\/11\\\/logo.jpg\",\"contentUrl\":\"https:\\\/\\\/rivet.ee\\\/wp-content\\\/uploads\\\/2021\\\/11\\\/logo.jpg\",\"width\":397,\"height\":152,\"caption\":\"Rivet\"},\"image\":{\"@id\":\"https:\\\/\\\/rivet.ee\\\/en\\\/#\\\/schema\\\/logo\\\/image\\\/\"}}]}<\/script>\n<!-- \/ Yoast SEO plugin. -->","yoast_head_json":{"title":"Plastic buckle 40mm with password | Rivet","robots":{"index":"index","follow":"follow","max-snippet":"max-snippet:-1","max-image-preview":"max-image-preview:large","max-video-preview":"max-video-preview:-1"},"canonical":"https:\/\/rivet.ee\/en\/toode\/plastpannal-40mm-koodiga\/","og_locale":"en_US","og_type":"article","og_title":"Plastic buckle 40mm with password | Rivet","og_description":"Plastpandla numbrikombinatsiooni muutmine: (1) Avage plastpannal. Kasutage l\u00e4htestamisnupu sissevajutamiseks pliiatsiotsa v\u00f5i peenikest pulka. (2) Valige sobiv number, mille soovite m\u00e4\u00e4rata","og_url":"https:\/\/rivet.ee\/en\/toode\/plastpannal-40mm-koodiga\/","og_site_name":"Rivet","article_modified_time":"2025-04-24T07:39:08+00:00","og_image":[{"width":900,"height":900,"url":"https:\/\/rivet.ee\/wp-content\/uploads\/2022\/05\/plastpannal-koodiga-900x900-2-rotated.jpg","type":"image\/jpeg"}],"twitter_card":"summary_large_image","schema":{"@context":"https:\/\/schema.org","@graph":[{"@type":"WebPage","@id":"https:\/\/rivet.ee\/en\/toode\/plastpannal-40mm-koodiga\/","url":"https:\/\/rivet.ee\/en\/toode\/plastpannal-40mm-koodiga\/","name":"Plastic buckle 40mm with password | Rivet","isPartOf":{"@id":"https:\/\/rivet.ee\/en\/#website"},"primaryImageOfPage":{"@id":"https:\/\/rivet.ee\/en\/toode\/plastpannal-40mm-koodiga\/#primaryimage"},"image":{"@id":"https:\/\/rivet.ee\/toode\/plastpannal-40mm-koodiga\/#primaryimage"},"thumbnailUrl":"https:\/\/rivet.ee\/wp-content\/uploads\/2022\/05\/plastpannal-koodiga-900x900-2-rotated.jpg","datePublished":"2022-05-26T11:12:48+00:00","dateModified":"2025-04-24T07:39:08+00:00","breadcrumb":{"@id":"https:\/\/rivet.ee\/en\/toode\/plastpannal-40mm-koodiga\/#breadcrumb"},"inLanguage":"en-US","potentialAction":[{"@type":"ReadAction","target":[["https:\/\/rivet.ee\/en\/toode\/plastpannal-40mm-koodiga\/"]]}]},{"@type":"ImageObject","inLanguage":"en-US","@id":"https:\/\/rivet.ee\/en\/toode\/plastpannal-40mm-koodiga\/#primaryimage","url":"https:\/\/rivet.ee\/wp-content\/uploads\/2022\/05\/plastpannal-koodiga-900x900-2-rotated.jpg","contentUrl":"https:\/\/rivet.ee\/wp-content\/uploads\/2022\/05\/plastpannal-koodiga-900x900-2-rotated.jpg","width":900,"height":900},{"@type":"BreadcrumbList","@id":"https:\/\/rivet.ee\/en\/toode\/plastpannal-40mm-koodiga\/#breadcrumb","itemListElement":[{"@type":"ListItem","position":1,"name":"Home","item":"https:\/\/rivet.ee\/en\/"},{"@type":"ListItem","position":2,"name":"Tooted","item":"https:\/\/rivet.ee\/en\/tooted\/"},{"@type":"ListItem","position":3,"name":"Plastpannal 40mm koodiga"}]},{"@type":"WebSite","@id":"https:\/\/rivet.ee\/en\/#website","url":"https:\/\/rivet.ee\/en\/","name":"Rivet","description":"","publisher":{"@id":"https:\/\/rivet.ee\/en\/#organization"},"potentialAction":[{"@type":"SearchAction","target":{"@type":"EntryPoint","urlTemplate":"https:\/\/rivet.ee\/en\/?s={search_term_string}"},"query-input":{"@type":"PropertyValueSpecification","valueRequired":true,"valueName":"search_term_string"}}],"inLanguage":"en-US"},{"@type":"Organization","@id":"https:\/\/rivet.ee\/en\/#organization","name":"Rivet","url":"https:\/\/rivet.ee\/en\/","logo":{"@type":"ImageObject","inLanguage":"en-US","@id":"https:\/\/rivet.ee\/en\/#\/schema\/logo\/image\/","url":"https:\/\/rivet.ee\/wp-content\/uploads\/2021\/11\/logo.jpg","contentUrl":"https:\/\/rivet.ee\/wp-content\/uploads\/2021\/11\/logo.jpg","width":397,"height":152,"caption":"Rivet"},"image":{"@id":"https:\/\/rivet.ee\/en\/#\/schema\/logo\/image\/"}}]}},"_links":{"self":[{"href":"https:\/\/rivet.ee\/en\/wp-json\/wp\/v2\/product\/11965","targetHints":{"allow":["GET"]}}],"collection":[{"href":"https:\/\/rivet.ee\/en\/wp-json\/wp\/v2\/product"}],"about":[{"href":"https:\/\/rivet.ee\/en\/wp-json\/wp\/v2\/types\/product"}],"replies":[{"embeddable":true,"href":"https:\/\/rivet.ee\/en\/wp-json\/wp\/v2\/comments?post=11965"}],"wp:featuredmedia":[{"embeddable":true,"href":"https:\/\/rivet.ee\/en\/wp-json\/wp\/v2\/media\/19076"}],"wp:attachment":[{"href":"https:\/\/rivet.ee\/en\/wp-json\/wp\/v2\/media?parent=11965"}],"wp:term":[{"taxonomy":"product_brand","embeddable":true,"href":"https:\/\/rivet.ee\/en\/wp-json\/wp\/v2\/product_brand?post=11965"},{"taxonomy":"product_cat","embeddable":true,"href":"https:\/\/rivet.ee\/en\/wp-json\/wp\/v2\/product_cat?post=11965"},{"taxonomy":"product_tag","embeddable":true,"href":"https:\/\/rivet.ee\/en\/wp-json\/wp\/v2\/product_tag?post=11965"}],"curies":[{"name":"wp","href":"https:\/\/api.w.org\/{rel}","templated":true}]}}