{"id":13232,"date":"2022-10-28T14:35:45","date_gmt":"2022-10-28T11:35:45","guid":{"rendered":"https:\/\/rivet.ee\/?post_type=product&#038;p=13232"},"modified":"2025-06-27T11:45:49","modified_gmt":"2025-06-27T08:45:49","slug":"kruvineet-roosa-kuld-5mm","status":"publish","type":"product","link":"https:\/\/rivet.ee\/en\/toode\/kruvineet-roosa-kuld-5mm\/","title":{"rendered":"Steel screw rose gold 5mm"},"content":{"rendered":"<p>Metallist kruvineet on m\u00f5eldud naha v\u00f5i mis tahes muu materjali \u00fchendamiseks. Koosneb kahest osast needi peast ja sisekeermega kruvi jalast. \u00d5ige pikkusega jalg vali nii, et kruvineet oleks mitte rohkem kui 1-2mm l\u00fchem kui materjali paksus. Kasutatakse tihti p\u00fcksirihma pandla paigaldamisel, sest see lihtsustab pandla vahetamist.<\/p>\n<p>Needi pea l\u00e4bim\u00f5\u00f5t 10mm<\/p>","protected":false},"excerpt":{"rendered":"<p>Metallist kruvineet on m\u00f5eldud naha v\u00f5i mis tahes muu materjali \u00fchendamiseks. Koosneb kahest osast needi peast ja sisekeermega kruvi jalast.<\/p>\n","protected":false},"featured_media":13233,"comment_status":"closed","ping_status":"closed","template":"","meta":[],"product_brand":[],"product_cat":[97,108],"product_tag":[],"class_list":{"0":"post-13232","1":"product","2":"type-product","3":"status-publish","4":"has-post-thumbnail","6":"product_cat-needid","7":"product_cat-kruvineedid","9":"first","10":"instock","11":"taxable","12":"shipping-taxable","13":"purchasable","14":"product-type-simple"},"yoast_head":"<!-- This site is optimized with the Yoast SEO plugin v27.4 - https:\/\/yoast.com\/product\/yoast-seo-wordpress\/ -->\n<title>Steel screw rose gold 5mm | Rivet<\/title>\n<meta name=\"robots\" content=\"index, follow, max-snippet:-1, max-image-preview:large, max-video-preview:-1\" \/>\n<link rel=\"canonical\" href=\"https:\/\/rivet.ee\/en\/toode\/kruvineet-roosa-kuld-5mm\/\" \/>\n<meta property=\"og:locale\" content=\"en_US\" \/>\n<meta property=\"og:type\" content=\"article\" \/>\n<meta property=\"og:title\" content=\"Steel screw rose gold 5mm | Rivet\" \/>\n<meta property=\"og:description\" content=\"Metallist kruvineet on m\u00f5eldud naha v\u00f5i mis tahes muu materjali \u00fchendamiseks. Koosneb kahest osast needi peast ja sisekeermega kruvi jalast.\" \/>\n<meta property=\"og:url\" content=\"https:\/\/rivet.ee\/en\/toode\/kruvineet-roosa-kuld-5mm\/\" \/>\n<meta property=\"og:site_name\" content=\"Rivet\" \/>\n<meta property=\"article:modified_time\" content=\"2025-06-27T08:45:49+00:00\" \/>\n<meta property=\"og:image\" content=\"https:\/\/rivet.ee\/wp-content\/uploads\/2022\/10\/kruvineet-roosa-kuld-800x800-1.png\" \/>\n\t<meta property=\"og:image:width\" content=\"800\" \/>\n\t<meta property=\"og:image:height\" content=\"800\" \/>\n\t<meta property=\"og:image:type\" content=\"image\/png\" \/>\n<meta name=\"twitter:card\" content=\"summary_large_image\" \/>\n<meta name=\"twitter:label1\" content=\"Est. reading time\" \/>\n\t<meta name=\"twitter:data1\" content=\"1 minute\" \/>\n<script type=\"application\/ld+json\" class=\"yoast-schema-graph\">{\"@context\":\"https:\\\/\\\/schema.org\",\"@graph\":[{\"@type\":\"WebPage\",\"@id\":\"https:\\\/\\\/rivet.ee\\\/en\\\/toode\\\/kruvineet-roosa-kuld-5mm\\\/\",\"url\":\"https:\\\/\\\/rivet.ee\\\/en\\\/toode\\\/kruvineet-roosa-kuld-5mm\\\/\",\"name\":\"Steel screw rose gold 5mm | Rivet\",\"isPartOf\":{\"@id\":\"https:\\\/\\\/rivet.ee\\\/en\\\/#website\"},\"primaryImageOfPage\":{\"@id\":\"https:\\\/\\\/rivet.ee\\\/en\\\/toode\\\/kruvineet-roosa-kuld-5mm\\\/#primaryimage\"},\"image\":{\"@id\":\"https:\\\/\\\/rivet.ee\\\/toode\\\/kruvineet-roosa-kuld-5mm\\\/#primaryimage\"},\"thumbnailUrl\":\"https:\\\/\\\/rivet.ee\\\/wp-content\\\/uploads\\\/2022\\\/10\\\/kruvineet-roosa-kuld-800x800-1.png\",\"datePublished\":\"2022-10-28T11:35:45+00:00\",\"dateModified\":\"2025-06-27T08:45:49+00:00\",\"breadcrumb\":{\"@id\":\"https:\\\/\\\/rivet.ee\\\/en\\\/toode\\\/kruvineet-roosa-kuld-5mm\\\/#breadcrumb\"},\"inLanguage\":\"en-US\",\"potentialAction\":[{\"@type\":\"ReadAction\",\"target\":[[\"https:\\\/\\\/rivet.ee\\\/en\\\/toode\\\/kruvineet-roosa-kuld-5mm\\\/\"]]}]},{\"@type\":\"ImageObject\",\"inLanguage\":\"en-US\",\"@id\":\"https:\\\/\\\/rivet.ee\\\/en\\\/toode\\\/kruvineet-roosa-kuld-5mm\\\/#primaryimage\",\"url\":\"https:\\\/\\\/rivet.ee\\\/wp-content\\\/uploads\\\/2022\\\/10\\\/kruvineet-roosa-kuld-800x800-1.png\",\"contentUrl\":\"https:\\\/\\\/rivet.ee\\\/wp-content\\\/uploads\\\/2022\\\/10\\\/kruvineet-roosa-kuld-800x800-1.png\",\"width\":800,\"height\":800},{\"@type\":\"BreadcrumbList\",\"@id\":\"https:\\\/\\\/rivet.ee\\\/en\\\/toode\\\/kruvineet-roosa-kuld-5mm\\\/#breadcrumb\",\"itemListElement\":[{\"@type\":\"ListItem\",\"position\":1,\"name\":\"Home\",\"item\":\"https:\\\/\\\/rivet.ee\\\/en\\\/\"},{\"@type\":\"ListItem\",\"position\":2,\"name\":\"Tooted\",\"item\":\"https:\\\/\\\/rivet.ee\\\/en\\\/tooted\\\/\"},{\"@type\":\"ListItem\",\"position\":3,\"name\":\"Kruvineet roosa kuld 5mm\"}]},{\"@type\":\"WebSite\",\"@id\":\"https:\\\/\\\/rivet.ee\\\/en\\\/#website\",\"url\":\"https:\\\/\\\/rivet.ee\\\/en\\\/\",\"name\":\"Rivet\",\"description\":\"\",\"publisher\":{\"@id\":\"https:\\\/\\\/rivet.ee\\\/en\\\/#organization\"},\"potentialAction\":[{\"@type\":\"SearchAction\",\"target\":{\"@type\":\"EntryPoint\",\"urlTemplate\":\"https:\\\/\\\/rivet.ee\\\/en\\\/?s={search_term_string}\"},\"query-input\":{\"@type\":\"PropertyValueSpecification\",\"valueRequired\":true,\"valueName\":\"search_term_string\"}}],\"inLanguage\":\"en-US\"},{\"@type\":\"Organization\",\"@id\":\"https:\\\/\\\/rivet.ee\\\/en\\\/#organization\",\"name\":\"Rivet\",\"url\":\"https:\\\/\\\/rivet.ee\\\/en\\\/\",\"logo\":{\"@type\":\"ImageObject\",\"inLanguage\":\"en-US\",\"@id\":\"https:\\\/\\\/rivet.ee\\\/en\\\/#\\\/schema\\\/logo\\\/image\\\/\",\"url\":\"https:\\\/\\\/rivet.ee\\\/wp-content\\\/uploads\\\/2021\\\/11\\\/logo.jpg\",\"contentUrl\":\"https:\\\/\\\/rivet.ee\\\/wp-content\\\/uploads\\\/2021\\\/11\\\/logo.jpg\",\"width\":397,\"height\":152,\"caption\":\"Rivet\"},\"image\":{\"@id\":\"https:\\\/\\\/rivet.ee\\\/en\\\/#\\\/schema\\\/logo\\\/image\\\/\"}}]}<\/script>\n<!-- \/ Yoast SEO plugin. -->","yoast_head_json":{"title":"Steel screw rose gold 5mm | Rivet","robots":{"index":"index","follow":"follow","max-snippet":"max-snippet:-1","max-image-preview":"max-image-preview:large","max-video-preview":"max-video-preview:-1"},"canonical":"https:\/\/rivet.ee\/en\/toode\/kruvineet-roosa-kuld-5mm\/","og_locale":"en_US","og_type":"article","og_title":"Steel screw rose gold 5mm | Rivet","og_description":"Metallist kruvineet on m\u00f5eldud naha v\u00f5i mis tahes muu materjali \u00fchendamiseks. Koosneb kahest osast needi peast ja sisekeermega kruvi jalast.","og_url":"https:\/\/rivet.ee\/en\/toode\/kruvineet-roosa-kuld-5mm\/","og_site_name":"Rivet","article_modified_time":"2025-06-27T08:45:49+00:00","og_image":[{"width":800,"height":800,"url":"https:\/\/rivet.ee\/wp-content\/uploads\/2022\/10\/kruvineet-roosa-kuld-800x800-1.png","type":"image\/png"}],"twitter_card":"summary_large_image","twitter_misc":{"Est. reading time":"1 minute"},"schema":{"@context":"https:\/\/schema.org","@graph":[{"@type":"WebPage","@id":"https:\/\/rivet.ee\/en\/toode\/kruvineet-roosa-kuld-5mm\/","url":"https:\/\/rivet.ee\/en\/toode\/kruvineet-roosa-kuld-5mm\/","name":"Steel screw rose gold 5mm | Rivet","isPartOf":{"@id":"https:\/\/rivet.ee\/en\/#website"},"primaryImageOfPage":{"@id":"https:\/\/rivet.ee\/en\/toode\/kruvineet-roosa-kuld-5mm\/#primaryimage"},"image":{"@id":"https:\/\/rivet.ee\/toode\/kruvineet-roosa-kuld-5mm\/#primaryimage"},"thumbnailUrl":"https:\/\/rivet.ee\/wp-content\/uploads\/2022\/10\/kruvineet-roosa-kuld-800x800-1.png","datePublished":"2022-10-28T11:35:45+00:00","dateModified":"2025-06-27T08:45:49+00:00","breadcrumb":{"@id":"https:\/\/rivet.ee\/en\/toode\/kruvineet-roosa-kuld-5mm\/#breadcrumb"},"inLanguage":"en-US","potentialAction":[{"@type":"ReadAction","target":[["https:\/\/rivet.ee\/en\/toode\/kruvineet-roosa-kuld-5mm\/"]]}]},{"@type":"ImageObject","inLanguage":"en-US","@id":"https:\/\/rivet.ee\/en\/toode\/kruvineet-roosa-kuld-5mm\/#primaryimage","url":"https:\/\/rivet.ee\/wp-content\/uploads\/2022\/10\/kruvineet-roosa-kuld-800x800-1.png","contentUrl":"https:\/\/rivet.ee\/wp-content\/uploads\/2022\/10\/kruvineet-roosa-kuld-800x800-1.png","width":800,"height":800},{"@type":"BreadcrumbList","@id":"https:\/\/rivet.ee\/en\/toode\/kruvineet-roosa-kuld-5mm\/#breadcrumb","itemListElement":[{"@type":"ListItem","position":1,"name":"Home","item":"https:\/\/rivet.ee\/en\/"},{"@type":"ListItem","position":2,"name":"Tooted","item":"https:\/\/rivet.ee\/en\/tooted\/"},{"@type":"ListItem","position":3,"name":"Kruvineet roosa kuld 5mm"}]},{"@type":"WebSite","@id":"https:\/\/rivet.ee\/en\/#website","url":"https:\/\/rivet.ee\/en\/","name":"Rivet","description":"","publisher":{"@id":"https:\/\/rivet.ee\/en\/#organization"},"potentialAction":[{"@type":"SearchAction","target":{"@type":"EntryPoint","urlTemplate":"https:\/\/rivet.ee\/en\/?s={search_term_string}"},"query-input":{"@type":"PropertyValueSpecification","valueRequired":true,"valueName":"search_term_string"}}],"inLanguage":"en-US"},{"@type":"Organization","@id":"https:\/\/rivet.ee\/en\/#organization","name":"Rivet","url":"https:\/\/rivet.ee\/en\/","logo":{"@type":"ImageObject","inLanguage":"en-US","@id":"https:\/\/rivet.ee\/en\/#\/schema\/logo\/image\/","url":"https:\/\/rivet.ee\/wp-content\/uploads\/2021\/11\/logo.jpg","contentUrl":"https:\/\/rivet.ee\/wp-content\/uploads\/2021\/11\/logo.jpg","width":397,"height":152,"caption":"Rivet"},"image":{"@id":"https:\/\/rivet.ee\/en\/#\/schema\/logo\/image\/"}}]}},"_links":{"self":[{"href":"https:\/\/rivet.ee\/en\/wp-json\/wp\/v2\/product\/13232","targetHints":{"allow":["GET"]}}],"collection":[{"href":"https:\/\/rivet.ee\/en\/wp-json\/wp\/v2\/product"}],"about":[{"href":"https:\/\/rivet.ee\/en\/wp-json\/wp\/v2\/types\/product"}],"replies":[{"embeddable":true,"href":"https:\/\/rivet.ee\/en\/wp-json\/wp\/v2\/comments?post=13232"}],"wp:featuredmedia":[{"embeddable":true,"href":"https:\/\/rivet.ee\/en\/wp-json\/wp\/v2\/media\/13233"}],"wp:attachment":[{"href":"https:\/\/rivet.ee\/en\/wp-json\/wp\/v2\/media?parent=13232"}],"wp:term":[{"taxonomy":"product_brand","embeddable":true,"href":"https:\/\/rivet.ee\/en\/wp-json\/wp\/v2\/product_brand?post=13232"},{"taxonomy":"product_cat","embeddable":true,"href":"https:\/\/rivet.ee\/en\/wp-json\/wp\/v2\/product_cat?post=13232"},{"taxonomy":"product_tag","embeddable":true,"href":"https:\/\/rivet.ee\/en\/wp-json\/wp\/v2\/product_tag?post=13232"}],"curies":[{"name":"wp","href":"https:\/\/api.w.org\/{rel}","templated":true}]}}