{"id":13604,"date":"2022-12-06T11:25:56","date_gmt":"2022-12-06T09:25:56","guid":{"rendered":"https:\/\/rivet.ee\/?post_type=product&#038;p=13604"},"modified":"2026-03-02T11:10:47","modified_gmt":"2026-03-02T09:10:47","slug":"nahavarv-metallik-toonid-25ml","status":"publish","type":"product","link":"https:\/\/rivet.ee\/en\/toode\/nahavarv-metallik-toonid-25ml\/","title":{"rendered":"Leather dye different metallics 25ml"},"content":{"rendered":"<p>Nahav\u00e4rv sobib naturaalse ja s\u00fcnteetilise naha katmiseks v\u00f5i parandusteks. V\u00e4ga kattev, sellega on v\u00f5imalik isegi musta valgeks v\u00e4rvida.<\/p>\n<p>Kasutamine: Puhasta nahka eelnevalt alkoholiga. Raputa v\u00e4rv pudelis segamini ja kanna tootele komplektis oleva svammi v\u00f5i pintsliga. Lase kuivada 24h.<\/p>\n","protected":false},"excerpt":{"rendered":"<p>Nahav\u00e4rv sobib naturaalse ja s\u00fcnteetilise naha katmiseks v\u00f5i parandusteks. V\u00e4ga kattev, sellega on v\u00f5imalik isegi musta valgeks v\u00e4rvida. Kasutamine: Puhasta<\/p>\n","protected":false},"featured_media":13619,"comment_status":"closed","ping_status":"closed","template":"","meta":[],"product_brand":[],"product_cat":[201],"product_tag":[],"class_list":{"0":"post-13604","1":"product","2":"type-product","3":"status-publish","4":"has-post-thumbnail","6":"product_cat-varvid","8":"first","9":"instock","10":"taxable","11":"shipping-taxable","12":"purchasable","13":"product-type-variable"},"yoast_head":"<!-- This site is optimized with the Yoast SEO plugin v27.3 - https:\/\/yoast.com\/product\/yoast-seo-wordpress\/ -->\n<title>Leather dye different metallics 25ml | Rivet<\/title>\n<meta name=\"robots\" content=\"index, follow, max-snippet:-1, max-image-preview:large, max-video-preview:-1\" \/>\n<link rel=\"canonical\" href=\"https:\/\/rivet.ee\/en\/toode\/nahavarv-metallik-toonid-25ml\/\" \/>\n<meta property=\"og:locale\" content=\"en_US\" \/>\n<meta property=\"og:type\" content=\"article\" \/>\n<meta property=\"og:title\" content=\"Leather dye different metallics 25ml | Rivet\" \/>\n<meta property=\"og:description\" content=\"Nahav\u00e4rv sobib naturaalse ja s\u00fcnteetilise naha katmiseks v\u00f5i parandusteks. V\u00e4ga kattev, sellega on v\u00f5imalik isegi musta valgeks v\u00e4rvida. Kasutamine: Puhasta\" \/>\n<meta property=\"og:url\" content=\"https:\/\/rivet.ee\/en\/toode\/nahavarv-metallik-toonid-25ml\/\" \/>\n<meta property=\"og:site_name\" content=\"Rivet\" \/>\n<meta property=\"article:modified_time\" content=\"2026-03-02T09:10:47+00:00\" \/>\n<meta property=\"og:image\" content=\"https:\/\/rivet.ee\/wp-content\/uploads\/2022\/12\/supercolor.png\" \/>\n\t<meta property=\"og:image:width\" content=\"800\" \/>\n\t<meta property=\"og:image:height\" content=\"800\" \/>\n\t<meta property=\"og:image:type\" content=\"image\/png\" \/>\n<meta name=\"twitter:card\" content=\"summary_large_image\" \/>\n<script type=\"application\/ld+json\" class=\"yoast-schema-graph\">{\"@context\":\"https:\\\/\\\/schema.org\",\"@graph\":[{\"@type\":\"WebPage\",\"@id\":\"https:\\\/\\\/rivet.ee\\\/en\\\/toode\\\/nahavarv-metallik-toonid-25ml\\\/\",\"url\":\"https:\\\/\\\/rivet.ee\\\/en\\\/toode\\\/nahavarv-metallik-toonid-25ml\\\/\",\"name\":\"Leather dye different metallics 25ml | Rivet\",\"isPartOf\":{\"@id\":\"https:\\\/\\\/rivet.ee\\\/en\\\/#website\"},\"primaryImageOfPage\":{\"@id\":\"https:\\\/\\\/rivet.ee\\\/en\\\/toode\\\/nahavarv-metallik-toonid-25ml\\\/#primaryimage\"},\"image\":{\"@id\":\"https:\\\/\\\/rivet.ee\\\/toode\\\/nahavarv-metallik-toonid-25ml\\\/#primaryimage\"},\"thumbnailUrl\":\"https:\\\/\\\/rivet.ee\\\/wp-content\\\/uploads\\\/2022\\\/12\\\/supercolor.png\",\"datePublished\":\"2022-12-06T09:25:56+00:00\",\"dateModified\":\"2026-03-02T09:10:47+00:00\",\"breadcrumb\":{\"@id\":\"https:\\\/\\\/rivet.ee\\\/en\\\/toode\\\/nahavarv-metallik-toonid-25ml\\\/#breadcrumb\"},\"inLanguage\":\"en-US\",\"potentialAction\":[{\"@type\":\"ReadAction\",\"target\":[[\"https:\\\/\\\/rivet.ee\\\/en\\\/toode\\\/nahavarv-metallik-toonid-25ml\\\/\"]]}]},{\"@type\":\"ImageObject\",\"inLanguage\":\"en-US\",\"@id\":\"https:\\\/\\\/rivet.ee\\\/en\\\/toode\\\/nahavarv-metallik-toonid-25ml\\\/#primaryimage\",\"url\":\"https:\\\/\\\/rivet.ee\\\/wp-content\\\/uploads\\\/2022\\\/12\\\/supercolor.png\",\"contentUrl\":\"https:\\\/\\\/rivet.ee\\\/wp-content\\\/uploads\\\/2022\\\/12\\\/supercolor.png\",\"width\":800,\"height\":800},{\"@type\":\"BreadcrumbList\",\"@id\":\"https:\\\/\\\/rivet.ee\\\/en\\\/toode\\\/nahavarv-metallik-toonid-25ml\\\/#breadcrumb\",\"itemListElement\":[{\"@type\":\"ListItem\",\"position\":1,\"name\":\"Home\",\"item\":\"https:\\\/\\\/rivet.ee\\\/en\\\/\"},{\"@type\":\"ListItem\",\"position\":2,\"name\":\"Tooted\",\"item\":\"https:\\\/\\\/rivet.ee\\\/en\\\/tooted\\\/\"},{\"@type\":\"ListItem\",\"position\":3,\"name\":\"Nahav\u00e4rv metallik toonid 25ml\"}]},{\"@type\":\"WebSite\",\"@id\":\"https:\\\/\\\/rivet.ee\\\/en\\\/#website\",\"url\":\"https:\\\/\\\/rivet.ee\\\/en\\\/\",\"name\":\"Rivet\",\"description\":\"\",\"publisher\":{\"@id\":\"https:\\\/\\\/rivet.ee\\\/en\\\/#organization\"},\"potentialAction\":[{\"@type\":\"SearchAction\",\"target\":{\"@type\":\"EntryPoint\",\"urlTemplate\":\"https:\\\/\\\/rivet.ee\\\/en\\\/?s={search_term_string}\"},\"query-input\":{\"@type\":\"PropertyValueSpecification\",\"valueRequired\":true,\"valueName\":\"search_term_string\"}}],\"inLanguage\":\"en-US\"},{\"@type\":\"Organization\",\"@id\":\"https:\\\/\\\/rivet.ee\\\/en\\\/#organization\",\"name\":\"Rivet\",\"url\":\"https:\\\/\\\/rivet.ee\\\/en\\\/\",\"logo\":{\"@type\":\"ImageObject\",\"inLanguage\":\"en-US\",\"@id\":\"https:\\\/\\\/rivet.ee\\\/en\\\/#\\\/schema\\\/logo\\\/image\\\/\",\"url\":\"https:\\\/\\\/rivet.ee\\\/wp-content\\\/uploads\\\/2021\\\/11\\\/logo.jpg\",\"contentUrl\":\"https:\\\/\\\/rivet.ee\\\/wp-content\\\/uploads\\\/2021\\\/11\\\/logo.jpg\",\"width\":397,\"height\":152,\"caption\":\"Rivet\"},\"image\":{\"@id\":\"https:\\\/\\\/rivet.ee\\\/en\\\/#\\\/schema\\\/logo\\\/image\\\/\"}}]}<\/script>\n<!-- \/ Yoast SEO plugin. -->","yoast_head_json":{"title":"Leather dye different metallics 25ml | Rivet","robots":{"index":"index","follow":"follow","max-snippet":"max-snippet:-1","max-image-preview":"max-image-preview:large","max-video-preview":"max-video-preview:-1"},"canonical":"https:\/\/rivet.ee\/en\/toode\/nahavarv-metallik-toonid-25ml\/","og_locale":"en_US","og_type":"article","og_title":"Leather dye different metallics 25ml | Rivet","og_description":"Nahav\u00e4rv sobib naturaalse ja s\u00fcnteetilise naha katmiseks v\u00f5i parandusteks. V\u00e4ga kattev, sellega on v\u00f5imalik isegi musta valgeks v\u00e4rvida. Kasutamine: Puhasta","og_url":"https:\/\/rivet.ee\/en\/toode\/nahavarv-metallik-toonid-25ml\/","og_site_name":"Rivet","article_modified_time":"2026-03-02T09:10:47+00:00","og_image":[{"width":800,"height":800,"url":"https:\/\/rivet.ee\/wp-content\/uploads\/2022\/12\/supercolor.png","type":"image\/png"}],"twitter_card":"summary_large_image","schema":{"@context":"https:\/\/schema.org","@graph":[{"@type":"WebPage","@id":"https:\/\/rivet.ee\/en\/toode\/nahavarv-metallik-toonid-25ml\/","url":"https:\/\/rivet.ee\/en\/toode\/nahavarv-metallik-toonid-25ml\/","name":"Leather dye different metallics 25ml | Rivet","isPartOf":{"@id":"https:\/\/rivet.ee\/en\/#website"},"primaryImageOfPage":{"@id":"https:\/\/rivet.ee\/en\/toode\/nahavarv-metallik-toonid-25ml\/#primaryimage"},"image":{"@id":"https:\/\/rivet.ee\/toode\/nahavarv-metallik-toonid-25ml\/#primaryimage"},"thumbnailUrl":"https:\/\/rivet.ee\/wp-content\/uploads\/2022\/12\/supercolor.png","datePublished":"2022-12-06T09:25:56+00:00","dateModified":"2026-03-02T09:10:47+00:00","breadcrumb":{"@id":"https:\/\/rivet.ee\/en\/toode\/nahavarv-metallik-toonid-25ml\/#breadcrumb"},"inLanguage":"en-US","potentialAction":[{"@type":"ReadAction","target":[["https:\/\/rivet.ee\/en\/toode\/nahavarv-metallik-toonid-25ml\/"]]}]},{"@type":"ImageObject","inLanguage":"en-US","@id":"https:\/\/rivet.ee\/en\/toode\/nahavarv-metallik-toonid-25ml\/#primaryimage","url":"https:\/\/rivet.ee\/wp-content\/uploads\/2022\/12\/supercolor.png","contentUrl":"https:\/\/rivet.ee\/wp-content\/uploads\/2022\/12\/supercolor.png","width":800,"height":800},{"@type":"BreadcrumbList","@id":"https:\/\/rivet.ee\/en\/toode\/nahavarv-metallik-toonid-25ml\/#breadcrumb","itemListElement":[{"@type":"ListItem","position":1,"name":"Home","item":"https:\/\/rivet.ee\/en\/"},{"@type":"ListItem","position":2,"name":"Tooted","item":"https:\/\/rivet.ee\/en\/tooted\/"},{"@type":"ListItem","position":3,"name":"Nahav\u00e4rv metallik toonid 25ml"}]},{"@type":"WebSite","@id":"https:\/\/rivet.ee\/en\/#website","url":"https:\/\/rivet.ee\/en\/","name":"Rivet","description":"","publisher":{"@id":"https:\/\/rivet.ee\/en\/#organization"},"potentialAction":[{"@type":"SearchAction","target":{"@type":"EntryPoint","urlTemplate":"https:\/\/rivet.ee\/en\/?s={search_term_string}"},"query-input":{"@type":"PropertyValueSpecification","valueRequired":true,"valueName":"search_term_string"}}],"inLanguage":"en-US"},{"@type":"Organization","@id":"https:\/\/rivet.ee\/en\/#organization","name":"Rivet","url":"https:\/\/rivet.ee\/en\/","logo":{"@type":"ImageObject","inLanguage":"en-US","@id":"https:\/\/rivet.ee\/en\/#\/schema\/logo\/image\/","url":"https:\/\/rivet.ee\/wp-content\/uploads\/2021\/11\/logo.jpg","contentUrl":"https:\/\/rivet.ee\/wp-content\/uploads\/2021\/11\/logo.jpg","width":397,"height":152,"caption":"Rivet"},"image":{"@id":"https:\/\/rivet.ee\/en\/#\/schema\/logo\/image\/"}}]}},"_links":{"self":[{"href":"https:\/\/rivet.ee\/en\/wp-json\/wp\/v2\/product\/13604","targetHints":{"allow":["GET"]}}],"collection":[{"href":"https:\/\/rivet.ee\/en\/wp-json\/wp\/v2\/product"}],"about":[{"href":"https:\/\/rivet.ee\/en\/wp-json\/wp\/v2\/types\/product"}],"replies":[{"embeddable":true,"href":"https:\/\/rivet.ee\/en\/wp-json\/wp\/v2\/comments?post=13604"}],"wp:featuredmedia":[{"embeddable":true,"href":"https:\/\/rivet.ee\/en\/wp-json\/wp\/v2\/media\/13619"}],"wp:attachment":[{"href":"https:\/\/rivet.ee\/en\/wp-json\/wp\/v2\/media?parent=13604"}],"wp:term":[{"taxonomy":"product_brand","embeddable":true,"href":"https:\/\/rivet.ee\/en\/wp-json\/wp\/v2\/product_brand?post=13604"},{"taxonomy":"product_cat","embeddable":true,"href":"https:\/\/rivet.ee\/en\/wp-json\/wp\/v2\/product_cat?post=13604"},{"taxonomy":"product_tag","embeddable":true,"href":"https:\/\/rivet.ee\/en\/wp-json\/wp\/v2\/product_tag?post=13604"}],"curies":[{"name":"wp","href":"https:\/\/api.w.org\/{rel}","templated":true}]}}