{"id":15477,"date":"2023-10-31T16:07:38","date_gmt":"2023-10-31T14:07:38","guid":{"rendered":"https:\/\/rivet.ee\/?post_type=product&#038;p=15477"},"modified":"2023-10-31T16:12:49","modified_gmt":"2023-10-31T14:12:49","slug":"kruvineet-6mm-mustriga-must-nikkel","status":"publish","type":"product","link":"https:\/\/rivet.ee\/en\/toode\/kruvineet-6mm-mustriga-must-nikkel\/","title":{"rendered":"Screw rivet 6mm with a pattern black nickel"},"content":{"rendered":"<p>Metallist kruvineet on m\u00f5eldud naha v\u00f5i mis tahes muu materjali \u00fchendamiseks. Koosneb kahest osast needi peast ja sisekeermega kruvi jalast. \u00d5ige pikkusega jalg vali nii, et kruvineet oleks mitte rohkem kui 1-2mm l\u00fchem kui materjali paksus.Kasutatakse tihti p\u00fcksirihma pandla paigaldamisel, sest see lihtsustab pandla vahetamist.<\/p>\n<p>Needi pea l\u00e4bim\u00f5\u00f5t 10mm<\/p>\n","protected":false},"excerpt":{"rendered":"<p>Metallist kruvineet on m\u00f5eldud naha v\u00f5i mis tahes muu materjali \u00fchendamiseks. Koosneb kahest osast needi peast ja sisekeermega kruvi jalast.<\/p>\n","protected":false},"featured_media":15478,"comment_status":"closed","ping_status":"closed","template":"","meta":[],"product_brand":[],"product_cat":[97,108],"product_tag":[],"class_list":{"0":"post-15477","1":"product","2":"type-product","3":"status-publish","4":"has-post-thumbnail","6":"product_cat-needid","7":"product_cat-kruvineedid","9":"first","10":"instock","11":"taxable","12":"shipping-taxable","13":"purchasable","14":"product-type-simple"},"yoast_head":"<!-- This site is optimized with the Yoast SEO plugin v27.4 - https:\/\/yoast.com\/product\/yoast-seo-wordpress\/ -->\n<title>Screw rivet 6mm with a pattern black nickel | Rivet<\/title>\n<meta name=\"robots\" content=\"index, follow, max-snippet:-1, max-image-preview:large, max-video-preview:-1\" \/>\n<link rel=\"canonical\" href=\"https:\/\/rivet.ee\/en\/toode\/kruvineet-6mm-mustriga-must-nikkel\/\" \/>\n<meta property=\"og:locale\" content=\"en_US\" \/>\n<meta property=\"og:type\" content=\"article\" \/>\n<meta property=\"og:title\" content=\"Screw rivet 6mm with a pattern black nickel | Rivet\" \/>\n<meta property=\"og:description\" content=\"Metallist kruvineet on m\u00f5eldud naha v\u00f5i mis tahes muu materjali \u00fchendamiseks. Koosneb kahest osast needi peast ja sisekeermega kruvi jalast.\" \/>\n<meta property=\"og:url\" content=\"https:\/\/rivet.ee\/en\/toode\/kruvineet-6mm-mustriga-must-nikkel\/\" \/>\n<meta property=\"og:site_name\" content=\"Rivet\" \/>\n<meta property=\"article:modified_time\" content=\"2023-10-31T14:12:49+00:00\" \/>\n<meta property=\"og:image\" content=\"https:\/\/rivet.ee\/wp-content\/uploads\/2023\/10\/5306.jpg\" \/>\n\t<meta property=\"og:image:width\" content=\"900\" \/>\n\t<meta property=\"og:image:height\" content=\"900\" \/>\n\t<meta property=\"og:image:type\" content=\"image\/jpeg\" \/>\n<meta name=\"twitter:card\" content=\"summary_large_image\" \/>\n<meta name=\"twitter:label1\" content=\"Est. reading time\" \/>\n\t<meta name=\"twitter:data1\" content=\"1 minute\" \/>\n<script type=\"application\/ld+json\" class=\"yoast-schema-graph\">{\"@context\":\"https:\\\/\\\/schema.org\",\"@graph\":[{\"@type\":\"WebPage\",\"@id\":\"https:\\\/\\\/rivet.ee\\\/en\\\/toode\\\/kruvineet-6mm-mustriga-must-nikkel\\\/\",\"url\":\"https:\\\/\\\/rivet.ee\\\/en\\\/toode\\\/kruvineet-6mm-mustriga-must-nikkel\\\/\",\"name\":\"Screw rivet 6mm with a pattern black nickel | Rivet\",\"isPartOf\":{\"@id\":\"https:\\\/\\\/rivet.ee\\\/en\\\/#website\"},\"primaryImageOfPage\":{\"@id\":\"https:\\\/\\\/rivet.ee\\\/en\\\/toode\\\/kruvineet-6mm-mustriga-must-nikkel\\\/#primaryimage\"},\"image\":{\"@id\":\"https:\\\/\\\/rivet.ee\\\/toode\\\/kruvineet-6mm-mustriga-must-nikkel\\\/#primaryimage\"},\"thumbnailUrl\":\"https:\\\/\\\/rivet.ee\\\/wp-content\\\/uploads\\\/2023\\\/10\\\/5306.jpg\",\"datePublished\":\"2023-10-31T14:07:38+00:00\",\"dateModified\":\"2023-10-31T14:12:49+00:00\",\"breadcrumb\":{\"@id\":\"https:\\\/\\\/rivet.ee\\\/en\\\/toode\\\/kruvineet-6mm-mustriga-must-nikkel\\\/#breadcrumb\"},\"inLanguage\":\"en-US\",\"potentialAction\":[{\"@type\":\"ReadAction\",\"target\":[[\"https:\\\/\\\/rivet.ee\\\/en\\\/toode\\\/kruvineet-6mm-mustriga-must-nikkel\\\/\"]]}]},{\"@type\":\"ImageObject\",\"inLanguage\":\"en-US\",\"@id\":\"https:\\\/\\\/rivet.ee\\\/en\\\/toode\\\/kruvineet-6mm-mustriga-must-nikkel\\\/#primaryimage\",\"url\":\"https:\\\/\\\/rivet.ee\\\/wp-content\\\/uploads\\\/2023\\\/10\\\/5306.jpg\",\"contentUrl\":\"https:\\\/\\\/rivet.ee\\\/wp-content\\\/uploads\\\/2023\\\/10\\\/5306.jpg\",\"width\":900,\"height\":900},{\"@type\":\"BreadcrumbList\",\"@id\":\"https:\\\/\\\/rivet.ee\\\/en\\\/toode\\\/kruvineet-6mm-mustriga-must-nikkel\\\/#breadcrumb\",\"itemListElement\":[{\"@type\":\"ListItem\",\"position\":1,\"name\":\"Home\",\"item\":\"https:\\\/\\\/rivet.ee\\\/en\\\/\"},{\"@type\":\"ListItem\",\"position\":2,\"name\":\"Tooted\",\"item\":\"https:\\\/\\\/rivet.ee\\\/en\\\/tooted\\\/\"},{\"@type\":\"ListItem\",\"position\":3,\"name\":\"Kruvineet 6mm mustriga must nikkel\"}]},{\"@type\":\"WebSite\",\"@id\":\"https:\\\/\\\/rivet.ee\\\/en\\\/#website\",\"url\":\"https:\\\/\\\/rivet.ee\\\/en\\\/\",\"name\":\"Rivet\",\"description\":\"\",\"publisher\":{\"@id\":\"https:\\\/\\\/rivet.ee\\\/en\\\/#organization\"},\"potentialAction\":[{\"@type\":\"SearchAction\",\"target\":{\"@type\":\"EntryPoint\",\"urlTemplate\":\"https:\\\/\\\/rivet.ee\\\/en\\\/?s={search_term_string}\"},\"query-input\":{\"@type\":\"PropertyValueSpecification\",\"valueRequired\":true,\"valueName\":\"search_term_string\"}}],\"inLanguage\":\"en-US\"},{\"@type\":\"Organization\",\"@id\":\"https:\\\/\\\/rivet.ee\\\/en\\\/#organization\",\"name\":\"Rivet\",\"url\":\"https:\\\/\\\/rivet.ee\\\/en\\\/\",\"logo\":{\"@type\":\"ImageObject\",\"inLanguage\":\"en-US\",\"@id\":\"https:\\\/\\\/rivet.ee\\\/en\\\/#\\\/schema\\\/logo\\\/image\\\/\",\"url\":\"https:\\\/\\\/rivet.ee\\\/wp-content\\\/uploads\\\/2021\\\/11\\\/logo.jpg\",\"contentUrl\":\"https:\\\/\\\/rivet.ee\\\/wp-content\\\/uploads\\\/2021\\\/11\\\/logo.jpg\",\"width\":397,\"height\":152,\"caption\":\"Rivet\"},\"image\":{\"@id\":\"https:\\\/\\\/rivet.ee\\\/en\\\/#\\\/schema\\\/logo\\\/image\\\/\"}}]}<\/script>\n<!-- \/ Yoast SEO plugin. -->","yoast_head_json":{"title":"Screw rivet 6mm with a pattern black nickel | Rivet","robots":{"index":"index","follow":"follow","max-snippet":"max-snippet:-1","max-image-preview":"max-image-preview:large","max-video-preview":"max-video-preview:-1"},"canonical":"https:\/\/rivet.ee\/en\/toode\/kruvineet-6mm-mustriga-must-nikkel\/","og_locale":"en_US","og_type":"article","og_title":"Screw rivet 6mm with a pattern black nickel | Rivet","og_description":"Metallist kruvineet on m\u00f5eldud naha v\u00f5i mis tahes muu materjali \u00fchendamiseks. Koosneb kahest osast needi peast ja sisekeermega kruvi jalast.","og_url":"https:\/\/rivet.ee\/en\/toode\/kruvineet-6mm-mustriga-must-nikkel\/","og_site_name":"Rivet","article_modified_time":"2023-10-31T14:12:49+00:00","og_image":[{"width":900,"height":900,"url":"https:\/\/rivet.ee\/wp-content\/uploads\/2023\/10\/5306.jpg","type":"image\/jpeg"}],"twitter_card":"summary_large_image","twitter_misc":{"Est. reading time":"1 minute"},"schema":{"@context":"https:\/\/schema.org","@graph":[{"@type":"WebPage","@id":"https:\/\/rivet.ee\/en\/toode\/kruvineet-6mm-mustriga-must-nikkel\/","url":"https:\/\/rivet.ee\/en\/toode\/kruvineet-6mm-mustriga-must-nikkel\/","name":"Screw rivet 6mm with a pattern black nickel | Rivet","isPartOf":{"@id":"https:\/\/rivet.ee\/en\/#website"},"primaryImageOfPage":{"@id":"https:\/\/rivet.ee\/en\/toode\/kruvineet-6mm-mustriga-must-nikkel\/#primaryimage"},"image":{"@id":"https:\/\/rivet.ee\/toode\/kruvineet-6mm-mustriga-must-nikkel\/#primaryimage"},"thumbnailUrl":"https:\/\/rivet.ee\/wp-content\/uploads\/2023\/10\/5306.jpg","datePublished":"2023-10-31T14:07:38+00:00","dateModified":"2023-10-31T14:12:49+00:00","breadcrumb":{"@id":"https:\/\/rivet.ee\/en\/toode\/kruvineet-6mm-mustriga-must-nikkel\/#breadcrumb"},"inLanguage":"en-US","potentialAction":[{"@type":"ReadAction","target":[["https:\/\/rivet.ee\/en\/toode\/kruvineet-6mm-mustriga-must-nikkel\/"]]}]},{"@type":"ImageObject","inLanguage":"en-US","@id":"https:\/\/rivet.ee\/en\/toode\/kruvineet-6mm-mustriga-must-nikkel\/#primaryimage","url":"https:\/\/rivet.ee\/wp-content\/uploads\/2023\/10\/5306.jpg","contentUrl":"https:\/\/rivet.ee\/wp-content\/uploads\/2023\/10\/5306.jpg","width":900,"height":900},{"@type":"BreadcrumbList","@id":"https:\/\/rivet.ee\/en\/toode\/kruvineet-6mm-mustriga-must-nikkel\/#breadcrumb","itemListElement":[{"@type":"ListItem","position":1,"name":"Home","item":"https:\/\/rivet.ee\/en\/"},{"@type":"ListItem","position":2,"name":"Tooted","item":"https:\/\/rivet.ee\/en\/tooted\/"},{"@type":"ListItem","position":3,"name":"Kruvineet 6mm mustriga must nikkel"}]},{"@type":"WebSite","@id":"https:\/\/rivet.ee\/en\/#website","url":"https:\/\/rivet.ee\/en\/","name":"Rivet","description":"","publisher":{"@id":"https:\/\/rivet.ee\/en\/#organization"},"potentialAction":[{"@type":"SearchAction","target":{"@type":"EntryPoint","urlTemplate":"https:\/\/rivet.ee\/en\/?s={search_term_string}"},"query-input":{"@type":"PropertyValueSpecification","valueRequired":true,"valueName":"search_term_string"}}],"inLanguage":"en-US"},{"@type":"Organization","@id":"https:\/\/rivet.ee\/en\/#organization","name":"Rivet","url":"https:\/\/rivet.ee\/en\/","logo":{"@type":"ImageObject","inLanguage":"en-US","@id":"https:\/\/rivet.ee\/en\/#\/schema\/logo\/image\/","url":"https:\/\/rivet.ee\/wp-content\/uploads\/2021\/11\/logo.jpg","contentUrl":"https:\/\/rivet.ee\/wp-content\/uploads\/2021\/11\/logo.jpg","width":397,"height":152,"caption":"Rivet"},"image":{"@id":"https:\/\/rivet.ee\/en\/#\/schema\/logo\/image\/"}}]}},"_links":{"self":[{"href":"https:\/\/rivet.ee\/en\/wp-json\/wp\/v2\/product\/15477","targetHints":{"allow":["GET"]}}],"collection":[{"href":"https:\/\/rivet.ee\/en\/wp-json\/wp\/v2\/product"}],"about":[{"href":"https:\/\/rivet.ee\/en\/wp-json\/wp\/v2\/types\/product"}],"replies":[{"embeddable":true,"href":"https:\/\/rivet.ee\/en\/wp-json\/wp\/v2\/comments?post=15477"}],"wp:featuredmedia":[{"embeddable":true,"href":"https:\/\/rivet.ee\/en\/wp-json\/wp\/v2\/media\/15478"}],"wp:attachment":[{"href":"https:\/\/rivet.ee\/en\/wp-json\/wp\/v2\/media?parent=15477"}],"wp:term":[{"taxonomy":"product_brand","embeddable":true,"href":"https:\/\/rivet.ee\/en\/wp-json\/wp\/v2\/product_brand?post=15477"},{"taxonomy":"product_cat","embeddable":true,"href":"https:\/\/rivet.ee\/en\/wp-json\/wp\/v2\/product_cat?post=15477"},{"taxonomy":"product_tag","embeddable":true,"href":"https:\/\/rivet.ee\/en\/wp-json\/wp\/v2\/product_tag?post=15477"}],"curies":[{"name":"wp","href":"https:\/\/api.w.org\/{rel}","templated":true}]}}