{"id":16206,"date":"2024-02-13T12:09:22","date_gmt":"2024-02-13T10:09:22","guid":{"rendered":"https:\/\/rivet.ee\/?post_type=product&#038;p=16206"},"modified":"2024-09-12T11:34:08","modified_gmt":"2024-09-12T08:34:08","slug":"nahavarv-125ml-38-navy","status":"publish","type":"product","link":"https:\/\/rivet.ee\/en\/toode\/nahavarv-125ml-38-navy\/","title":{"rendered":"Leather color 125ml 38 navy"},"content":{"rendered":"<p>Leather Dye nahav\u00e4rv 125ml<\/p>\n<p>V\u00e4rv on naha ja tekstiilmaterjalide v\u00e4rvimiseks.<\/p>\n<p>See ei tekita kattekihti, vaid imendub sisse.<\/p>\n<p>&nbsp;<\/p>\n<p>Kuidas kasutada:<\/p>\n<p>1. kontrolli v\u00e4rvi efektiivsust k\u00f5ige v\u00e4hem n\u00e4htavas kohas<\/p>\n<p>2. puhasta pind<\/p>\n<p>3. loksutage\/segage toodet<\/p>\n<p>4. kanda \u00fchtlaselt svammiga pinnale (olenevalt pinna seisukorrast v\u00f5ib osutuda vajalikuks kanda ka teine \u200b\u200bkiht, teine \u200b\u200bkiht kanda kuivale pinnale)<\/p>\n<p>5. oodake, kuni pind kuivab<\/p>\n","protected":false},"excerpt":{"rendered":"<p>Leather Dye nahav\u00e4rv 125ml V\u00e4rv on naha ja tekstiilmaterjalide v\u00e4rvimiseks. See ei tekita kattekihti, vaid imendub sisse. &nbsp; Kuidas kasutada:<\/p>\n","protected":false},"featured_media":16201,"comment_status":"closed","ping_status":"closed","template":"","meta":[],"product_brand":[],"product_cat":[201],"product_tag":[],"class_list":{"0":"post-16206","1":"product","2":"type-product","3":"status-publish","4":"has-post-thumbnail","6":"product_cat-varvid","8":"first","9":"instock","10":"taxable","11":"shipping-taxable","12":"purchasable","13":"product-type-simple"},"yoast_head":"<!-- This site is optimized with the Yoast SEO plugin v27.3 - https:\/\/yoast.com\/product\/yoast-seo-wordpress\/ -->\n<title>Leather color 125ml 38 navy | Rivet<\/title>\n<meta name=\"robots\" content=\"index, follow, max-snippet:-1, max-image-preview:large, max-video-preview:-1\" \/>\n<link rel=\"canonical\" href=\"https:\/\/rivet.ee\/en\/toode\/nahavarv-125ml-38-navy\/\" \/>\n<meta property=\"og:locale\" content=\"en_US\" \/>\n<meta property=\"og:type\" content=\"article\" \/>\n<meta property=\"og:title\" content=\"Leather color 125ml 38 navy | Rivet\" \/>\n<meta property=\"og:description\" content=\"Leather Dye nahav\u00e4rv 125ml V\u00e4rv on naha ja tekstiilmaterjalide v\u00e4rvimiseks. See ei tekita kattekihti, vaid imendub sisse. &nbsp; Kuidas kasutada:\" \/>\n<meta property=\"og:url\" content=\"https:\/\/rivet.ee\/en\/toode\/nahavarv-125ml-38-navy\/\" \/>\n<meta property=\"og:site_name\" content=\"Rivet\" \/>\n<meta property=\"article:modified_time\" content=\"2024-09-12T08:34:08+00:00\" \/>\n<meta property=\"og:image\" content=\"https:\/\/rivet.ee\/wp-content\/uploads\/2024\/02\/5407-38-1.jpg\" \/>\n\t<meta property=\"og:image:width\" content=\"900\" \/>\n\t<meta property=\"og:image:height\" content=\"900\" \/>\n\t<meta property=\"og:image:type\" content=\"image\/jpeg\" \/>\n<meta name=\"twitter:card\" content=\"summary_large_image\" \/>\n<meta name=\"twitter:label1\" content=\"Est. reading time\" \/>\n\t<meta name=\"twitter:data1\" content=\"1 minute\" \/>\n<script type=\"application\/ld+json\" class=\"yoast-schema-graph\">{\"@context\":\"https:\\\/\\\/schema.org\",\"@graph\":[{\"@type\":\"WebPage\",\"@id\":\"https:\\\/\\\/rivet.ee\\\/en\\\/toode\\\/nahavarv-125ml-38-navy\\\/\",\"url\":\"https:\\\/\\\/rivet.ee\\\/en\\\/toode\\\/nahavarv-125ml-38-navy\\\/\",\"name\":\"Leather color 125ml 38 navy | Rivet\",\"isPartOf\":{\"@id\":\"https:\\\/\\\/rivet.ee\\\/en\\\/#website\"},\"primaryImageOfPage\":{\"@id\":\"https:\\\/\\\/rivet.ee\\\/en\\\/toode\\\/nahavarv-125ml-38-navy\\\/#primaryimage\"},\"image\":{\"@id\":\"https:\\\/\\\/rivet.ee\\\/toode\\\/nahavarv-125ml-38-navy\\\/#primaryimage\"},\"thumbnailUrl\":\"https:\\\/\\\/rivet.ee\\\/wp-content\\\/uploads\\\/2024\\\/02\\\/5407-38-1.jpg\",\"datePublished\":\"2024-02-13T10:09:22+00:00\",\"dateModified\":\"2024-09-12T08:34:08+00:00\",\"breadcrumb\":{\"@id\":\"https:\\\/\\\/rivet.ee\\\/en\\\/toode\\\/nahavarv-125ml-38-navy\\\/#breadcrumb\"},\"inLanguage\":\"en-US\",\"potentialAction\":[{\"@type\":\"ReadAction\",\"target\":[[\"https:\\\/\\\/rivet.ee\\\/en\\\/toode\\\/nahavarv-125ml-38-navy\\\/\"]]}]},{\"@type\":\"ImageObject\",\"inLanguage\":\"en-US\",\"@id\":\"https:\\\/\\\/rivet.ee\\\/en\\\/toode\\\/nahavarv-125ml-38-navy\\\/#primaryimage\",\"url\":\"https:\\\/\\\/rivet.ee\\\/wp-content\\\/uploads\\\/2024\\\/02\\\/5407-38-1.jpg\",\"contentUrl\":\"https:\\\/\\\/rivet.ee\\\/wp-content\\\/uploads\\\/2024\\\/02\\\/5407-38-1.jpg\",\"width\":900,\"height\":900},{\"@type\":\"BreadcrumbList\",\"@id\":\"https:\\\/\\\/rivet.ee\\\/en\\\/toode\\\/nahavarv-125ml-38-navy\\\/#breadcrumb\",\"itemListElement\":[{\"@type\":\"ListItem\",\"position\":1,\"name\":\"Home\",\"item\":\"https:\\\/\\\/rivet.ee\\\/en\\\/\"},{\"@type\":\"ListItem\",\"position\":2,\"name\":\"Tooted\",\"item\":\"https:\\\/\\\/rivet.ee\\\/en\\\/tooted\\\/\"},{\"@type\":\"ListItem\",\"position\":3,\"name\":\"Nahav\u00e4rv 125ml 38 navy\"}]},{\"@type\":\"WebSite\",\"@id\":\"https:\\\/\\\/rivet.ee\\\/en\\\/#website\",\"url\":\"https:\\\/\\\/rivet.ee\\\/en\\\/\",\"name\":\"Rivet\",\"description\":\"\",\"publisher\":{\"@id\":\"https:\\\/\\\/rivet.ee\\\/en\\\/#organization\"},\"potentialAction\":[{\"@type\":\"SearchAction\",\"target\":{\"@type\":\"EntryPoint\",\"urlTemplate\":\"https:\\\/\\\/rivet.ee\\\/en\\\/?s={search_term_string}\"},\"query-input\":{\"@type\":\"PropertyValueSpecification\",\"valueRequired\":true,\"valueName\":\"search_term_string\"}}],\"inLanguage\":\"en-US\"},{\"@type\":\"Organization\",\"@id\":\"https:\\\/\\\/rivet.ee\\\/en\\\/#organization\",\"name\":\"Rivet\",\"url\":\"https:\\\/\\\/rivet.ee\\\/en\\\/\",\"logo\":{\"@type\":\"ImageObject\",\"inLanguage\":\"en-US\",\"@id\":\"https:\\\/\\\/rivet.ee\\\/en\\\/#\\\/schema\\\/logo\\\/image\\\/\",\"url\":\"https:\\\/\\\/rivet.ee\\\/wp-content\\\/uploads\\\/2021\\\/11\\\/logo.jpg\",\"contentUrl\":\"https:\\\/\\\/rivet.ee\\\/wp-content\\\/uploads\\\/2021\\\/11\\\/logo.jpg\",\"width\":397,\"height\":152,\"caption\":\"Rivet\"},\"image\":{\"@id\":\"https:\\\/\\\/rivet.ee\\\/en\\\/#\\\/schema\\\/logo\\\/image\\\/\"}}]}<\/script>\n<!-- \/ Yoast SEO plugin. -->","yoast_head_json":{"title":"Leather color 125ml 38 navy | Rivet","robots":{"index":"index","follow":"follow","max-snippet":"max-snippet:-1","max-image-preview":"max-image-preview:large","max-video-preview":"max-video-preview:-1"},"canonical":"https:\/\/rivet.ee\/en\/toode\/nahavarv-125ml-38-navy\/","og_locale":"en_US","og_type":"article","og_title":"Leather color 125ml 38 navy | Rivet","og_description":"Leather Dye nahav\u00e4rv 125ml V\u00e4rv on naha ja tekstiilmaterjalide v\u00e4rvimiseks. See ei tekita kattekihti, vaid imendub sisse. &nbsp; Kuidas kasutada:","og_url":"https:\/\/rivet.ee\/en\/toode\/nahavarv-125ml-38-navy\/","og_site_name":"Rivet","article_modified_time":"2024-09-12T08:34:08+00:00","og_image":[{"width":900,"height":900,"url":"https:\/\/rivet.ee\/wp-content\/uploads\/2024\/02\/5407-38-1.jpg","type":"image\/jpeg"}],"twitter_card":"summary_large_image","twitter_misc":{"Est. reading time":"1 minute"},"schema":{"@context":"https:\/\/schema.org","@graph":[{"@type":"WebPage","@id":"https:\/\/rivet.ee\/en\/toode\/nahavarv-125ml-38-navy\/","url":"https:\/\/rivet.ee\/en\/toode\/nahavarv-125ml-38-navy\/","name":"Leather color 125ml 38 navy | Rivet","isPartOf":{"@id":"https:\/\/rivet.ee\/en\/#website"},"primaryImageOfPage":{"@id":"https:\/\/rivet.ee\/en\/toode\/nahavarv-125ml-38-navy\/#primaryimage"},"image":{"@id":"https:\/\/rivet.ee\/toode\/nahavarv-125ml-38-navy\/#primaryimage"},"thumbnailUrl":"https:\/\/rivet.ee\/wp-content\/uploads\/2024\/02\/5407-38-1.jpg","datePublished":"2024-02-13T10:09:22+00:00","dateModified":"2024-09-12T08:34:08+00:00","breadcrumb":{"@id":"https:\/\/rivet.ee\/en\/toode\/nahavarv-125ml-38-navy\/#breadcrumb"},"inLanguage":"en-US","potentialAction":[{"@type":"ReadAction","target":[["https:\/\/rivet.ee\/en\/toode\/nahavarv-125ml-38-navy\/"]]}]},{"@type":"ImageObject","inLanguage":"en-US","@id":"https:\/\/rivet.ee\/en\/toode\/nahavarv-125ml-38-navy\/#primaryimage","url":"https:\/\/rivet.ee\/wp-content\/uploads\/2024\/02\/5407-38-1.jpg","contentUrl":"https:\/\/rivet.ee\/wp-content\/uploads\/2024\/02\/5407-38-1.jpg","width":900,"height":900},{"@type":"BreadcrumbList","@id":"https:\/\/rivet.ee\/en\/toode\/nahavarv-125ml-38-navy\/#breadcrumb","itemListElement":[{"@type":"ListItem","position":1,"name":"Home","item":"https:\/\/rivet.ee\/en\/"},{"@type":"ListItem","position":2,"name":"Tooted","item":"https:\/\/rivet.ee\/en\/tooted\/"},{"@type":"ListItem","position":3,"name":"Nahav\u00e4rv 125ml 38 navy"}]},{"@type":"WebSite","@id":"https:\/\/rivet.ee\/en\/#website","url":"https:\/\/rivet.ee\/en\/","name":"Rivet","description":"","publisher":{"@id":"https:\/\/rivet.ee\/en\/#organization"},"potentialAction":[{"@type":"SearchAction","target":{"@type":"EntryPoint","urlTemplate":"https:\/\/rivet.ee\/en\/?s={search_term_string}"},"query-input":{"@type":"PropertyValueSpecification","valueRequired":true,"valueName":"search_term_string"}}],"inLanguage":"en-US"},{"@type":"Organization","@id":"https:\/\/rivet.ee\/en\/#organization","name":"Rivet","url":"https:\/\/rivet.ee\/en\/","logo":{"@type":"ImageObject","inLanguage":"en-US","@id":"https:\/\/rivet.ee\/en\/#\/schema\/logo\/image\/","url":"https:\/\/rivet.ee\/wp-content\/uploads\/2021\/11\/logo.jpg","contentUrl":"https:\/\/rivet.ee\/wp-content\/uploads\/2021\/11\/logo.jpg","width":397,"height":152,"caption":"Rivet"},"image":{"@id":"https:\/\/rivet.ee\/en\/#\/schema\/logo\/image\/"}}]}},"_links":{"self":[{"href":"https:\/\/rivet.ee\/en\/wp-json\/wp\/v2\/product\/16206","targetHints":{"allow":["GET"]}}],"collection":[{"href":"https:\/\/rivet.ee\/en\/wp-json\/wp\/v2\/product"}],"about":[{"href":"https:\/\/rivet.ee\/en\/wp-json\/wp\/v2\/types\/product"}],"replies":[{"embeddable":true,"href":"https:\/\/rivet.ee\/en\/wp-json\/wp\/v2\/comments?post=16206"}],"wp:featuredmedia":[{"embeddable":true,"href":"https:\/\/rivet.ee\/en\/wp-json\/wp\/v2\/media\/16201"}],"wp:attachment":[{"href":"https:\/\/rivet.ee\/en\/wp-json\/wp\/v2\/media?parent=16206"}],"wp:term":[{"taxonomy":"product_brand","embeddable":true,"href":"https:\/\/rivet.ee\/en\/wp-json\/wp\/v2\/product_brand?post=16206"},{"taxonomy":"product_cat","embeddable":true,"href":"https:\/\/rivet.ee\/en\/wp-json\/wp\/v2\/product_cat?post=16206"},{"taxonomy":"product_tag","embeddable":true,"href":"https:\/\/rivet.ee\/en\/wp-json\/wp\/v2\/product_tag?post=16206"}],"curies":[{"name":"wp","href":"https:\/\/api.w.org\/{rel}","templated":true}]}}