{"id":18809,"date":"2025-03-19T09:04:45","date_gmt":"2025-03-19T07:04:45","guid":{"rendered":"https:\/\/rivet.ee\/?post_type=product&#038;p=18809"},"modified":"2026-04-01T09:52:52","modified_gmt":"2026-04-01T06:52:52","slug":"rasvapalsam-nahale150ml","status":"publish","type":"product","link":"https:\/\/rivet.ee\/en\/toode\/rasvapalsam-nahale150ml\/","title":{"rendered":"Leather fat 150ml"},"content":{"rendered":"<p>Looduslikest rasvadest kaitsepreparaat.\u00a0 Nahktoodete immutamiseks piisab vaid v\u00e4ikesest kogusest. T\u00f6\u00f6delda saab nahast autoistmeid, nahast mootorratta\u00fclikondi, mantleid, sadulaid, s\u00f5iduvarustust, nahkk\u00fcbaraid, jalan\u00f5usid, kotte, matkavarustust.<\/p>\n<p>Puhastage ese ja laske kuivada.<\/p>\n<p>Seej\u00e4rel m\u00e4\u00e4rige m\u00e4\u00e4re ettevaatlikult laiali.<\/p>\n<p>Laske kuivada ja poleerige poleerimiskindaga.<\/p>\n<p>&nbsp;<\/p>\n","protected":false},"excerpt":{"rendered":"<p>Looduslikest rasvadest kaitsepreparaat.\u00a0 Nahktoodete immutamiseks piisab vaid v\u00e4ikesest kogusest. T\u00f6\u00f6delda saab nahast autoistmeid, nahast mootorratta\u00fclikondi, mantleid, sadulaid, s\u00f5iduvarustust, nahkk\u00fcbaraid, jalan\u00f5usid,<\/p>\n","protected":false},"featured_media":18812,"comment_status":"closed","ping_status":"closed","template":"","meta":[],"product_brand":[],"product_cat":[200],"product_tag":[],"class_list":{"0":"post-18809","1":"product","2":"type-product","3":"status-publish","4":"has-post-thumbnail","6":"product_cat-olid-vahad","8":"first","9":"outofstock","10":"taxable","11":"shipping-taxable","12":"purchasable","13":"product-type-simple"},"yoast_head":"<!-- This site is optimized with the Yoast SEO plugin v27.3 - https:\/\/yoast.com\/product\/yoast-seo-wordpress\/ -->\n<title>Leather fat 150ml | Rivet<\/title>\n<meta name=\"robots\" content=\"index, follow, max-snippet:-1, max-image-preview:large, max-video-preview:-1\" \/>\n<link rel=\"canonical\" href=\"https:\/\/rivet.ee\/en\/toode\/rasvapalsam-nahale150ml\/\" \/>\n<meta property=\"og:locale\" content=\"en_US\" \/>\n<meta property=\"og:type\" content=\"article\" \/>\n<meta property=\"og:title\" content=\"Leather fat 150ml | Rivet\" \/>\n<meta property=\"og:description\" content=\"Looduslikest rasvadest kaitsepreparaat.\u00a0 Nahktoodete immutamiseks piisab vaid v\u00e4ikesest kogusest. T\u00f6\u00f6delda saab nahast autoistmeid, nahast mootorratta\u00fclikondi, mantleid, sadulaid, s\u00f5iduvarustust, nahkk\u00fcbaraid, jalan\u00f5usid,\" \/>\n<meta property=\"og:url\" content=\"https:\/\/rivet.ee\/en\/toode\/rasvapalsam-nahale150ml\/\" \/>\n<meta property=\"og:site_name\" content=\"Rivet\" \/>\n<meta property=\"article:modified_time\" content=\"2026-04-01T06:52:52+00:00\" \/>\n<meta property=\"og:image\" content=\"https:\/\/rivet.ee\/wp-content\/uploads\/2025\/03\/coccine-leather-fat-1.jpg\" \/>\n\t<meta property=\"og:image:width\" content=\"900\" \/>\n\t<meta property=\"og:image:height\" content=\"900\" \/>\n\t<meta property=\"og:image:type\" content=\"image\/jpeg\" \/>\n<meta name=\"twitter:card\" content=\"summary_large_image\" \/>\n<meta name=\"twitter:label1\" content=\"Est. reading time\" \/>\n\t<meta name=\"twitter:data1\" content=\"1 minute\" \/>\n<script type=\"application\/ld+json\" class=\"yoast-schema-graph\">{\"@context\":\"https:\\\/\\\/schema.org\",\"@graph\":[{\"@type\":\"WebPage\",\"@id\":\"https:\\\/\\\/rivet.ee\\\/en\\\/toode\\\/rasvapalsam-nahale150ml\\\/\",\"url\":\"https:\\\/\\\/rivet.ee\\\/en\\\/toode\\\/rasvapalsam-nahale150ml\\\/\",\"name\":\"Leather fat 150ml | Rivet\",\"isPartOf\":{\"@id\":\"https:\\\/\\\/rivet.ee\\\/en\\\/#website\"},\"primaryImageOfPage\":{\"@id\":\"https:\\\/\\\/rivet.ee\\\/en\\\/toode\\\/rasvapalsam-nahale150ml\\\/#primaryimage\"},\"image\":{\"@id\":\"https:\\\/\\\/rivet.ee\\\/toode\\\/rasvapalsam-nahale150ml\\\/#primaryimage\"},\"thumbnailUrl\":\"https:\\\/\\\/rivet.ee\\\/wp-content\\\/uploads\\\/2025\\\/03\\\/coccine-leather-fat-1.jpg\",\"datePublished\":\"2025-03-19T07:04:45+00:00\",\"dateModified\":\"2026-04-01T06:52:52+00:00\",\"breadcrumb\":{\"@id\":\"https:\\\/\\\/rivet.ee\\\/en\\\/toode\\\/rasvapalsam-nahale150ml\\\/#breadcrumb\"},\"inLanguage\":\"en-US\",\"potentialAction\":[{\"@type\":\"ReadAction\",\"target\":[[\"https:\\\/\\\/rivet.ee\\\/en\\\/toode\\\/rasvapalsam-nahale150ml\\\/\"]]}]},{\"@type\":\"ImageObject\",\"inLanguage\":\"en-US\",\"@id\":\"https:\\\/\\\/rivet.ee\\\/en\\\/toode\\\/rasvapalsam-nahale150ml\\\/#primaryimage\",\"url\":\"https:\\\/\\\/rivet.ee\\\/wp-content\\\/uploads\\\/2025\\\/03\\\/coccine-leather-fat-1.jpg\",\"contentUrl\":\"https:\\\/\\\/rivet.ee\\\/wp-content\\\/uploads\\\/2025\\\/03\\\/coccine-leather-fat-1.jpg\",\"width\":900,\"height\":900},{\"@type\":\"BreadcrumbList\",\"@id\":\"https:\\\/\\\/rivet.ee\\\/en\\\/toode\\\/rasvapalsam-nahale150ml\\\/#breadcrumb\",\"itemListElement\":[{\"@type\":\"ListItem\",\"position\":1,\"name\":\"Home\",\"item\":\"https:\\\/\\\/rivet.ee\\\/en\\\/\"},{\"@type\":\"ListItem\",\"position\":2,\"name\":\"Tooted\",\"item\":\"https:\\\/\\\/rivet.ee\\\/en\\\/tooted\\\/\"},{\"@type\":\"ListItem\",\"position\":3,\"name\":\"Rasvapalsam nahale150ml\"}]},{\"@type\":\"WebSite\",\"@id\":\"https:\\\/\\\/rivet.ee\\\/en\\\/#website\",\"url\":\"https:\\\/\\\/rivet.ee\\\/en\\\/\",\"name\":\"Rivet\",\"description\":\"\",\"publisher\":{\"@id\":\"https:\\\/\\\/rivet.ee\\\/en\\\/#organization\"},\"potentialAction\":[{\"@type\":\"SearchAction\",\"target\":{\"@type\":\"EntryPoint\",\"urlTemplate\":\"https:\\\/\\\/rivet.ee\\\/en\\\/?s={search_term_string}\"},\"query-input\":{\"@type\":\"PropertyValueSpecification\",\"valueRequired\":true,\"valueName\":\"search_term_string\"}}],\"inLanguage\":\"en-US\"},{\"@type\":\"Organization\",\"@id\":\"https:\\\/\\\/rivet.ee\\\/en\\\/#organization\",\"name\":\"Rivet\",\"url\":\"https:\\\/\\\/rivet.ee\\\/en\\\/\",\"logo\":{\"@type\":\"ImageObject\",\"inLanguage\":\"en-US\",\"@id\":\"https:\\\/\\\/rivet.ee\\\/en\\\/#\\\/schema\\\/logo\\\/image\\\/\",\"url\":\"https:\\\/\\\/rivet.ee\\\/wp-content\\\/uploads\\\/2021\\\/11\\\/logo.jpg\",\"contentUrl\":\"https:\\\/\\\/rivet.ee\\\/wp-content\\\/uploads\\\/2021\\\/11\\\/logo.jpg\",\"width\":397,\"height\":152,\"caption\":\"Rivet\"},\"image\":{\"@id\":\"https:\\\/\\\/rivet.ee\\\/en\\\/#\\\/schema\\\/logo\\\/image\\\/\"}}]}<\/script>\n<!-- \/ Yoast SEO plugin. -->","yoast_head_json":{"title":"Leather fat 150ml | Rivet","robots":{"index":"index","follow":"follow","max-snippet":"max-snippet:-1","max-image-preview":"max-image-preview:large","max-video-preview":"max-video-preview:-1"},"canonical":"https:\/\/rivet.ee\/en\/toode\/rasvapalsam-nahale150ml\/","og_locale":"en_US","og_type":"article","og_title":"Leather fat 150ml | Rivet","og_description":"Looduslikest rasvadest kaitsepreparaat.\u00a0 Nahktoodete immutamiseks piisab vaid v\u00e4ikesest kogusest. T\u00f6\u00f6delda saab nahast autoistmeid, nahast mootorratta\u00fclikondi, mantleid, sadulaid, s\u00f5iduvarustust, nahkk\u00fcbaraid, jalan\u00f5usid,","og_url":"https:\/\/rivet.ee\/en\/toode\/rasvapalsam-nahale150ml\/","og_site_name":"Rivet","article_modified_time":"2026-04-01T06:52:52+00:00","og_image":[{"width":900,"height":900,"url":"https:\/\/rivet.ee\/wp-content\/uploads\/2025\/03\/coccine-leather-fat-1.jpg","type":"image\/jpeg"}],"twitter_card":"summary_large_image","twitter_misc":{"Est. reading time":"1 minute"},"schema":{"@context":"https:\/\/schema.org","@graph":[{"@type":"WebPage","@id":"https:\/\/rivet.ee\/en\/toode\/rasvapalsam-nahale150ml\/","url":"https:\/\/rivet.ee\/en\/toode\/rasvapalsam-nahale150ml\/","name":"Leather fat 150ml | Rivet","isPartOf":{"@id":"https:\/\/rivet.ee\/en\/#website"},"primaryImageOfPage":{"@id":"https:\/\/rivet.ee\/en\/toode\/rasvapalsam-nahale150ml\/#primaryimage"},"image":{"@id":"https:\/\/rivet.ee\/toode\/rasvapalsam-nahale150ml\/#primaryimage"},"thumbnailUrl":"https:\/\/rivet.ee\/wp-content\/uploads\/2025\/03\/coccine-leather-fat-1.jpg","datePublished":"2025-03-19T07:04:45+00:00","dateModified":"2026-04-01T06:52:52+00:00","breadcrumb":{"@id":"https:\/\/rivet.ee\/en\/toode\/rasvapalsam-nahale150ml\/#breadcrumb"},"inLanguage":"en-US","potentialAction":[{"@type":"ReadAction","target":[["https:\/\/rivet.ee\/en\/toode\/rasvapalsam-nahale150ml\/"]]}]},{"@type":"ImageObject","inLanguage":"en-US","@id":"https:\/\/rivet.ee\/en\/toode\/rasvapalsam-nahale150ml\/#primaryimage","url":"https:\/\/rivet.ee\/wp-content\/uploads\/2025\/03\/coccine-leather-fat-1.jpg","contentUrl":"https:\/\/rivet.ee\/wp-content\/uploads\/2025\/03\/coccine-leather-fat-1.jpg","width":900,"height":900},{"@type":"BreadcrumbList","@id":"https:\/\/rivet.ee\/en\/toode\/rasvapalsam-nahale150ml\/#breadcrumb","itemListElement":[{"@type":"ListItem","position":1,"name":"Home","item":"https:\/\/rivet.ee\/en\/"},{"@type":"ListItem","position":2,"name":"Tooted","item":"https:\/\/rivet.ee\/en\/tooted\/"},{"@type":"ListItem","position":3,"name":"Rasvapalsam nahale150ml"}]},{"@type":"WebSite","@id":"https:\/\/rivet.ee\/en\/#website","url":"https:\/\/rivet.ee\/en\/","name":"Rivet","description":"","publisher":{"@id":"https:\/\/rivet.ee\/en\/#organization"},"potentialAction":[{"@type":"SearchAction","target":{"@type":"EntryPoint","urlTemplate":"https:\/\/rivet.ee\/en\/?s={search_term_string}"},"query-input":{"@type":"PropertyValueSpecification","valueRequired":true,"valueName":"search_term_string"}}],"inLanguage":"en-US"},{"@type":"Organization","@id":"https:\/\/rivet.ee\/en\/#organization","name":"Rivet","url":"https:\/\/rivet.ee\/en\/","logo":{"@type":"ImageObject","inLanguage":"en-US","@id":"https:\/\/rivet.ee\/en\/#\/schema\/logo\/image\/","url":"https:\/\/rivet.ee\/wp-content\/uploads\/2021\/11\/logo.jpg","contentUrl":"https:\/\/rivet.ee\/wp-content\/uploads\/2021\/11\/logo.jpg","width":397,"height":152,"caption":"Rivet"},"image":{"@id":"https:\/\/rivet.ee\/en\/#\/schema\/logo\/image\/"}}]}},"_links":{"self":[{"href":"https:\/\/rivet.ee\/en\/wp-json\/wp\/v2\/product\/18809","targetHints":{"allow":["GET"]}}],"collection":[{"href":"https:\/\/rivet.ee\/en\/wp-json\/wp\/v2\/product"}],"about":[{"href":"https:\/\/rivet.ee\/en\/wp-json\/wp\/v2\/types\/product"}],"replies":[{"embeddable":true,"href":"https:\/\/rivet.ee\/en\/wp-json\/wp\/v2\/comments?post=18809"}],"wp:featuredmedia":[{"embeddable":true,"href":"https:\/\/rivet.ee\/en\/wp-json\/wp\/v2\/media\/18812"}],"wp:attachment":[{"href":"https:\/\/rivet.ee\/en\/wp-json\/wp\/v2\/media?parent=18809"}],"wp:term":[{"taxonomy":"product_brand","embeddable":true,"href":"https:\/\/rivet.ee\/en\/wp-json\/wp\/v2\/product_brand?post=18809"},{"taxonomy":"product_cat","embeddable":true,"href":"https:\/\/rivet.ee\/en\/wp-json\/wp\/v2\/product_cat?post=18809"},{"taxonomy":"product_tag","embeddable":true,"href":"https:\/\/rivet.ee\/en\/wp-json\/wp\/v2\/product_tag?post=18809"}],"curies":[{"name":"wp","href":"https:\/\/api.w.org\/{rel}","templated":true}]}}