{"id":21322,"date":"2026-03-13T14:01:53","date_gmt":"2026-03-13T12:01:53","guid":{"rendered":"https:\/\/rivet.ee\/?post_type=product&#038;p=21322"},"modified":"2026-03-13T14:58:00","modified_gmt":"2026-03-13T12:58:00","slug":"ouemoobli-kangas-pu-uv-beezikirju-5m","status":"publish","type":"product","link":"https:\/\/rivet.ee\/en\/toode\/ouemoobli-kangas-pu-uv-beezikirju-5m\/","title":{"rendered":"Outdoor fabric PU UV white with patterns 5m"},"content":{"rendered":"<p>100% pol\u00fcesterkangas on vasakult poolt kaetud v\u00e4rvitu pol\u00fcet\u00fcleen kihiga, mis teeb kanga vastupidavaks ilmastikule ja h\u00f5\u00f5rdumisele. Kangas on vastupidav UV-kiirgusele ja sellel on k\u00f5rged veekindlad parameetrid. Kangas ei ima vett ega lase seda l\u00e4bi. Kergesti puhastatav.<\/p>\n<p>Ideaalne \u00f5uem\u00f6\u00f6bli, \u00f5uekardinate, patjade ja grillkatete tegemiseks.<\/p>\n<p>Kaal 235g\/m<sup>2<\/sup><\/p>\n<p>Laius 160cm<\/p>\n<p>Paksus 0,45mm<\/p>\n<div class=\"sectionOfferTableColDesc\">\n<p>Eemaldage plekid ja mustus pehme k\u00e4sna ning vee ja seebi lahusega (temp. 30\u00baC) v\u00f5i pehmete puhastusvahenditega.<\/p>\n<p>M\u00c4RKUS: \u00c4rge puhastage agressiivsete kemikaalidega, mis sisaldavad lahusteid v\u00f5i valgendit.<\/p>\n<p><span style=\"color: #ff0000;\">Tarne kuni 2 n\u00e4dalat!<\/span><\/p>\n<\/div>\n<p>&nbsp;<\/p>","protected":false},"excerpt":{"rendered":"<p>100% pol\u00fcesterkangas on vasakult poolt kaetud v\u00e4rvitu pol\u00fcet\u00fcleen kihiga, mis teeb kanga vastupidavaks ilmastikule ja h\u00f5\u00f5rdumisele. Kangas on vastupidav UV-kiirgusele<\/p>\n","protected":false},"featured_media":21324,"comment_status":"closed","ping_status":"closed","template":"","meta":[],"product_brand":[],"product_cat":[115,118,120],"product_tag":[],"class_list":{"0":"post-21322","1":"product","2":"type-product","3":"status-publish","4":"has-post-thumbnail","6":"product_cat-pu-kattega-kangad","7":"product_cat-poluester-pu-kattega","8":"product_cat-markiisikangas","10":"first","11":"onbackorder","12":"taxable","13":"shipping-taxable","14":"purchasable","15":"product-type-simple"},"yoast_head":"<!-- This site is optimized with the Yoast SEO plugin v27.3 - https:\/\/yoast.com\/product\/yoast-seo-wordpress\/ -->\n<title>Outdoor fabric PU UV white with patterns 5m | Rivet<\/title>\n<meta name=\"robots\" content=\"index, follow, max-snippet:-1, max-image-preview:large, max-video-preview:-1\" \/>\n<link rel=\"canonical\" href=\"https:\/\/rivet.ee\/en\/toode\/ouemoobli-kangas-pu-uv-beezikirju-5m\/\" \/>\n<meta property=\"og:locale\" content=\"en_US\" \/>\n<meta property=\"og:type\" content=\"article\" \/>\n<meta property=\"og:title\" content=\"Outdoor fabric PU UV white with patterns 5m | Rivet\" \/>\n<meta property=\"og:description\" content=\"100% pol\u00fcesterkangas on vasakult poolt kaetud v\u00e4rvitu pol\u00fcet\u00fcleen kihiga, mis teeb kanga vastupidavaks ilmastikule ja h\u00f5\u00f5rdumisele. Kangas on vastupidav UV-kiirgusele\" \/>\n<meta property=\"og:url\" content=\"https:\/\/rivet.ee\/en\/toode\/ouemoobli-kangas-pu-uv-beezikirju-5m\/\" \/>\n<meta property=\"og:site_name\" content=\"Rivet\" \/>\n<meta property=\"article:modified_time\" content=\"2026-03-13T12:58:00+00:00\" \/>\n<meta property=\"og:image\" content=\"https:\/\/rivet.ee\/wp-content\/uploads\/2026\/03\/Terra2.jpg\" \/>\n\t<meta property=\"og:image:width\" content=\"900\" \/>\n\t<meta property=\"og:image:height\" content=\"900\" \/>\n\t<meta property=\"og:image:type\" content=\"image\/jpeg\" \/>\n<meta name=\"twitter:card\" content=\"summary_large_image\" \/>\n<meta name=\"twitter:label1\" content=\"Est. reading time\" \/>\n\t<meta name=\"twitter:data1\" content=\"1 minute\" \/>\n<script type=\"application\/ld+json\" class=\"yoast-schema-graph\">{\"@context\":\"https:\\\/\\\/schema.org\",\"@graph\":[{\"@type\":\"WebPage\",\"@id\":\"https:\\\/\\\/rivet.ee\\\/en\\\/toode\\\/ouemoobli-kangas-pu-uv-beezikirju-5m\\\/\",\"url\":\"https:\\\/\\\/rivet.ee\\\/en\\\/toode\\\/ouemoobli-kangas-pu-uv-beezikirju-5m\\\/\",\"name\":\"Outdoor fabric PU UV white with patterns 5m | Rivet\",\"isPartOf\":{\"@id\":\"https:\\\/\\\/rivet.ee\\\/en\\\/#website\"},\"primaryImageOfPage\":{\"@id\":\"https:\\\/\\\/rivet.ee\\\/en\\\/toode\\\/ouemoobli-kangas-pu-uv-beezikirju-5m\\\/#primaryimage\"},\"image\":{\"@id\":\"https:\\\/\\\/rivet.ee\\\/toode\\\/ouemoobli-kangas-pu-uv-beezikirju-5m\\\/#primaryimage\"},\"thumbnailUrl\":\"https:\\\/\\\/rivet.ee\\\/wp-content\\\/uploads\\\/2026\\\/03\\\/Terra2.jpg\",\"datePublished\":\"2026-03-13T12:01:53+00:00\",\"dateModified\":\"2026-03-13T12:58:00+00:00\",\"breadcrumb\":{\"@id\":\"https:\\\/\\\/rivet.ee\\\/en\\\/toode\\\/ouemoobli-kangas-pu-uv-beezikirju-5m\\\/#breadcrumb\"},\"inLanguage\":\"en-US\",\"potentialAction\":[{\"@type\":\"ReadAction\",\"target\":[[\"https:\\\/\\\/rivet.ee\\\/en\\\/toode\\\/ouemoobli-kangas-pu-uv-beezikirju-5m\\\/\"]]}]},{\"@type\":\"ImageObject\",\"inLanguage\":\"en-US\",\"@id\":\"https:\\\/\\\/rivet.ee\\\/en\\\/toode\\\/ouemoobli-kangas-pu-uv-beezikirju-5m\\\/#primaryimage\",\"url\":\"https:\\\/\\\/rivet.ee\\\/wp-content\\\/uploads\\\/2026\\\/03\\\/Terra2.jpg\",\"contentUrl\":\"https:\\\/\\\/rivet.ee\\\/wp-content\\\/uploads\\\/2026\\\/03\\\/Terra2.jpg\",\"width\":900,\"height\":900},{\"@type\":\"BreadcrumbList\",\"@id\":\"https:\\\/\\\/rivet.ee\\\/en\\\/toode\\\/ouemoobli-kangas-pu-uv-beezikirju-5m\\\/#breadcrumb\",\"itemListElement\":[{\"@type\":\"ListItem\",\"position\":1,\"name\":\"Home\",\"item\":\"https:\\\/\\\/rivet.ee\\\/en\\\/\"},{\"@type\":\"ListItem\",\"position\":2,\"name\":\"Tooted\",\"item\":\"https:\\\/\\\/rivet.ee\\\/en\\\/tooted\\\/\"},{\"@type\":\"ListItem\",\"position\":3,\"name\":\"\u00d5uem\u00f6\u00f6bli kangas PU UV valgekirju 5m\"}]},{\"@type\":\"WebSite\",\"@id\":\"https:\\\/\\\/rivet.ee\\\/en\\\/#website\",\"url\":\"https:\\\/\\\/rivet.ee\\\/en\\\/\",\"name\":\"Rivet\",\"description\":\"\",\"publisher\":{\"@id\":\"https:\\\/\\\/rivet.ee\\\/en\\\/#organization\"},\"potentialAction\":[{\"@type\":\"SearchAction\",\"target\":{\"@type\":\"EntryPoint\",\"urlTemplate\":\"https:\\\/\\\/rivet.ee\\\/en\\\/?s={search_term_string}\"},\"query-input\":{\"@type\":\"PropertyValueSpecification\",\"valueRequired\":true,\"valueName\":\"search_term_string\"}}],\"inLanguage\":\"en-US\"},{\"@type\":\"Organization\",\"@id\":\"https:\\\/\\\/rivet.ee\\\/en\\\/#organization\",\"name\":\"Rivet\",\"url\":\"https:\\\/\\\/rivet.ee\\\/en\\\/\",\"logo\":{\"@type\":\"ImageObject\",\"inLanguage\":\"en-US\",\"@id\":\"https:\\\/\\\/rivet.ee\\\/en\\\/#\\\/schema\\\/logo\\\/image\\\/\",\"url\":\"https:\\\/\\\/rivet.ee\\\/wp-content\\\/uploads\\\/2021\\\/11\\\/logo.jpg\",\"contentUrl\":\"https:\\\/\\\/rivet.ee\\\/wp-content\\\/uploads\\\/2021\\\/11\\\/logo.jpg\",\"width\":397,\"height\":152,\"caption\":\"Rivet\"},\"image\":{\"@id\":\"https:\\\/\\\/rivet.ee\\\/en\\\/#\\\/schema\\\/logo\\\/image\\\/\"}}]}<\/script>\n<!-- \/ Yoast SEO plugin. -->","yoast_head_json":{"title":"Outdoor fabric PU UV white with patterns 5m | Rivet","robots":{"index":"index","follow":"follow","max-snippet":"max-snippet:-1","max-image-preview":"max-image-preview:large","max-video-preview":"max-video-preview:-1"},"canonical":"https:\/\/rivet.ee\/en\/toode\/ouemoobli-kangas-pu-uv-beezikirju-5m\/","og_locale":"en_US","og_type":"article","og_title":"Outdoor fabric PU UV white with patterns 5m | Rivet","og_description":"100% pol\u00fcesterkangas on vasakult poolt kaetud v\u00e4rvitu pol\u00fcet\u00fcleen kihiga, mis teeb kanga vastupidavaks ilmastikule ja h\u00f5\u00f5rdumisele. Kangas on vastupidav UV-kiirgusele","og_url":"https:\/\/rivet.ee\/en\/toode\/ouemoobli-kangas-pu-uv-beezikirju-5m\/","og_site_name":"Rivet","article_modified_time":"2026-03-13T12:58:00+00:00","og_image":[{"width":900,"height":900,"url":"https:\/\/rivet.ee\/wp-content\/uploads\/2026\/03\/Terra2.jpg","type":"image\/jpeg"}],"twitter_card":"summary_large_image","twitter_misc":{"Est. reading time":"1 minute"},"schema":{"@context":"https:\/\/schema.org","@graph":[{"@type":"WebPage","@id":"https:\/\/rivet.ee\/en\/toode\/ouemoobli-kangas-pu-uv-beezikirju-5m\/","url":"https:\/\/rivet.ee\/en\/toode\/ouemoobli-kangas-pu-uv-beezikirju-5m\/","name":"Outdoor fabric PU UV white with patterns 5m | Rivet","isPartOf":{"@id":"https:\/\/rivet.ee\/en\/#website"},"primaryImageOfPage":{"@id":"https:\/\/rivet.ee\/en\/toode\/ouemoobli-kangas-pu-uv-beezikirju-5m\/#primaryimage"},"image":{"@id":"https:\/\/rivet.ee\/toode\/ouemoobli-kangas-pu-uv-beezikirju-5m\/#primaryimage"},"thumbnailUrl":"https:\/\/rivet.ee\/wp-content\/uploads\/2026\/03\/Terra2.jpg","datePublished":"2026-03-13T12:01:53+00:00","dateModified":"2026-03-13T12:58:00+00:00","breadcrumb":{"@id":"https:\/\/rivet.ee\/en\/toode\/ouemoobli-kangas-pu-uv-beezikirju-5m\/#breadcrumb"},"inLanguage":"en-US","potentialAction":[{"@type":"ReadAction","target":[["https:\/\/rivet.ee\/en\/toode\/ouemoobli-kangas-pu-uv-beezikirju-5m\/"]]}]},{"@type":"ImageObject","inLanguage":"en-US","@id":"https:\/\/rivet.ee\/en\/toode\/ouemoobli-kangas-pu-uv-beezikirju-5m\/#primaryimage","url":"https:\/\/rivet.ee\/wp-content\/uploads\/2026\/03\/Terra2.jpg","contentUrl":"https:\/\/rivet.ee\/wp-content\/uploads\/2026\/03\/Terra2.jpg","width":900,"height":900},{"@type":"BreadcrumbList","@id":"https:\/\/rivet.ee\/en\/toode\/ouemoobli-kangas-pu-uv-beezikirju-5m\/#breadcrumb","itemListElement":[{"@type":"ListItem","position":1,"name":"Home","item":"https:\/\/rivet.ee\/en\/"},{"@type":"ListItem","position":2,"name":"Tooted","item":"https:\/\/rivet.ee\/en\/tooted\/"},{"@type":"ListItem","position":3,"name":"\u00d5uem\u00f6\u00f6bli kangas PU UV valgekirju 5m"}]},{"@type":"WebSite","@id":"https:\/\/rivet.ee\/en\/#website","url":"https:\/\/rivet.ee\/en\/","name":"Rivet","description":"","publisher":{"@id":"https:\/\/rivet.ee\/en\/#organization"},"potentialAction":[{"@type":"SearchAction","target":{"@type":"EntryPoint","urlTemplate":"https:\/\/rivet.ee\/en\/?s={search_term_string}"},"query-input":{"@type":"PropertyValueSpecification","valueRequired":true,"valueName":"search_term_string"}}],"inLanguage":"en-US"},{"@type":"Organization","@id":"https:\/\/rivet.ee\/en\/#organization","name":"Rivet","url":"https:\/\/rivet.ee\/en\/","logo":{"@type":"ImageObject","inLanguage":"en-US","@id":"https:\/\/rivet.ee\/en\/#\/schema\/logo\/image\/","url":"https:\/\/rivet.ee\/wp-content\/uploads\/2021\/11\/logo.jpg","contentUrl":"https:\/\/rivet.ee\/wp-content\/uploads\/2021\/11\/logo.jpg","width":397,"height":152,"caption":"Rivet"},"image":{"@id":"https:\/\/rivet.ee\/en\/#\/schema\/logo\/image\/"}}]}},"_links":{"self":[{"href":"https:\/\/rivet.ee\/en\/wp-json\/wp\/v2\/product\/21322","targetHints":{"allow":["GET"]}}],"collection":[{"href":"https:\/\/rivet.ee\/en\/wp-json\/wp\/v2\/product"}],"about":[{"href":"https:\/\/rivet.ee\/en\/wp-json\/wp\/v2\/types\/product"}],"replies":[{"embeddable":true,"href":"https:\/\/rivet.ee\/en\/wp-json\/wp\/v2\/comments?post=21322"}],"wp:featuredmedia":[{"embeddable":true,"href":"https:\/\/rivet.ee\/en\/wp-json\/wp\/v2\/media\/21324"}],"wp:attachment":[{"href":"https:\/\/rivet.ee\/en\/wp-json\/wp\/v2\/media?parent=21322"}],"wp:term":[{"taxonomy":"product_brand","embeddable":true,"href":"https:\/\/rivet.ee\/en\/wp-json\/wp\/v2\/product_brand?post=21322"},{"taxonomy":"product_cat","embeddable":true,"href":"https:\/\/rivet.ee\/en\/wp-json\/wp\/v2\/product_cat?post=21322"},{"taxonomy":"product_tag","embeddable":true,"href":"https:\/\/rivet.ee\/en\/wp-json\/wp\/v2\/product_tag?post=21322"}],"curies":[{"name":"wp","href":"https:\/\/api.w.org\/{rel}","templated":true}]}}