{"id":7775,"date":"2021-12-03T15:39:04","date_gmt":"2021-12-03T13:39:04","guid":{"rendered":"https:\/\/rivet.ee\/?post_type=product&#038;p=7775"},"modified":"2026-01-29T10:19:55","modified_gmt":"2026-01-29T08:19:55","slug":"votmehoidja-suda-vaike","status":"publish","type":"product","link":"https:\/\/rivet.ee\/en\/toode\/votmehoidja-suda-vaike\/","title":{"rendered":"Keychain heart small"},"content":{"rendered":"<p>V\u00f5tmehoidja, mida on sobilik kasutada ka graveeritava nimeplaadina lemmikloomadele v\u00f5i lihtsalt kaelarihma kaunistuseks.<\/p>\n<p>Diameeter 26mm<\/p>\n","protected":false},"excerpt":{"rendered":"<p>V\u00f5tmehoidja, mida on sobilik kasutada ka graveeritava nimeplaadina lemmikloomadele v\u00f5i lihtsalt kaelarihma kaunistuseks. Diameeter 26mm<\/p>\n","protected":false},"featured_media":9283,"comment_status":"closed","ping_status":"closed","template":"","meta":[],"product_brand":[],"product_cat":[89],"product_tag":[],"class_list":{"0":"post-7775","1":"product","2":"type-product","3":"status-publish","4":"has-post-thumbnail","6":"product_cat-votmerongad-nimeplaadid","8":"first","9":"instock","10":"taxable","11":"shipping-taxable","12":"purchasable","13":"product-type-simple"},"yoast_head":"<!-- This site is optimized with the Yoast SEO plugin v27.4 - https:\/\/yoast.com\/product\/yoast-seo-wordpress\/ -->\n<title>Keychain heart small | Rivet<\/title>\n<meta name=\"robots\" content=\"index, follow, max-snippet:-1, max-image-preview:large, max-video-preview:-1\" \/>\n<link rel=\"canonical\" href=\"https:\/\/rivet.ee\/en\/toode\/votmehoidja-suda-vaike\/\" \/>\n<meta property=\"og:locale\" content=\"en_US\" \/>\n<meta property=\"og:type\" content=\"article\" \/>\n<meta property=\"og:title\" content=\"Keychain heart small | Rivet\" \/>\n<meta property=\"og:description\" content=\"V\u00f5tmehoidja, mida on sobilik kasutada ka graveeritava nimeplaadina lemmikloomadele v\u00f5i lihtsalt kaelarihma kaunistuseks. Diameeter 26mm\" \/>\n<meta property=\"og:url\" content=\"https:\/\/rivet.ee\/en\/toode\/votmehoidja-suda-vaike\/\" \/>\n<meta property=\"og:site_name\" content=\"Rivet\" \/>\n<meta property=\"article:modified_time\" content=\"2026-01-29T08:19:55+00:00\" \/>\n<meta property=\"og:image\" content=\"https:\/\/rivet.ee\/wp-content\/uploads\/2021\/12\/votmerongas-vaike-punane-suda-900x900-1.jpg\" \/>\n\t<meta property=\"og:image:width\" content=\"900\" \/>\n\t<meta property=\"og:image:height\" content=\"900\" \/>\n\t<meta property=\"og:image:type\" content=\"image\/jpeg\" \/>\n<meta name=\"twitter:card\" content=\"summary_large_image\" \/>\n<meta name=\"twitter:label1\" content=\"Est. reading time\" \/>\n\t<meta name=\"twitter:data1\" content=\"1 minute\" \/>\n<script type=\"application\/ld+json\" class=\"yoast-schema-graph\">{\"@context\":\"https:\\\/\\\/schema.org\",\"@graph\":[{\"@type\":\"WebPage\",\"@id\":\"https:\\\/\\\/rivet.ee\\\/en\\\/toode\\\/votmehoidja-suda-vaike\\\/\",\"url\":\"https:\\\/\\\/rivet.ee\\\/en\\\/toode\\\/votmehoidja-suda-vaike\\\/\",\"name\":\"Keychain heart small | Rivet\",\"isPartOf\":{\"@id\":\"https:\\\/\\\/rivet.ee\\\/en\\\/#website\"},\"primaryImageOfPage\":{\"@id\":\"https:\\\/\\\/rivet.ee\\\/en\\\/toode\\\/votmehoidja-suda-vaike\\\/#primaryimage\"},\"image\":{\"@id\":\"https:\\\/\\\/rivet.ee\\\/toode\\\/votmehoidja-suda-vaike\\\/#primaryimage\"},\"thumbnailUrl\":\"https:\\\/\\\/rivet.ee\\\/wp-content\\\/uploads\\\/2021\\\/12\\\/votmerongas-vaike-punane-suda-900x900-1.jpg\",\"datePublished\":\"2021-12-03T13:39:04+00:00\",\"dateModified\":\"2026-01-29T08:19:55+00:00\",\"breadcrumb\":{\"@id\":\"https:\\\/\\\/rivet.ee\\\/en\\\/toode\\\/votmehoidja-suda-vaike\\\/#breadcrumb\"},\"inLanguage\":\"en-US\",\"potentialAction\":[{\"@type\":\"ReadAction\",\"target\":[[\"https:\\\/\\\/rivet.ee\\\/en\\\/toode\\\/votmehoidja-suda-vaike\\\/\"]]}]},{\"@type\":\"ImageObject\",\"inLanguage\":\"en-US\",\"@id\":\"https:\\\/\\\/rivet.ee\\\/en\\\/toode\\\/votmehoidja-suda-vaike\\\/#primaryimage\",\"url\":\"https:\\\/\\\/rivet.ee\\\/wp-content\\\/uploads\\\/2021\\\/12\\\/votmerongas-vaike-punane-suda-900x900-1.jpg\",\"contentUrl\":\"https:\\\/\\\/rivet.ee\\\/wp-content\\\/uploads\\\/2021\\\/12\\\/votmerongas-vaike-punane-suda-900x900-1.jpg\",\"width\":900,\"height\":900},{\"@type\":\"BreadcrumbList\",\"@id\":\"https:\\\/\\\/rivet.ee\\\/en\\\/toode\\\/votmehoidja-suda-vaike\\\/#breadcrumb\",\"itemListElement\":[{\"@type\":\"ListItem\",\"position\":1,\"name\":\"Home\",\"item\":\"https:\\\/\\\/rivet.ee\\\/en\\\/\"},{\"@type\":\"ListItem\",\"position\":2,\"name\":\"Tooted\",\"item\":\"https:\\\/\\\/rivet.ee\\\/en\\\/tooted\\\/\"},{\"@type\":\"ListItem\",\"position\":3,\"name\":\"V\u00f5tmehoidja s\u00fcda v\u00e4ike\"}]},{\"@type\":\"WebSite\",\"@id\":\"https:\\\/\\\/rivet.ee\\\/en\\\/#website\",\"url\":\"https:\\\/\\\/rivet.ee\\\/en\\\/\",\"name\":\"Rivet\",\"description\":\"\",\"publisher\":{\"@id\":\"https:\\\/\\\/rivet.ee\\\/en\\\/#organization\"},\"potentialAction\":[{\"@type\":\"SearchAction\",\"target\":{\"@type\":\"EntryPoint\",\"urlTemplate\":\"https:\\\/\\\/rivet.ee\\\/en\\\/?s={search_term_string}\"},\"query-input\":{\"@type\":\"PropertyValueSpecification\",\"valueRequired\":true,\"valueName\":\"search_term_string\"}}],\"inLanguage\":\"en-US\"},{\"@type\":\"Organization\",\"@id\":\"https:\\\/\\\/rivet.ee\\\/en\\\/#organization\",\"name\":\"Rivet\",\"url\":\"https:\\\/\\\/rivet.ee\\\/en\\\/\",\"logo\":{\"@type\":\"ImageObject\",\"inLanguage\":\"en-US\",\"@id\":\"https:\\\/\\\/rivet.ee\\\/en\\\/#\\\/schema\\\/logo\\\/image\\\/\",\"url\":\"https:\\\/\\\/rivet.ee\\\/wp-content\\\/uploads\\\/2021\\\/11\\\/logo.jpg\",\"contentUrl\":\"https:\\\/\\\/rivet.ee\\\/wp-content\\\/uploads\\\/2021\\\/11\\\/logo.jpg\",\"width\":397,\"height\":152,\"caption\":\"Rivet\"},\"image\":{\"@id\":\"https:\\\/\\\/rivet.ee\\\/en\\\/#\\\/schema\\\/logo\\\/image\\\/\"}}]}<\/script>\n<!-- \/ Yoast SEO plugin. -->","yoast_head_json":{"title":"Keychain heart small | Rivet","robots":{"index":"index","follow":"follow","max-snippet":"max-snippet:-1","max-image-preview":"max-image-preview:large","max-video-preview":"max-video-preview:-1"},"canonical":"https:\/\/rivet.ee\/en\/toode\/votmehoidja-suda-vaike\/","og_locale":"en_US","og_type":"article","og_title":"Keychain heart small | Rivet","og_description":"V\u00f5tmehoidja, mida on sobilik kasutada ka graveeritava nimeplaadina lemmikloomadele v\u00f5i lihtsalt kaelarihma kaunistuseks. Diameeter 26mm","og_url":"https:\/\/rivet.ee\/en\/toode\/votmehoidja-suda-vaike\/","og_site_name":"Rivet","article_modified_time":"2026-01-29T08:19:55+00:00","og_image":[{"width":900,"height":900,"url":"https:\/\/rivet.ee\/wp-content\/uploads\/2021\/12\/votmerongas-vaike-punane-suda-900x900-1.jpg","type":"image\/jpeg"}],"twitter_card":"summary_large_image","twitter_misc":{"Est. reading time":"1 minute"},"schema":{"@context":"https:\/\/schema.org","@graph":[{"@type":"WebPage","@id":"https:\/\/rivet.ee\/en\/toode\/votmehoidja-suda-vaike\/","url":"https:\/\/rivet.ee\/en\/toode\/votmehoidja-suda-vaike\/","name":"Keychain heart small | Rivet","isPartOf":{"@id":"https:\/\/rivet.ee\/en\/#website"},"primaryImageOfPage":{"@id":"https:\/\/rivet.ee\/en\/toode\/votmehoidja-suda-vaike\/#primaryimage"},"image":{"@id":"https:\/\/rivet.ee\/toode\/votmehoidja-suda-vaike\/#primaryimage"},"thumbnailUrl":"https:\/\/rivet.ee\/wp-content\/uploads\/2021\/12\/votmerongas-vaike-punane-suda-900x900-1.jpg","datePublished":"2021-12-03T13:39:04+00:00","dateModified":"2026-01-29T08:19:55+00:00","breadcrumb":{"@id":"https:\/\/rivet.ee\/en\/toode\/votmehoidja-suda-vaike\/#breadcrumb"},"inLanguage":"en-US","potentialAction":[{"@type":"ReadAction","target":[["https:\/\/rivet.ee\/en\/toode\/votmehoidja-suda-vaike\/"]]}]},{"@type":"ImageObject","inLanguage":"en-US","@id":"https:\/\/rivet.ee\/en\/toode\/votmehoidja-suda-vaike\/#primaryimage","url":"https:\/\/rivet.ee\/wp-content\/uploads\/2021\/12\/votmerongas-vaike-punane-suda-900x900-1.jpg","contentUrl":"https:\/\/rivet.ee\/wp-content\/uploads\/2021\/12\/votmerongas-vaike-punane-suda-900x900-1.jpg","width":900,"height":900},{"@type":"BreadcrumbList","@id":"https:\/\/rivet.ee\/en\/toode\/votmehoidja-suda-vaike\/#breadcrumb","itemListElement":[{"@type":"ListItem","position":1,"name":"Home","item":"https:\/\/rivet.ee\/en\/"},{"@type":"ListItem","position":2,"name":"Tooted","item":"https:\/\/rivet.ee\/en\/tooted\/"},{"@type":"ListItem","position":3,"name":"V\u00f5tmehoidja s\u00fcda v\u00e4ike"}]},{"@type":"WebSite","@id":"https:\/\/rivet.ee\/en\/#website","url":"https:\/\/rivet.ee\/en\/","name":"Rivet","description":"","publisher":{"@id":"https:\/\/rivet.ee\/en\/#organization"},"potentialAction":[{"@type":"SearchAction","target":{"@type":"EntryPoint","urlTemplate":"https:\/\/rivet.ee\/en\/?s={search_term_string}"},"query-input":{"@type":"PropertyValueSpecification","valueRequired":true,"valueName":"search_term_string"}}],"inLanguage":"en-US"},{"@type":"Organization","@id":"https:\/\/rivet.ee\/en\/#organization","name":"Rivet","url":"https:\/\/rivet.ee\/en\/","logo":{"@type":"ImageObject","inLanguage":"en-US","@id":"https:\/\/rivet.ee\/en\/#\/schema\/logo\/image\/","url":"https:\/\/rivet.ee\/wp-content\/uploads\/2021\/11\/logo.jpg","contentUrl":"https:\/\/rivet.ee\/wp-content\/uploads\/2021\/11\/logo.jpg","width":397,"height":152,"caption":"Rivet"},"image":{"@id":"https:\/\/rivet.ee\/en\/#\/schema\/logo\/image\/"}}]}},"_links":{"self":[{"href":"https:\/\/rivet.ee\/en\/wp-json\/wp\/v2\/product\/7775","targetHints":{"allow":["GET"]}}],"collection":[{"href":"https:\/\/rivet.ee\/en\/wp-json\/wp\/v2\/product"}],"about":[{"href":"https:\/\/rivet.ee\/en\/wp-json\/wp\/v2\/types\/product"}],"replies":[{"embeddable":true,"href":"https:\/\/rivet.ee\/en\/wp-json\/wp\/v2\/comments?post=7775"}],"wp:featuredmedia":[{"embeddable":true,"href":"https:\/\/rivet.ee\/en\/wp-json\/wp\/v2\/media\/9283"}],"wp:attachment":[{"href":"https:\/\/rivet.ee\/en\/wp-json\/wp\/v2\/media?parent=7775"}],"wp:term":[{"taxonomy":"product_brand","embeddable":true,"href":"https:\/\/rivet.ee\/en\/wp-json\/wp\/v2\/product_brand?post=7775"},{"taxonomy":"product_cat","embeddable":true,"href":"https:\/\/rivet.ee\/en\/wp-json\/wp\/v2\/product_cat?post=7775"},{"taxonomy":"product_tag","embeddable":true,"href":"https:\/\/rivet.ee\/en\/wp-json\/wp\/v2\/product_tag?post=7775"}],"curies":[{"name":"wp","href":"https:\/\/api.w.org\/{rel}","templated":true}]}}