{"id":9908,"date":"2022-02-17T12:56:37","date_gmt":"2022-02-17T10:56:37","guid":{"rendered":"https:\/\/rivet.ee\/?post_type=product&#038;p=9908"},"modified":"2025-05-27T13:22:08","modified_gmt":"2025-05-27T10:22:08","slug":"poluester-600x600-pu-hallikirju","status":"publish","type":"product","link":"https:\/\/rivet.ee\/en\/toode\/poluester-600x600-pu-hallikirju\/","title":{"rendered":"Polyester 600&#215;600 PU hallikirju"},"content":{"rendered":"<p>Veekindel pol\u00fcesterkangas\u00a0 on kaetud kahekordse pol\u00fcet\u00fcleen kihiga mis teeb kanga vastupidavaks ilmastikule. Kangas on UV kindel, kuid v\u00f5ib kaotada otsese p\u00e4ikese k\u00e4es v\u00e4rvi. Ideaalne kattevarjude, \u00f5uem\u00f6\u00f6bli, \u00f5uekardinate, grillkatete tegemiseks. Kasutatakse ka lapsevankrite ja kottide valmistamiseks.<\/p>\n<p>Kaal\u00a0 191g\/m2, Laius 160cm, Paksus 0,3mm<\/p>\n<p>Kangas m\u00f5\u00f5detakse t\u00e4ismeetrites ja \u00fches t\u00fckis!<\/p>\n<p>&nbsp;<\/p>\n","protected":false},"excerpt":{"rendered":"<p>Veekindel pol\u00fcesterkangas\u00a0 on kaetud kahekordse pol\u00fcet\u00fcleen kihiga mis teeb kanga vastupidavaks ilmastikule. Kangas on UV kindel, kuid v\u00f5ib kaotada otsese<\/p>\n","protected":false},"featured_media":10102,"comment_status":"closed","ping_status":"closed","template":"","meta":[],"product_brand":[],"product_cat":[115,118],"product_tag":[],"class_list":{"0":"post-9908","1":"product","2":"type-product","3":"status-publish","4":"has-post-thumbnail","6":"product_cat-pu-kattega-kangad","7":"product_cat-poluester-pu-kattega","9":"first","10":"outofstock","11":"taxable","12":"shipping-taxable","13":"purchasable","14":"product-type-simple"},"yoast_head":"<!-- This site is optimized with the Yoast SEO plugin v27.4 - https:\/\/yoast.com\/product\/yoast-seo-wordpress\/ -->\n<title>Polyester 600x600 PU hallikirju | Rivet<\/title>\n<meta name=\"robots\" content=\"index, follow, max-snippet:-1, max-image-preview:large, max-video-preview:-1\" \/>\n<link rel=\"canonical\" href=\"https:\/\/rivet.ee\/en\/toode\/poluester-600x600-pu-hallikirju\/\" \/>\n<meta property=\"og:locale\" content=\"en_US\" \/>\n<meta property=\"og:type\" content=\"article\" \/>\n<meta property=\"og:title\" content=\"Polyester 600x600 PU hallikirju | Rivet\" \/>\n<meta property=\"og:description\" content=\"Veekindel pol\u00fcesterkangas\u00a0 on kaetud kahekordse pol\u00fcet\u00fcleen kihiga mis teeb kanga vastupidavaks ilmastikule. Kangas on UV kindel, kuid v\u00f5ib kaotada otsese\" \/>\n<meta property=\"og:url\" content=\"https:\/\/rivet.ee\/en\/toode\/poluester-600x600-pu-hallikirju\/\" \/>\n<meta property=\"og:site_name\" content=\"Rivet\" \/>\n<meta property=\"article:modified_time\" content=\"2025-05-27T10:22:08+00:00\" \/>\n<meta property=\"og:image\" content=\"https:\/\/rivet.ee\/wp-content\/uploads\/2022\/02\/Hallikirju-900x900-2.jpg\" \/>\n\t<meta property=\"og:image:width\" content=\"900\" \/>\n\t<meta property=\"og:image:height\" content=\"900\" \/>\n\t<meta property=\"og:image:type\" content=\"image\/jpeg\" \/>\n<meta name=\"twitter:card\" content=\"summary_large_image\" \/>\n<meta name=\"twitter:label1\" content=\"Est. reading time\" \/>\n\t<meta name=\"twitter:data1\" content=\"1 minute\" \/>\n<script type=\"application\/ld+json\" class=\"yoast-schema-graph\">{\"@context\":\"https:\\\/\\\/schema.org\",\"@graph\":[{\"@type\":\"WebPage\",\"@id\":\"https:\\\/\\\/rivet.ee\\\/en\\\/toode\\\/poluester-600x600-pu-hallikirju\\\/\",\"url\":\"https:\\\/\\\/rivet.ee\\\/en\\\/toode\\\/poluester-600x600-pu-hallikirju\\\/\",\"name\":\"Polyester 600x600 PU hallikirju | Rivet\",\"isPartOf\":{\"@id\":\"https:\\\/\\\/rivet.ee\\\/en\\\/#website\"},\"primaryImageOfPage\":{\"@id\":\"https:\\\/\\\/rivet.ee\\\/en\\\/toode\\\/poluester-600x600-pu-hallikirju\\\/#primaryimage\"},\"image\":{\"@id\":\"https:\\\/\\\/rivet.ee\\\/toode\\\/poluester-600x600-pu-hallikirju\\\/#primaryimage\"},\"thumbnailUrl\":\"https:\\\/\\\/rivet.ee\\\/wp-content\\\/uploads\\\/2022\\\/02\\\/Hallikirju-900x900-2.jpg\",\"datePublished\":\"2022-02-17T10:56:37+00:00\",\"dateModified\":\"2025-05-27T10:22:08+00:00\",\"breadcrumb\":{\"@id\":\"https:\\\/\\\/rivet.ee\\\/en\\\/toode\\\/poluester-600x600-pu-hallikirju\\\/#breadcrumb\"},\"inLanguage\":\"en-US\",\"potentialAction\":[{\"@type\":\"ReadAction\",\"target\":[[\"https:\\\/\\\/rivet.ee\\\/en\\\/toode\\\/poluester-600x600-pu-hallikirju\\\/\"]]}]},{\"@type\":\"ImageObject\",\"inLanguage\":\"en-US\",\"@id\":\"https:\\\/\\\/rivet.ee\\\/en\\\/toode\\\/poluester-600x600-pu-hallikirju\\\/#primaryimage\",\"url\":\"https:\\\/\\\/rivet.ee\\\/wp-content\\\/uploads\\\/2022\\\/02\\\/Hallikirju-900x900-2.jpg\",\"contentUrl\":\"https:\\\/\\\/rivet.ee\\\/wp-content\\\/uploads\\\/2022\\\/02\\\/Hallikirju-900x900-2.jpg\",\"width\":900,\"height\":900},{\"@type\":\"BreadcrumbList\",\"@id\":\"https:\\\/\\\/rivet.ee\\\/en\\\/toode\\\/poluester-600x600-pu-hallikirju\\\/#breadcrumb\",\"itemListElement\":[{\"@type\":\"ListItem\",\"position\":1,\"name\":\"Home\",\"item\":\"https:\\\/\\\/rivet.ee\\\/en\\\/\"},{\"@type\":\"ListItem\",\"position\":2,\"name\":\"Tooted\",\"item\":\"https:\\\/\\\/rivet.ee\\\/en\\\/tooted\\\/\"},{\"@type\":\"ListItem\",\"position\":3,\"name\":\"Pol\u00fcester 600&#215;600 PU hallikirju\"}]},{\"@type\":\"WebSite\",\"@id\":\"https:\\\/\\\/rivet.ee\\\/en\\\/#website\",\"url\":\"https:\\\/\\\/rivet.ee\\\/en\\\/\",\"name\":\"Rivet\",\"description\":\"\",\"publisher\":{\"@id\":\"https:\\\/\\\/rivet.ee\\\/en\\\/#organization\"},\"potentialAction\":[{\"@type\":\"SearchAction\",\"target\":{\"@type\":\"EntryPoint\",\"urlTemplate\":\"https:\\\/\\\/rivet.ee\\\/en\\\/?s={search_term_string}\"},\"query-input\":{\"@type\":\"PropertyValueSpecification\",\"valueRequired\":true,\"valueName\":\"search_term_string\"}}],\"inLanguage\":\"en-US\"},{\"@type\":\"Organization\",\"@id\":\"https:\\\/\\\/rivet.ee\\\/en\\\/#organization\",\"name\":\"Rivet\",\"url\":\"https:\\\/\\\/rivet.ee\\\/en\\\/\",\"logo\":{\"@type\":\"ImageObject\",\"inLanguage\":\"en-US\",\"@id\":\"https:\\\/\\\/rivet.ee\\\/en\\\/#\\\/schema\\\/logo\\\/image\\\/\",\"url\":\"https:\\\/\\\/rivet.ee\\\/wp-content\\\/uploads\\\/2021\\\/11\\\/logo.jpg\",\"contentUrl\":\"https:\\\/\\\/rivet.ee\\\/wp-content\\\/uploads\\\/2021\\\/11\\\/logo.jpg\",\"width\":397,\"height\":152,\"caption\":\"Rivet\"},\"image\":{\"@id\":\"https:\\\/\\\/rivet.ee\\\/en\\\/#\\\/schema\\\/logo\\\/image\\\/\"}}]}<\/script>\n<!-- \/ Yoast SEO plugin. -->","yoast_head_json":{"title":"Polyester 600x600 PU hallikirju | Rivet","robots":{"index":"index","follow":"follow","max-snippet":"max-snippet:-1","max-image-preview":"max-image-preview:large","max-video-preview":"max-video-preview:-1"},"canonical":"https:\/\/rivet.ee\/en\/toode\/poluester-600x600-pu-hallikirju\/","og_locale":"en_US","og_type":"article","og_title":"Polyester 600x600 PU hallikirju | Rivet","og_description":"Veekindel pol\u00fcesterkangas\u00a0 on kaetud kahekordse pol\u00fcet\u00fcleen kihiga mis teeb kanga vastupidavaks ilmastikule. Kangas on UV kindel, kuid v\u00f5ib kaotada otsese","og_url":"https:\/\/rivet.ee\/en\/toode\/poluester-600x600-pu-hallikirju\/","og_site_name":"Rivet","article_modified_time":"2025-05-27T10:22:08+00:00","og_image":[{"width":900,"height":900,"url":"https:\/\/rivet.ee\/wp-content\/uploads\/2022\/02\/Hallikirju-900x900-2.jpg","type":"image\/jpeg"}],"twitter_card":"summary_large_image","twitter_misc":{"Est. reading time":"1 minute"},"schema":{"@context":"https:\/\/schema.org","@graph":[{"@type":"WebPage","@id":"https:\/\/rivet.ee\/en\/toode\/poluester-600x600-pu-hallikirju\/","url":"https:\/\/rivet.ee\/en\/toode\/poluester-600x600-pu-hallikirju\/","name":"Polyester 600x600 PU hallikirju | Rivet","isPartOf":{"@id":"https:\/\/rivet.ee\/en\/#website"},"primaryImageOfPage":{"@id":"https:\/\/rivet.ee\/en\/toode\/poluester-600x600-pu-hallikirju\/#primaryimage"},"image":{"@id":"https:\/\/rivet.ee\/toode\/poluester-600x600-pu-hallikirju\/#primaryimage"},"thumbnailUrl":"https:\/\/rivet.ee\/wp-content\/uploads\/2022\/02\/Hallikirju-900x900-2.jpg","datePublished":"2022-02-17T10:56:37+00:00","dateModified":"2025-05-27T10:22:08+00:00","breadcrumb":{"@id":"https:\/\/rivet.ee\/en\/toode\/poluester-600x600-pu-hallikirju\/#breadcrumb"},"inLanguage":"en-US","potentialAction":[{"@type":"ReadAction","target":[["https:\/\/rivet.ee\/en\/toode\/poluester-600x600-pu-hallikirju\/"]]}]},{"@type":"ImageObject","inLanguage":"en-US","@id":"https:\/\/rivet.ee\/en\/toode\/poluester-600x600-pu-hallikirju\/#primaryimage","url":"https:\/\/rivet.ee\/wp-content\/uploads\/2022\/02\/Hallikirju-900x900-2.jpg","contentUrl":"https:\/\/rivet.ee\/wp-content\/uploads\/2022\/02\/Hallikirju-900x900-2.jpg","width":900,"height":900},{"@type":"BreadcrumbList","@id":"https:\/\/rivet.ee\/en\/toode\/poluester-600x600-pu-hallikirju\/#breadcrumb","itemListElement":[{"@type":"ListItem","position":1,"name":"Home","item":"https:\/\/rivet.ee\/en\/"},{"@type":"ListItem","position":2,"name":"Tooted","item":"https:\/\/rivet.ee\/en\/tooted\/"},{"@type":"ListItem","position":3,"name":"Pol\u00fcester 600&#215;600 PU hallikirju"}]},{"@type":"WebSite","@id":"https:\/\/rivet.ee\/en\/#website","url":"https:\/\/rivet.ee\/en\/","name":"Rivet","description":"","publisher":{"@id":"https:\/\/rivet.ee\/en\/#organization"},"potentialAction":[{"@type":"SearchAction","target":{"@type":"EntryPoint","urlTemplate":"https:\/\/rivet.ee\/en\/?s={search_term_string}"},"query-input":{"@type":"PropertyValueSpecification","valueRequired":true,"valueName":"search_term_string"}}],"inLanguage":"en-US"},{"@type":"Organization","@id":"https:\/\/rivet.ee\/en\/#organization","name":"Rivet","url":"https:\/\/rivet.ee\/en\/","logo":{"@type":"ImageObject","inLanguage":"en-US","@id":"https:\/\/rivet.ee\/en\/#\/schema\/logo\/image\/","url":"https:\/\/rivet.ee\/wp-content\/uploads\/2021\/11\/logo.jpg","contentUrl":"https:\/\/rivet.ee\/wp-content\/uploads\/2021\/11\/logo.jpg","width":397,"height":152,"caption":"Rivet"},"image":{"@id":"https:\/\/rivet.ee\/en\/#\/schema\/logo\/image\/"}}]}},"_links":{"self":[{"href":"https:\/\/rivet.ee\/en\/wp-json\/wp\/v2\/product\/9908","targetHints":{"allow":["GET"]}}],"collection":[{"href":"https:\/\/rivet.ee\/en\/wp-json\/wp\/v2\/product"}],"about":[{"href":"https:\/\/rivet.ee\/en\/wp-json\/wp\/v2\/types\/product"}],"replies":[{"embeddable":true,"href":"https:\/\/rivet.ee\/en\/wp-json\/wp\/v2\/comments?post=9908"}],"wp:featuredmedia":[{"embeddable":true,"href":"https:\/\/rivet.ee\/en\/wp-json\/wp\/v2\/media\/10102"}],"wp:attachment":[{"href":"https:\/\/rivet.ee\/en\/wp-json\/wp\/v2\/media?parent=9908"}],"wp:term":[{"taxonomy":"product_brand","embeddable":true,"href":"https:\/\/rivet.ee\/en\/wp-json\/wp\/v2\/product_brand?post=9908"},{"taxonomy":"product_cat","embeddable":true,"href":"https:\/\/rivet.ee\/en\/wp-json\/wp\/v2\/product_cat?post=9908"},{"taxonomy":"product_tag","embeddable":true,"href":"https:\/\/rivet.ee\/en\/wp-json\/wp\/v2\/product_tag?post=9908"}],"curies":[{"name":"wp","href":"https:\/\/api.w.org\/{rel}","templated":true}]}}