{"id":11292,"date":"2022-04-19T09:15:08","date_gmt":"2022-04-19T06:15:08","guid":{"rendered":"https:\/\/rivet.ee\/?post_type=product&#038;p=11292"},"modified":"2025-10-20T15:28:50","modified_gmt":"2025-10-20T12:28:50","slug":"vahatatud-niit-06mm-must","status":"publish","type":"product","link":"https:\/\/rivet.ee\/fi\/toode\/vahatatud-niit-06mm-must\/","title":{"rendered":"Vahatatud niit 0,6mm must"},"content":{"rendered":"<p>Punutud,\u00a0\u00a0vahatatud niit k\u00e4sitsi \u00f5mblemiseks . J\u00e4me niit tugevate \u00f5mbluste ja dekoratiiv\u00f5mbluste \u00f5mblemiseks. Kasutatakse k\u00e4sitsi \u00f5mblemisel (k\u00f5rge tugevusega \u00f5mblused), pealsete (eriti mokasiinide) tugevdamisel ja kaunistamisel ning muudel nahktoodetel.<\/p>\n<ul id=\"moreinfo\" class=\"tm_productinner tab-pane active\">\n<li>T\u00e4nu oma erilisele struktuurile ja t\u00e4ielikule vahatamisele v\u00f5imaldab niit saavutada suurep\u00e4rast \u00f5mbluskvaliteeti, tagades v\u00e4ga kena ja sileda \u00f5mbluse, samas mitte m\u00e4\u00e4rides materjali.\u00a0 \u00a0 \u00a0 \u00a0 \u00a0 \u00a0 \u00a0 \u00a0 \u00a0 \u00a0 \u00a0 \u00a0 \u00a0 \u00a0 \u00a0 \u00a0 \u00a0Vastab \u00a0Euroopa standardile\u00a0 EN 12590:1999<\/li>\n<\/ul>\n<p>100% pol\u00fcester<\/p>\n<p>rullis 500m<\/p>\n","protected":false},"excerpt":{"rendered":"<p>Punutud,\u00a0\u00a0vahatatud niit k\u00e4sitsi \u00f5mblemiseks . J\u00e4me niit tugevate \u00f5mbluste ja dekoratiiv\u00f5mbluste \u00f5mblemiseks. Kasutatakse k\u00e4sitsi \u00f5mblemisel (k\u00f5rge tugevusega \u00f5mblused), pealsete (eriti<\/p>\n","protected":false},"featured_media":11376,"comment_status":"closed","ping_status":"closed","template":"","meta":[],"product_brand":[],"product_cat":[181,651],"product_tag":[],"class_list":{"0":"post-11292","1":"product","2":"type-product","3":"status-publish","4":"has-post-thumbnail","6":"product_cat-vahatatud-niidid","7":"product_cat-vahatatud-niit-06mm","9":"first","10":"instock","11":"taxable","12":"shipping-taxable","13":"purchasable","14":"product-type-simple"},"yoast_head":"<!-- This site is optimized with the Yoast SEO plugin v27.3 - https:\/\/yoast.com\/product\/yoast-seo-wordpress\/ -->\n<title>Vahatatud niit 0,6mm must | Rivet<\/title>\n<meta name=\"robots\" content=\"index, follow, max-snippet:-1, max-image-preview:large, max-video-preview:-1\" \/>\n<link rel=\"canonical\" href=\"https:\/\/rivet.ee\/fi\/toode\/vahatatud-niit-06mm-must\/\" \/>\n<meta property=\"og:locale\" content=\"fi_FI\" \/>\n<meta property=\"og:type\" content=\"article\" \/>\n<meta property=\"og:title\" content=\"Vahatatud niit 0,6mm must | Rivet\" \/>\n<meta property=\"og:description\" content=\"Punutud,\u00a0\u00a0vahatatud niit k\u00e4sitsi \u00f5mblemiseks . J\u00e4me niit tugevate \u00f5mbluste ja dekoratiiv\u00f5mbluste \u00f5mblemiseks. Kasutatakse k\u00e4sitsi \u00f5mblemisel (k\u00f5rge tugevusega \u00f5mblused), pealsete (eriti\" \/>\n<meta property=\"og:url\" content=\"https:\/\/rivet.ee\/fi\/toode\/vahatatud-niit-06mm-must\/\" \/>\n<meta property=\"og:site_name\" content=\"Rivet\" \/>\n<meta property=\"article:modified_time\" content=\"2025-10-20T12:28:50+00:00\" \/>\n<meta property=\"og:image\" content=\"https:\/\/rivet.ee\/wp-content\/uploads\/2022\/04\/must.jpg\" \/>\n\t<meta property=\"og:image:width\" content=\"900\" \/>\n\t<meta property=\"og:image:height\" content=\"900\" \/>\n\t<meta property=\"og:image:type\" content=\"image\/jpeg\" \/>\n<meta name=\"twitter:card\" content=\"summary_large_image\" \/>\n<meta name=\"twitter:label1\" content=\"Arvioitu lukuaika\" \/>\n\t<meta name=\"twitter:data1\" content=\"1 minuutti\" \/>\n<script type=\"application\/ld+json\" class=\"yoast-schema-graph\">{\"@context\":\"https:\\\/\\\/schema.org\",\"@graph\":[{\"@type\":\"WebPage\",\"@id\":\"https:\\\/\\\/rivet.ee\\\/fi\\\/toode\\\/vahatatud-niit-06mm-must\\\/\",\"url\":\"https:\\\/\\\/rivet.ee\\\/fi\\\/toode\\\/vahatatud-niit-06mm-must\\\/\",\"name\":\"Vahatatud niit 0,6mm must | Rivet\",\"isPartOf\":{\"@id\":\"https:\\\/\\\/rivet.ee\\\/fi\\\/#website\"},\"primaryImageOfPage\":{\"@id\":\"https:\\\/\\\/rivet.ee\\\/fi\\\/toode\\\/vahatatud-niit-06mm-must\\\/#primaryimage\"},\"image\":{\"@id\":\"https:\\\/\\\/rivet.ee\\\/toode\\\/vahatatud-niit-06mm-must\\\/#primaryimage\"},\"thumbnailUrl\":\"https:\\\/\\\/rivet.ee\\\/wp-content\\\/uploads\\\/2022\\\/04\\\/must.jpg\",\"datePublished\":\"2022-04-19T06:15:08+00:00\",\"dateModified\":\"2025-10-20T12:28:50+00:00\",\"breadcrumb\":{\"@id\":\"https:\\\/\\\/rivet.ee\\\/fi\\\/toode\\\/vahatatud-niit-06mm-must\\\/#breadcrumb\"},\"inLanguage\":\"fi\",\"potentialAction\":[{\"@type\":\"ReadAction\",\"target\":[[\"https:\\\/\\\/rivet.ee\\\/fi\\\/toode\\\/vahatatud-niit-06mm-must\\\/\"]]}]},{\"@type\":\"ImageObject\",\"inLanguage\":\"fi\",\"@id\":\"https:\\\/\\\/rivet.ee\\\/fi\\\/toode\\\/vahatatud-niit-06mm-must\\\/#primaryimage\",\"url\":\"https:\\\/\\\/rivet.ee\\\/wp-content\\\/uploads\\\/2022\\\/04\\\/must.jpg\",\"contentUrl\":\"https:\\\/\\\/rivet.ee\\\/wp-content\\\/uploads\\\/2022\\\/04\\\/must.jpg\",\"width\":900,\"height\":900},{\"@type\":\"BreadcrumbList\",\"@id\":\"https:\\\/\\\/rivet.ee\\\/fi\\\/toode\\\/vahatatud-niit-06mm-must\\\/#breadcrumb\",\"itemListElement\":[{\"@type\":\"ListItem\",\"position\":1,\"name\":\"Home\",\"item\":\"https:\\\/\\\/rivet.ee\\\/fi\\\/\"},{\"@type\":\"ListItem\",\"position\":2,\"name\":\"Tooted\",\"item\":\"https:\\\/\\\/rivet.ee\\\/fi\\\/tooted\\\/\"},{\"@type\":\"ListItem\",\"position\":3,\"name\":\"Vahatatud niit 0,6mm must\"}]},{\"@type\":\"WebSite\",\"@id\":\"https:\\\/\\\/rivet.ee\\\/fi\\\/#website\",\"url\":\"https:\\\/\\\/rivet.ee\\\/fi\\\/\",\"name\":\"Rivet\",\"description\":\"\",\"publisher\":{\"@id\":\"https:\\\/\\\/rivet.ee\\\/fi\\\/#organization\"},\"potentialAction\":[{\"@type\":\"SearchAction\",\"target\":{\"@type\":\"EntryPoint\",\"urlTemplate\":\"https:\\\/\\\/rivet.ee\\\/fi\\\/?s={search_term_string}\"},\"query-input\":{\"@type\":\"PropertyValueSpecification\",\"valueRequired\":true,\"valueName\":\"search_term_string\"}}],\"inLanguage\":\"fi\"},{\"@type\":\"Organization\",\"@id\":\"https:\\\/\\\/rivet.ee\\\/fi\\\/#organization\",\"name\":\"Rivet\",\"url\":\"https:\\\/\\\/rivet.ee\\\/fi\\\/\",\"logo\":{\"@type\":\"ImageObject\",\"inLanguage\":\"fi\",\"@id\":\"https:\\\/\\\/rivet.ee\\\/fi\\\/#\\\/schema\\\/logo\\\/image\\\/\",\"url\":\"https:\\\/\\\/rivet.ee\\\/wp-content\\\/uploads\\\/2021\\\/11\\\/logo.jpg\",\"contentUrl\":\"https:\\\/\\\/rivet.ee\\\/wp-content\\\/uploads\\\/2021\\\/11\\\/logo.jpg\",\"width\":397,\"height\":152,\"caption\":\"Rivet\"},\"image\":{\"@id\":\"https:\\\/\\\/rivet.ee\\\/fi\\\/#\\\/schema\\\/logo\\\/image\\\/\"}}]}<\/script>\n<!-- \/ Yoast SEO plugin. -->","yoast_head_json":{"title":"Vahatatud niit 0,6mm must | Rivet","robots":{"index":"index","follow":"follow","max-snippet":"max-snippet:-1","max-image-preview":"max-image-preview:large","max-video-preview":"max-video-preview:-1"},"canonical":"https:\/\/rivet.ee\/fi\/toode\/vahatatud-niit-06mm-must\/","og_locale":"fi_FI","og_type":"article","og_title":"Vahatatud niit 0,6mm must | Rivet","og_description":"Punutud,\u00a0\u00a0vahatatud niit k\u00e4sitsi \u00f5mblemiseks . J\u00e4me niit tugevate \u00f5mbluste ja dekoratiiv\u00f5mbluste \u00f5mblemiseks. Kasutatakse k\u00e4sitsi \u00f5mblemisel (k\u00f5rge tugevusega \u00f5mblused), pealsete (eriti","og_url":"https:\/\/rivet.ee\/fi\/toode\/vahatatud-niit-06mm-must\/","og_site_name":"Rivet","article_modified_time":"2025-10-20T12:28:50+00:00","og_image":[{"width":900,"height":900,"url":"https:\/\/rivet.ee\/wp-content\/uploads\/2022\/04\/must.jpg","type":"image\/jpeg"}],"twitter_card":"summary_large_image","twitter_misc":{"Arvioitu lukuaika":"1 minuutti"},"schema":{"@context":"https:\/\/schema.org","@graph":[{"@type":"WebPage","@id":"https:\/\/rivet.ee\/fi\/toode\/vahatatud-niit-06mm-must\/","url":"https:\/\/rivet.ee\/fi\/toode\/vahatatud-niit-06mm-must\/","name":"Vahatatud niit 0,6mm must | Rivet","isPartOf":{"@id":"https:\/\/rivet.ee\/fi\/#website"},"primaryImageOfPage":{"@id":"https:\/\/rivet.ee\/fi\/toode\/vahatatud-niit-06mm-must\/#primaryimage"},"image":{"@id":"https:\/\/rivet.ee\/toode\/vahatatud-niit-06mm-must\/#primaryimage"},"thumbnailUrl":"https:\/\/rivet.ee\/wp-content\/uploads\/2022\/04\/must.jpg","datePublished":"2022-04-19T06:15:08+00:00","dateModified":"2025-10-20T12:28:50+00:00","breadcrumb":{"@id":"https:\/\/rivet.ee\/fi\/toode\/vahatatud-niit-06mm-must\/#breadcrumb"},"inLanguage":"fi","potentialAction":[{"@type":"ReadAction","target":[["https:\/\/rivet.ee\/fi\/toode\/vahatatud-niit-06mm-must\/"]]}]},{"@type":"ImageObject","inLanguage":"fi","@id":"https:\/\/rivet.ee\/fi\/toode\/vahatatud-niit-06mm-must\/#primaryimage","url":"https:\/\/rivet.ee\/wp-content\/uploads\/2022\/04\/must.jpg","contentUrl":"https:\/\/rivet.ee\/wp-content\/uploads\/2022\/04\/must.jpg","width":900,"height":900},{"@type":"BreadcrumbList","@id":"https:\/\/rivet.ee\/fi\/toode\/vahatatud-niit-06mm-must\/#breadcrumb","itemListElement":[{"@type":"ListItem","position":1,"name":"Home","item":"https:\/\/rivet.ee\/fi\/"},{"@type":"ListItem","position":2,"name":"Tooted","item":"https:\/\/rivet.ee\/fi\/tooted\/"},{"@type":"ListItem","position":3,"name":"Vahatatud niit 0,6mm must"}]},{"@type":"WebSite","@id":"https:\/\/rivet.ee\/fi\/#website","url":"https:\/\/rivet.ee\/fi\/","name":"Rivet","description":"","publisher":{"@id":"https:\/\/rivet.ee\/fi\/#organization"},"potentialAction":[{"@type":"SearchAction","target":{"@type":"EntryPoint","urlTemplate":"https:\/\/rivet.ee\/fi\/?s={search_term_string}"},"query-input":{"@type":"PropertyValueSpecification","valueRequired":true,"valueName":"search_term_string"}}],"inLanguage":"fi"},{"@type":"Organization","@id":"https:\/\/rivet.ee\/fi\/#organization","name":"Rivet","url":"https:\/\/rivet.ee\/fi\/","logo":{"@type":"ImageObject","inLanguage":"fi","@id":"https:\/\/rivet.ee\/fi\/#\/schema\/logo\/image\/","url":"https:\/\/rivet.ee\/wp-content\/uploads\/2021\/11\/logo.jpg","contentUrl":"https:\/\/rivet.ee\/wp-content\/uploads\/2021\/11\/logo.jpg","width":397,"height":152,"caption":"Rivet"},"image":{"@id":"https:\/\/rivet.ee\/fi\/#\/schema\/logo\/image\/"}}]}},"_links":{"self":[{"href":"https:\/\/rivet.ee\/fi\/wp-json\/wp\/v2\/product\/11292","targetHints":{"allow":["GET"]}}],"collection":[{"href":"https:\/\/rivet.ee\/fi\/wp-json\/wp\/v2\/product"}],"about":[{"href":"https:\/\/rivet.ee\/fi\/wp-json\/wp\/v2\/types\/product"}],"replies":[{"embeddable":true,"href":"https:\/\/rivet.ee\/fi\/wp-json\/wp\/v2\/comments?post=11292"}],"wp:featuredmedia":[{"embeddable":true,"href":"https:\/\/rivet.ee\/fi\/wp-json\/wp\/v2\/media\/11376"}],"wp:attachment":[{"href":"https:\/\/rivet.ee\/fi\/wp-json\/wp\/v2\/media?parent=11292"}],"wp:term":[{"taxonomy":"product_brand","embeddable":true,"href":"https:\/\/rivet.ee\/fi\/wp-json\/wp\/v2\/product_brand?post=11292"},{"taxonomy":"product_cat","embeddable":true,"href":"https:\/\/rivet.ee\/fi\/wp-json\/wp\/v2\/product_cat?post=11292"},{"taxonomy":"product_tag","embeddable":true,"href":"https:\/\/rivet.ee\/fi\/wp-json\/wp\/v2\/product_tag?post=11292"}],"curies":[{"name":"wp","href":"https:\/\/api.w.org\/{rel}","templated":true}]}}