{"id":13372,"date":"2022-11-15T13:05:47","date_gmt":"2022-11-15T11:05:47","guid":{"rendered":"https:\/\/rivet.ee\/?post_type=product&#038;p=13372"},"modified":"2026-02-16T11:08:21","modified_gmt":"2026-02-16T09:08:21","slug":"seiwa-tokonole-poleerimisvahend-120g","status":"publish","type":"product","link":"https:\/\/rivet.ee\/fi\/toode\/seiwa-tokonole-poleerimisvahend-120g\/","title":{"rendered":"Seiwa Tokonole kiillotusaine 120g"},"content":{"rendered":"<p>Viimistlusvahend naha servadele ja tagumisele poolele. Veebaasil ja mesilasvahaga, mis teeb naha pehmeks, vastupidavaks ja elastseks. Kerge \u00fchtlaselt laiali h\u00f5\u00f5ruda. L\u00f5hnatu ja mittetoksiline.<\/p>\n<p>Kasutamine: kanda \u00fchtlaselt \u00f5huke kiht naha tagamisele k\u00fcljele v\u00f5i servadele ja poleerida. Sobib k\u00f5ikidele nahat\u00fc\u00fcpidele.<\/p>\n<p>V\u00e4rvid: pruun, must, v\u00e4rvitu<\/p>\n<p>Kaal: 120g<\/p>","protected":false},"excerpt":{"rendered":"<p>Viimistlusvahend naha servadele ja tagumisele poolele. Veebaasil ja mesilasvahaga, mis teeb naha pehmeks, vastupidavaks ja elastseks. Kerge \u00fchtlaselt laiali h\u00f5\u00f5ruda.<\/p>\n","protected":false},"featured_media":13373,"comment_status":"closed","ping_status":"closed","template":"","meta":[],"product_brand":[],"product_cat":[200,201],"product_tag":[],"class_list":{"0":"post-13372","1":"product","2":"type-product","3":"status-publish","4":"has-post-thumbnail","6":"product_cat-olid-vahad","7":"product_cat-varvid","9":"first","10":"instock","11":"taxable","12":"shipping-taxable","13":"purchasable","14":"product-type-variable"},"yoast_head":"<!-- This site is optimized with the Yoast SEO plugin v27.4 - https:\/\/yoast.com\/product\/yoast-seo-wordpress\/ -->\n<title>Seiwa Tokonole kiillotusaine 120g | Rivet<\/title>\n<meta name=\"robots\" content=\"index, follow, max-snippet:-1, max-image-preview:large, max-video-preview:-1\" \/>\n<link rel=\"canonical\" href=\"https:\/\/rivet.ee\/fi\/toode\/seiwa-tokonole-poleerimisvahend-120g\/\" \/>\n<meta property=\"og:locale\" content=\"fi_FI\" \/>\n<meta property=\"og:type\" content=\"article\" \/>\n<meta property=\"og:title\" content=\"Seiwa Tokonole kiillotusaine 120g | Rivet\" \/>\n<meta property=\"og:description\" content=\"Viimistlusvahend naha servadele ja tagumisele poolele. Veebaasil ja mesilasvahaga, mis teeb naha pehmeks, vastupidavaks ja elastseks. Kerge \u00fchtlaselt laiali h\u00f5\u00f5ruda.\" \/>\n<meta property=\"og:url\" content=\"https:\/\/rivet.ee\/fi\/toode\/seiwa-tokonole-poleerimisvahend-120g\/\" \/>\n<meta property=\"og:site_name\" content=\"Rivet\" \/>\n<meta property=\"article:modified_time\" content=\"2026-02-16T09:08:21+00:00\" \/>\n<meta property=\"og:image\" content=\"https:\/\/rivet.ee\/wp-content\/uploads\/2022\/11\/tokonole-pruun-800x800-1.png\" \/>\n\t<meta property=\"og:image:width\" content=\"800\" \/>\n\t<meta property=\"og:image:height\" content=\"800\" \/>\n\t<meta property=\"og:image:type\" content=\"image\/png\" \/>\n<meta name=\"twitter:card\" content=\"summary_large_image\" \/>\n<meta name=\"twitter:label1\" content=\"Arvioitu lukuaika\" \/>\n\t<meta name=\"twitter:data1\" content=\"1 minuutti\" \/>\n<script type=\"application\/ld+json\" class=\"yoast-schema-graph\">{\"@context\":\"https:\\\/\\\/schema.org\",\"@graph\":[{\"@type\":\"WebPage\",\"@id\":\"https:\\\/\\\/rivet.ee\\\/fi\\\/toode\\\/seiwa-tokonole-poleerimisvahend-120g\\\/\",\"url\":\"https:\\\/\\\/rivet.ee\\\/fi\\\/toode\\\/seiwa-tokonole-poleerimisvahend-120g\\\/\",\"name\":\"Seiwa Tokonole kiillotusaine 120g | Rivet\",\"isPartOf\":{\"@id\":\"https:\\\/\\\/rivet.ee\\\/fi\\\/#website\"},\"primaryImageOfPage\":{\"@id\":\"https:\\\/\\\/rivet.ee\\\/fi\\\/toode\\\/seiwa-tokonole-poleerimisvahend-120g\\\/#primaryimage\"},\"image\":{\"@id\":\"https:\\\/\\\/rivet.ee\\\/toode\\\/seiwa-tokonole-poleerimisvahend-120g\\\/#primaryimage\"},\"thumbnailUrl\":\"https:\\\/\\\/rivet.ee\\\/wp-content\\\/uploads\\\/2022\\\/11\\\/tokonole-pruun-800x800-1.png\",\"datePublished\":\"2022-11-15T11:05:47+00:00\",\"dateModified\":\"2026-02-16T09:08:21+00:00\",\"breadcrumb\":{\"@id\":\"https:\\\/\\\/rivet.ee\\\/fi\\\/toode\\\/seiwa-tokonole-poleerimisvahend-120g\\\/#breadcrumb\"},\"inLanguage\":\"fi\",\"potentialAction\":[{\"@type\":\"ReadAction\",\"target\":[[\"https:\\\/\\\/rivet.ee\\\/fi\\\/toode\\\/seiwa-tokonole-poleerimisvahend-120g\\\/\"]]}]},{\"@type\":\"ImageObject\",\"inLanguage\":\"fi\",\"@id\":\"https:\\\/\\\/rivet.ee\\\/fi\\\/toode\\\/seiwa-tokonole-poleerimisvahend-120g\\\/#primaryimage\",\"url\":\"https:\\\/\\\/rivet.ee\\\/wp-content\\\/uploads\\\/2022\\\/11\\\/tokonole-pruun-800x800-1.png\",\"contentUrl\":\"https:\\\/\\\/rivet.ee\\\/wp-content\\\/uploads\\\/2022\\\/11\\\/tokonole-pruun-800x800-1.png\",\"width\":800,\"height\":800},{\"@type\":\"BreadcrumbList\",\"@id\":\"https:\\\/\\\/rivet.ee\\\/fi\\\/toode\\\/seiwa-tokonole-poleerimisvahend-120g\\\/#breadcrumb\",\"itemListElement\":[{\"@type\":\"ListItem\",\"position\":1,\"name\":\"Home\",\"item\":\"https:\\\/\\\/rivet.ee\\\/fi\\\/\"},{\"@type\":\"ListItem\",\"position\":2,\"name\":\"Tooted\",\"item\":\"https:\\\/\\\/rivet.ee\\\/fi\\\/tooted\\\/\"},{\"@type\":\"ListItem\",\"position\":3,\"name\":\"Seiwa Tokonole poleerimisvahend 120g\"}]},{\"@type\":\"WebSite\",\"@id\":\"https:\\\/\\\/rivet.ee\\\/fi\\\/#website\",\"url\":\"https:\\\/\\\/rivet.ee\\\/fi\\\/\",\"name\":\"Rivet\",\"description\":\"\",\"publisher\":{\"@id\":\"https:\\\/\\\/rivet.ee\\\/fi\\\/#organization\"},\"potentialAction\":[{\"@type\":\"SearchAction\",\"target\":{\"@type\":\"EntryPoint\",\"urlTemplate\":\"https:\\\/\\\/rivet.ee\\\/fi\\\/?s={search_term_string}\"},\"query-input\":{\"@type\":\"PropertyValueSpecification\",\"valueRequired\":true,\"valueName\":\"search_term_string\"}}],\"inLanguage\":\"fi\"},{\"@type\":\"Organization\",\"@id\":\"https:\\\/\\\/rivet.ee\\\/fi\\\/#organization\",\"name\":\"Rivet\",\"url\":\"https:\\\/\\\/rivet.ee\\\/fi\\\/\",\"logo\":{\"@type\":\"ImageObject\",\"inLanguage\":\"fi\",\"@id\":\"https:\\\/\\\/rivet.ee\\\/fi\\\/#\\\/schema\\\/logo\\\/image\\\/\",\"url\":\"https:\\\/\\\/rivet.ee\\\/wp-content\\\/uploads\\\/2021\\\/11\\\/logo.jpg\",\"contentUrl\":\"https:\\\/\\\/rivet.ee\\\/wp-content\\\/uploads\\\/2021\\\/11\\\/logo.jpg\",\"width\":397,\"height\":152,\"caption\":\"Rivet\"},\"image\":{\"@id\":\"https:\\\/\\\/rivet.ee\\\/fi\\\/#\\\/schema\\\/logo\\\/image\\\/\"}}]}<\/script>\n<!-- \/ Yoast SEO plugin. -->","yoast_head_json":{"title":"Seiwa Tokonole kiillotusaine 120g | Rivet","robots":{"index":"index","follow":"follow","max-snippet":"max-snippet:-1","max-image-preview":"max-image-preview:large","max-video-preview":"max-video-preview:-1"},"canonical":"https:\/\/rivet.ee\/fi\/toode\/seiwa-tokonole-poleerimisvahend-120g\/","og_locale":"fi_FI","og_type":"article","og_title":"Seiwa Tokonole kiillotusaine 120g | Rivet","og_description":"Viimistlusvahend naha servadele ja tagumisele poolele. Veebaasil ja mesilasvahaga, mis teeb naha pehmeks, vastupidavaks ja elastseks. Kerge \u00fchtlaselt laiali h\u00f5\u00f5ruda.","og_url":"https:\/\/rivet.ee\/fi\/toode\/seiwa-tokonole-poleerimisvahend-120g\/","og_site_name":"Rivet","article_modified_time":"2026-02-16T09:08:21+00:00","og_image":[{"width":800,"height":800,"url":"https:\/\/rivet.ee\/wp-content\/uploads\/2022\/11\/tokonole-pruun-800x800-1.png","type":"image\/png"}],"twitter_card":"summary_large_image","twitter_misc":{"Arvioitu lukuaika":"1 minuutti"},"schema":{"@context":"https:\/\/schema.org","@graph":[{"@type":"WebPage","@id":"https:\/\/rivet.ee\/fi\/toode\/seiwa-tokonole-poleerimisvahend-120g\/","url":"https:\/\/rivet.ee\/fi\/toode\/seiwa-tokonole-poleerimisvahend-120g\/","name":"Seiwa Tokonole kiillotusaine 120g | Rivet","isPartOf":{"@id":"https:\/\/rivet.ee\/fi\/#website"},"primaryImageOfPage":{"@id":"https:\/\/rivet.ee\/fi\/toode\/seiwa-tokonole-poleerimisvahend-120g\/#primaryimage"},"image":{"@id":"https:\/\/rivet.ee\/toode\/seiwa-tokonole-poleerimisvahend-120g\/#primaryimage"},"thumbnailUrl":"https:\/\/rivet.ee\/wp-content\/uploads\/2022\/11\/tokonole-pruun-800x800-1.png","datePublished":"2022-11-15T11:05:47+00:00","dateModified":"2026-02-16T09:08:21+00:00","breadcrumb":{"@id":"https:\/\/rivet.ee\/fi\/toode\/seiwa-tokonole-poleerimisvahend-120g\/#breadcrumb"},"inLanguage":"fi","potentialAction":[{"@type":"ReadAction","target":[["https:\/\/rivet.ee\/fi\/toode\/seiwa-tokonole-poleerimisvahend-120g\/"]]}]},{"@type":"ImageObject","inLanguage":"fi","@id":"https:\/\/rivet.ee\/fi\/toode\/seiwa-tokonole-poleerimisvahend-120g\/#primaryimage","url":"https:\/\/rivet.ee\/wp-content\/uploads\/2022\/11\/tokonole-pruun-800x800-1.png","contentUrl":"https:\/\/rivet.ee\/wp-content\/uploads\/2022\/11\/tokonole-pruun-800x800-1.png","width":800,"height":800},{"@type":"BreadcrumbList","@id":"https:\/\/rivet.ee\/fi\/toode\/seiwa-tokonole-poleerimisvahend-120g\/#breadcrumb","itemListElement":[{"@type":"ListItem","position":1,"name":"Home","item":"https:\/\/rivet.ee\/fi\/"},{"@type":"ListItem","position":2,"name":"Tooted","item":"https:\/\/rivet.ee\/fi\/tooted\/"},{"@type":"ListItem","position":3,"name":"Seiwa Tokonole poleerimisvahend 120g"}]},{"@type":"WebSite","@id":"https:\/\/rivet.ee\/fi\/#website","url":"https:\/\/rivet.ee\/fi\/","name":"Rivet","description":"","publisher":{"@id":"https:\/\/rivet.ee\/fi\/#organization"},"potentialAction":[{"@type":"SearchAction","target":{"@type":"EntryPoint","urlTemplate":"https:\/\/rivet.ee\/fi\/?s={search_term_string}"},"query-input":{"@type":"PropertyValueSpecification","valueRequired":true,"valueName":"search_term_string"}}],"inLanguage":"fi"},{"@type":"Organization","@id":"https:\/\/rivet.ee\/fi\/#organization","name":"Rivet","url":"https:\/\/rivet.ee\/fi\/","logo":{"@type":"ImageObject","inLanguage":"fi","@id":"https:\/\/rivet.ee\/fi\/#\/schema\/logo\/image\/","url":"https:\/\/rivet.ee\/wp-content\/uploads\/2021\/11\/logo.jpg","contentUrl":"https:\/\/rivet.ee\/wp-content\/uploads\/2021\/11\/logo.jpg","width":397,"height":152,"caption":"Rivet"},"image":{"@id":"https:\/\/rivet.ee\/fi\/#\/schema\/logo\/image\/"}}]}},"_links":{"self":[{"href":"https:\/\/rivet.ee\/fi\/wp-json\/wp\/v2\/product\/13372","targetHints":{"allow":["GET"]}}],"collection":[{"href":"https:\/\/rivet.ee\/fi\/wp-json\/wp\/v2\/product"}],"about":[{"href":"https:\/\/rivet.ee\/fi\/wp-json\/wp\/v2\/types\/product"}],"replies":[{"embeddable":true,"href":"https:\/\/rivet.ee\/fi\/wp-json\/wp\/v2\/comments?post=13372"}],"wp:featuredmedia":[{"embeddable":true,"href":"https:\/\/rivet.ee\/fi\/wp-json\/wp\/v2\/media\/13373"}],"wp:attachment":[{"href":"https:\/\/rivet.ee\/fi\/wp-json\/wp\/v2\/media?parent=13372"}],"wp:term":[{"taxonomy":"product_brand","embeddable":true,"href":"https:\/\/rivet.ee\/fi\/wp-json\/wp\/v2\/product_brand?post=13372"},{"taxonomy":"product_cat","embeddable":true,"href":"https:\/\/rivet.ee\/fi\/wp-json\/wp\/v2\/product_cat?post=13372"},{"taxonomy":"product_tag","embeddable":true,"href":"https:\/\/rivet.ee\/fi\/wp-json\/wp\/v2\/product_tag?post=13372"}],"curies":[{"name":"wp","href":"https:\/\/api.w.org\/{rel}","templated":true}]}}