{"id":14387,"date":"2023-03-17T10:46:01","date_gmt":"2023-03-17T08:46:01","guid":{"rendered":"https:\/\/rivet.ee\/?post_type=product&#038;p=14387"},"modified":"2025-12-12T12:48:00","modified_gmt":"2025-12-12T10:48:00","slug":"nahaliim-seiwa-bond-ace-100g","status":"publish","type":"product","link":"https:\/\/rivet.ee\/fi\/toode\/nahaliim-seiwa-bond-ace-100g\/","title":{"rendered":"Nahaliim Seiwa Bond Ace 100ml"},"content":{"rendered":"<p>Veep\u00f5hine, l\u00f5hnatu ja v\u00e4rvitu\u00a0 liim nahktoodete liimimiseks. Saab kasutada n\u00e4iteks voodrite liimimisel, kingade parandamisel v\u00f5i nahktoodete renoveerimisel.<\/p>\n<p><strong>Kasutamine: <\/strong><\/p>\n<p>Enne kasutamist puhastada nahapind. Kanda liim pintsli v\u00f5i plastspaatliga m\u00f5lemale liimitavale pinnale \u00fchtlase kihina ja lasta umbes 30min kuivada. Seej\u00e4rel pressida liimitud pinnad tugevalt kokku, mille tulemusel tekib tugev ja paidumatu \u00fchendus. T\u00e4ielikult kuivab 24 tunniga.<\/p>\n<p>Pole soovitatud kasutada kohtades, mis peavad vastu pidama suurele veesurvele.<\/p>\n<p><strong>Hoiustamine:<\/strong><\/p>\n<p>Hoida jahedas ja varjulises kohas. P\u00e4rast igat kasutamist sulgeda kaas korralikult, kui liim kuivab ja k\u00f5veneb, ei saa seda uuesti kasutada. Hoida lastele k\u00e4ttesaamatus kohas, mitte alla neelata. Liimis sisalduvad lahustid on tuleohtlikud.<\/p>","protected":false},"excerpt":{"rendered":"<p>Veep\u00f5hine, l\u00f5hnatu ja v\u00e4rvitu\u00a0 liim nahktoodete liimimiseks. Saab kasutada n\u00e4iteks voodrite liimimisel, kingade parandamisel v\u00f5i nahktoodete renoveerimisel. Kasutamine: Enne kasutamist<\/p>\n","protected":false},"featured_media":14388,"comment_status":"closed","ping_status":"closed","template":"","meta":[],"product_brand":[],"product_cat":[77,199],"product_tag":[],"class_list":{"0":"post-14387","1":"product","2":"type-product","3":"status-publish","4":"has-post-thumbnail","6":"product_cat-tooriistad-tarvikud","7":"product_cat-liimid","9":"first","10":"outofstock","11":"taxable","12":"shipping-taxable","13":"purchasable","14":"product-type-simple"},"yoast_head":"<!-- This site is optimized with the Yoast SEO plugin v27.3 - https:\/\/yoast.com\/product\/yoast-seo-wordpress\/ -->\n<title>Nahaliim Seiwa Bond Ace 100ml | Rivet<\/title>\n<meta name=\"robots\" content=\"index, follow, max-snippet:-1, max-image-preview:large, max-video-preview:-1\" \/>\n<link rel=\"canonical\" href=\"https:\/\/rivet.ee\/fi\/toode\/nahaliim-seiwa-bond-ace-100g\/\" \/>\n<meta property=\"og:locale\" content=\"fi_FI\" \/>\n<meta property=\"og:type\" content=\"article\" \/>\n<meta property=\"og:title\" content=\"Nahaliim Seiwa Bond Ace 100ml | Rivet\" \/>\n<meta property=\"og:description\" content=\"Veep\u00f5hine, l\u00f5hnatu ja v\u00e4rvitu\u00a0 liim nahktoodete liimimiseks. Saab kasutada n\u00e4iteks voodrite liimimisel, kingade parandamisel v\u00f5i nahktoodete renoveerimisel. Kasutamine: Enne kasutamist\" \/>\n<meta property=\"og:url\" content=\"https:\/\/rivet.ee\/fi\/toode\/nahaliim-seiwa-bond-ace-100g\/\" \/>\n<meta property=\"og:site_name\" content=\"Rivet\" \/>\n<meta property=\"article:modified_time\" content=\"2025-12-12T10:48:00+00:00\" \/>\n<meta property=\"og:image\" content=\"https:\/\/rivet.ee\/wp-content\/uploads\/2023\/03\/nahaliim-seiwa-800x800-1.png\" \/>\n\t<meta property=\"og:image:width\" content=\"800\" \/>\n\t<meta property=\"og:image:height\" content=\"800\" \/>\n\t<meta property=\"og:image:type\" content=\"image\/png\" \/>\n<meta name=\"twitter:card\" content=\"summary_large_image\" \/>\n<meta name=\"twitter:label1\" content=\"Arvioitu lukuaika\" \/>\n\t<meta name=\"twitter:data1\" content=\"1 minuutti\" \/>\n<script type=\"application\/ld+json\" class=\"yoast-schema-graph\">{\"@context\":\"https:\\\/\\\/schema.org\",\"@graph\":[{\"@type\":\"WebPage\",\"@id\":\"https:\\\/\\\/rivet.ee\\\/fi\\\/toode\\\/nahaliim-seiwa-bond-ace-100g\\\/\",\"url\":\"https:\\\/\\\/rivet.ee\\\/fi\\\/toode\\\/nahaliim-seiwa-bond-ace-100g\\\/\",\"name\":\"Nahaliim Seiwa Bond Ace 100ml | Rivet\",\"isPartOf\":{\"@id\":\"https:\\\/\\\/rivet.ee\\\/fi\\\/#website\"},\"primaryImageOfPage\":{\"@id\":\"https:\\\/\\\/rivet.ee\\\/fi\\\/toode\\\/nahaliim-seiwa-bond-ace-100g\\\/#primaryimage\"},\"image\":{\"@id\":\"https:\\\/\\\/rivet.ee\\\/toode\\\/nahaliim-seiwa-bond-ace-100g\\\/#primaryimage\"},\"thumbnailUrl\":\"https:\\\/\\\/rivet.ee\\\/wp-content\\\/uploads\\\/2023\\\/03\\\/nahaliim-seiwa-800x800-1.png\",\"datePublished\":\"2023-03-17T08:46:01+00:00\",\"dateModified\":\"2025-12-12T10:48:00+00:00\",\"breadcrumb\":{\"@id\":\"https:\\\/\\\/rivet.ee\\\/fi\\\/toode\\\/nahaliim-seiwa-bond-ace-100g\\\/#breadcrumb\"},\"inLanguage\":\"fi\",\"potentialAction\":[{\"@type\":\"ReadAction\",\"target\":[[\"https:\\\/\\\/rivet.ee\\\/fi\\\/toode\\\/nahaliim-seiwa-bond-ace-100g\\\/\"]]}]},{\"@type\":\"ImageObject\",\"inLanguage\":\"fi\",\"@id\":\"https:\\\/\\\/rivet.ee\\\/fi\\\/toode\\\/nahaliim-seiwa-bond-ace-100g\\\/#primaryimage\",\"url\":\"https:\\\/\\\/rivet.ee\\\/wp-content\\\/uploads\\\/2023\\\/03\\\/nahaliim-seiwa-800x800-1.png\",\"contentUrl\":\"https:\\\/\\\/rivet.ee\\\/wp-content\\\/uploads\\\/2023\\\/03\\\/nahaliim-seiwa-800x800-1.png\",\"width\":800,\"height\":800},{\"@type\":\"BreadcrumbList\",\"@id\":\"https:\\\/\\\/rivet.ee\\\/fi\\\/toode\\\/nahaliim-seiwa-bond-ace-100g\\\/#breadcrumb\",\"itemListElement\":[{\"@type\":\"ListItem\",\"position\":1,\"name\":\"Home\",\"item\":\"https:\\\/\\\/rivet.ee\\\/fi\\\/\"},{\"@type\":\"ListItem\",\"position\":2,\"name\":\"Tooted\",\"item\":\"https:\\\/\\\/rivet.ee\\\/fi\\\/tooted\\\/\"},{\"@type\":\"ListItem\",\"position\":3,\"name\":\"Nahaliim Seiwa Bond Ace 100ml\"}]},{\"@type\":\"WebSite\",\"@id\":\"https:\\\/\\\/rivet.ee\\\/fi\\\/#website\",\"url\":\"https:\\\/\\\/rivet.ee\\\/fi\\\/\",\"name\":\"Rivet\",\"description\":\"\",\"publisher\":{\"@id\":\"https:\\\/\\\/rivet.ee\\\/fi\\\/#organization\"},\"potentialAction\":[{\"@type\":\"SearchAction\",\"target\":{\"@type\":\"EntryPoint\",\"urlTemplate\":\"https:\\\/\\\/rivet.ee\\\/fi\\\/?s={search_term_string}\"},\"query-input\":{\"@type\":\"PropertyValueSpecification\",\"valueRequired\":true,\"valueName\":\"search_term_string\"}}],\"inLanguage\":\"fi\"},{\"@type\":\"Organization\",\"@id\":\"https:\\\/\\\/rivet.ee\\\/fi\\\/#organization\",\"name\":\"Rivet\",\"url\":\"https:\\\/\\\/rivet.ee\\\/fi\\\/\",\"logo\":{\"@type\":\"ImageObject\",\"inLanguage\":\"fi\",\"@id\":\"https:\\\/\\\/rivet.ee\\\/fi\\\/#\\\/schema\\\/logo\\\/image\\\/\",\"url\":\"https:\\\/\\\/rivet.ee\\\/wp-content\\\/uploads\\\/2021\\\/11\\\/logo.jpg\",\"contentUrl\":\"https:\\\/\\\/rivet.ee\\\/wp-content\\\/uploads\\\/2021\\\/11\\\/logo.jpg\",\"width\":397,\"height\":152,\"caption\":\"Rivet\"},\"image\":{\"@id\":\"https:\\\/\\\/rivet.ee\\\/fi\\\/#\\\/schema\\\/logo\\\/image\\\/\"}}]}<\/script>\n<!-- \/ Yoast SEO plugin. -->","yoast_head_json":{"title":"Nahaliim Seiwa Bond Ace 100ml | Rivet","robots":{"index":"index","follow":"follow","max-snippet":"max-snippet:-1","max-image-preview":"max-image-preview:large","max-video-preview":"max-video-preview:-1"},"canonical":"https:\/\/rivet.ee\/fi\/toode\/nahaliim-seiwa-bond-ace-100g\/","og_locale":"fi_FI","og_type":"article","og_title":"Nahaliim Seiwa Bond Ace 100ml | Rivet","og_description":"Veep\u00f5hine, l\u00f5hnatu ja v\u00e4rvitu\u00a0 liim nahktoodete liimimiseks. Saab kasutada n\u00e4iteks voodrite liimimisel, kingade parandamisel v\u00f5i nahktoodete renoveerimisel. Kasutamine: Enne kasutamist","og_url":"https:\/\/rivet.ee\/fi\/toode\/nahaliim-seiwa-bond-ace-100g\/","og_site_name":"Rivet","article_modified_time":"2025-12-12T10:48:00+00:00","og_image":[{"width":800,"height":800,"url":"https:\/\/rivet.ee\/wp-content\/uploads\/2023\/03\/nahaliim-seiwa-800x800-1.png","type":"image\/png"}],"twitter_card":"summary_large_image","twitter_misc":{"Arvioitu lukuaika":"1 minuutti"},"schema":{"@context":"https:\/\/schema.org","@graph":[{"@type":"WebPage","@id":"https:\/\/rivet.ee\/fi\/toode\/nahaliim-seiwa-bond-ace-100g\/","url":"https:\/\/rivet.ee\/fi\/toode\/nahaliim-seiwa-bond-ace-100g\/","name":"Nahaliim Seiwa Bond Ace 100ml | Rivet","isPartOf":{"@id":"https:\/\/rivet.ee\/fi\/#website"},"primaryImageOfPage":{"@id":"https:\/\/rivet.ee\/fi\/toode\/nahaliim-seiwa-bond-ace-100g\/#primaryimage"},"image":{"@id":"https:\/\/rivet.ee\/toode\/nahaliim-seiwa-bond-ace-100g\/#primaryimage"},"thumbnailUrl":"https:\/\/rivet.ee\/wp-content\/uploads\/2023\/03\/nahaliim-seiwa-800x800-1.png","datePublished":"2023-03-17T08:46:01+00:00","dateModified":"2025-12-12T10:48:00+00:00","breadcrumb":{"@id":"https:\/\/rivet.ee\/fi\/toode\/nahaliim-seiwa-bond-ace-100g\/#breadcrumb"},"inLanguage":"fi","potentialAction":[{"@type":"ReadAction","target":[["https:\/\/rivet.ee\/fi\/toode\/nahaliim-seiwa-bond-ace-100g\/"]]}]},{"@type":"ImageObject","inLanguage":"fi","@id":"https:\/\/rivet.ee\/fi\/toode\/nahaliim-seiwa-bond-ace-100g\/#primaryimage","url":"https:\/\/rivet.ee\/wp-content\/uploads\/2023\/03\/nahaliim-seiwa-800x800-1.png","contentUrl":"https:\/\/rivet.ee\/wp-content\/uploads\/2023\/03\/nahaliim-seiwa-800x800-1.png","width":800,"height":800},{"@type":"BreadcrumbList","@id":"https:\/\/rivet.ee\/fi\/toode\/nahaliim-seiwa-bond-ace-100g\/#breadcrumb","itemListElement":[{"@type":"ListItem","position":1,"name":"Home","item":"https:\/\/rivet.ee\/fi\/"},{"@type":"ListItem","position":2,"name":"Tooted","item":"https:\/\/rivet.ee\/fi\/tooted\/"},{"@type":"ListItem","position":3,"name":"Nahaliim Seiwa Bond Ace 100ml"}]},{"@type":"WebSite","@id":"https:\/\/rivet.ee\/fi\/#website","url":"https:\/\/rivet.ee\/fi\/","name":"Rivet","description":"","publisher":{"@id":"https:\/\/rivet.ee\/fi\/#organization"},"potentialAction":[{"@type":"SearchAction","target":{"@type":"EntryPoint","urlTemplate":"https:\/\/rivet.ee\/fi\/?s={search_term_string}"},"query-input":{"@type":"PropertyValueSpecification","valueRequired":true,"valueName":"search_term_string"}}],"inLanguage":"fi"},{"@type":"Organization","@id":"https:\/\/rivet.ee\/fi\/#organization","name":"Rivet","url":"https:\/\/rivet.ee\/fi\/","logo":{"@type":"ImageObject","inLanguage":"fi","@id":"https:\/\/rivet.ee\/fi\/#\/schema\/logo\/image\/","url":"https:\/\/rivet.ee\/wp-content\/uploads\/2021\/11\/logo.jpg","contentUrl":"https:\/\/rivet.ee\/wp-content\/uploads\/2021\/11\/logo.jpg","width":397,"height":152,"caption":"Rivet"},"image":{"@id":"https:\/\/rivet.ee\/fi\/#\/schema\/logo\/image\/"}}]}},"_links":{"self":[{"href":"https:\/\/rivet.ee\/fi\/wp-json\/wp\/v2\/product\/14387","targetHints":{"allow":["GET"]}}],"collection":[{"href":"https:\/\/rivet.ee\/fi\/wp-json\/wp\/v2\/product"}],"about":[{"href":"https:\/\/rivet.ee\/fi\/wp-json\/wp\/v2\/types\/product"}],"replies":[{"embeddable":true,"href":"https:\/\/rivet.ee\/fi\/wp-json\/wp\/v2\/comments?post=14387"}],"wp:featuredmedia":[{"embeddable":true,"href":"https:\/\/rivet.ee\/fi\/wp-json\/wp\/v2\/media\/14388"}],"wp:attachment":[{"href":"https:\/\/rivet.ee\/fi\/wp-json\/wp\/v2\/media?parent=14387"}],"wp:term":[{"taxonomy":"product_brand","embeddable":true,"href":"https:\/\/rivet.ee\/fi\/wp-json\/wp\/v2\/product_brand?post=14387"},{"taxonomy":"product_cat","embeddable":true,"href":"https:\/\/rivet.ee\/fi\/wp-json\/wp\/v2\/product_cat?post=14387"},{"taxonomy":"product_tag","embeddable":true,"href":"https:\/\/rivet.ee\/fi\/wp-json\/wp\/v2\/product_tag?post=14387"}],"curies":[{"name":"wp","href":"https:\/\/api.w.org\/{rel}","templated":true}]}}