{"id":14568,"date":"2023-04-21T09:46:36","date_gmt":"2023-04-21T06:46:36","guid":{"rendered":"https:\/\/rivet.ee\/?post_type=product&#038;p=14568"},"modified":"2025-03-25T13:55:39","modified_gmt":"2025-03-25T11:55:39","slug":"liim-boterm-gta-50ml","status":"publish","type":"product","link":"https:\/\/rivet.ee\/fi\/toode\/liim-boterm-gta-50ml\/","title":{"rendered":"Liima Bonikol PUR-B 50ml"},"content":{"rendered":"<p>\u00dchekomponentne liim, m\u00f5eldud kasutamiseks kinga-, naha- ja autot\u00f6\u00f6stuses ning teatud viimistlust\u00f6\u00f6del. Liimil on k\u00f5rge termiline vastupidavus.<\/p>\n<p><strong>Rakendus:<\/strong><\/p>\n<p>N\u00e4iteks saab liimi kasutada kummist ja nahast valmistatud jalan\u00f5udel, kattematerjalide, voodrite ja t\u00e4itematerjalide valmistamisel nahat\u00f6\u00f6stuses, autode polsterelementide uksek\u00fclgede liimimisel.<\/p>\n<p><strong>Kasutamine:<\/strong><\/p>\n<p>Liimitvad materjalid peavad olema v\u00e4hemalt 15\u00b0C. Liimitavad pinnad peavad olema puhastatud ja kuivad.<\/p>\n<p>Liim kantakse \u00f5hukese kihina m\u00f5lemale liimitavale pinnale. Imavate materjalide (nt tekstiil, nahk) puhul kandke \u00fcles liimi kaks korda, teine kiht umbes 20 minutit p\u00e4rast esimest. P\u00e4rast viimase kihi pealekandmist oodake umbes 15 minutit ja suruge pooled kokku. \u00dchenduskoha tugevuse suurendamiseks kuumutada seda 55\u00b0C. T\u00e4ielik tugevus tekib 48h jooksul.<\/p>\n<p><b>Ladustamise ja ohutustingimused:<\/b><\/p>\n<p>Hoida tihedalt suletud tehasepakendis, temperatuuril +5\u00b0C kuni +25\u00b0C. Kui toodet ei s\u00e4ilitata n\u00f5uetekohaselt, kaotab see oma kleepuvusomadused ja ei sobi kasutamiseks.V\u00e4ltida kokkupuudet silmade ja nahaga. Kasutada h\u00e4sti ventileeritud ruumides. Hoida lastele k\u00e4ttesaamatus kohas. Mitte alla neelata. Toode on klassifitseeritud ohtlikuks ja kergesti s\u00fcttivaks.<\/p>","protected":false},"excerpt":{"rendered":"<p>\u00dchekomponentne liim, m\u00f5eldud kasutamiseks kinga-, naha- ja autot\u00f6\u00f6stuses ning teatud viimistlust\u00f6\u00f6del. Liimil on k\u00f5rge termiline vastupidavus. Rakendus: N\u00e4iteks saab liimi<\/p>\n","protected":false},"featured_media":18867,"comment_status":"closed","ping_status":"closed","template":"","meta":[],"product_brand":[],"product_cat":[199],"product_tag":[],"class_list":{"0":"post-14568","1":"product","2":"type-product","3":"status-publish","4":"has-post-thumbnail","6":"product_cat-liimid","8":"first","9":"instock","10":"taxable","11":"shipping-taxable","12":"purchasable","13":"product-type-simple"},"yoast_head":"<!-- This site is optimized with the Yoast SEO plugin v27.3 - https:\/\/yoast.com\/product\/yoast-seo-wordpress\/ -->\n<title>Liima Bonikol PUR-B 50ml | Rivet<\/title>\n<meta name=\"robots\" content=\"index, follow, max-snippet:-1, max-image-preview:large, max-video-preview:-1\" \/>\n<link rel=\"canonical\" href=\"https:\/\/rivet.ee\/fi\/toode\/liim-boterm-gta-50ml\/\" \/>\n<meta property=\"og:locale\" content=\"fi_FI\" \/>\n<meta property=\"og:type\" content=\"article\" \/>\n<meta property=\"og:title\" content=\"Liima Bonikol PUR-B 50ml | Rivet\" \/>\n<meta property=\"og:description\" content=\"\u00dchekomponentne liim, m\u00f5eldud kasutamiseks kinga-, naha- ja autot\u00f6\u00f6stuses ning teatud viimistlust\u00f6\u00f6del. Liimil on k\u00f5rge termiline vastupidavus. Rakendus: N\u00e4iteks saab liimi\" \/>\n<meta property=\"og:url\" content=\"https:\/\/rivet.ee\/fi\/toode\/liim-boterm-gta-50ml\/\" \/>\n<meta property=\"og:site_name\" content=\"Rivet\" \/>\n<meta property=\"article:modified_time\" content=\"2025-03-25T11:55:39+00:00\" \/>\n<meta property=\"og:image\" content=\"https:\/\/rivet.ee\/wp-content\/uploads\/2023\/04\/Pur-b.jpg\" \/>\n\t<meta property=\"og:image:width\" content=\"900\" \/>\n\t<meta property=\"og:image:height\" content=\"900\" \/>\n\t<meta property=\"og:image:type\" content=\"image\/jpeg\" \/>\n<meta name=\"twitter:card\" content=\"summary_large_image\" \/>\n<meta name=\"twitter:label1\" content=\"Arvioitu lukuaika\" \/>\n\t<meta name=\"twitter:data1\" content=\"2 minuuttia\" \/>\n<script type=\"application\/ld+json\" class=\"yoast-schema-graph\">{\"@context\":\"https:\\\/\\\/schema.org\",\"@graph\":[{\"@type\":\"WebPage\",\"@id\":\"https:\\\/\\\/rivet.ee\\\/fi\\\/toode\\\/liim-boterm-gta-50ml\\\/\",\"url\":\"https:\\\/\\\/rivet.ee\\\/fi\\\/toode\\\/liim-boterm-gta-50ml\\\/\",\"name\":\"Liima Bonikol PUR-B 50ml | Rivet\",\"isPartOf\":{\"@id\":\"https:\\\/\\\/rivet.ee\\\/fi\\\/#website\"},\"primaryImageOfPage\":{\"@id\":\"https:\\\/\\\/rivet.ee\\\/fi\\\/toode\\\/liim-boterm-gta-50ml\\\/#primaryimage\"},\"image\":{\"@id\":\"https:\\\/\\\/rivet.ee\\\/toode\\\/liim-boterm-gta-50ml\\\/#primaryimage\"},\"thumbnailUrl\":\"https:\\\/\\\/rivet.ee\\\/wp-content\\\/uploads\\\/2023\\\/04\\\/Pur-b.jpg\",\"datePublished\":\"2023-04-21T06:46:36+00:00\",\"dateModified\":\"2025-03-25T11:55:39+00:00\",\"breadcrumb\":{\"@id\":\"https:\\\/\\\/rivet.ee\\\/fi\\\/toode\\\/liim-boterm-gta-50ml\\\/#breadcrumb\"},\"inLanguage\":\"fi\",\"potentialAction\":[{\"@type\":\"ReadAction\",\"target\":[[\"https:\\\/\\\/rivet.ee\\\/fi\\\/toode\\\/liim-boterm-gta-50ml\\\/\"]]}]},{\"@type\":\"ImageObject\",\"inLanguage\":\"fi\",\"@id\":\"https:\\\/\\\/rivet.ee\\\/fi\\\/toode\\\/liim-boterm-gta-50ml\\\/#primaryimage\",\"url\":\"https:\\\/\\\/rivet.ee\\\/wp-content\\\/uploads\\\/2023\\\/04\\\/Pur-b.jpg\",\"contentUrl\":\"https:\\\/\\\/rivet.ee\\\/wp-content\\\/uploads\\\/2023\\\/04\\\/Pur-b.jpg\",\"width\":900,\"height\":900},{\"@type\":\"BreadcrumbList\",\"@id\":\"https:\\\/\\\/rivet.ee\\\/fi\\\/toode\\\/liim-boterm-gta-50ml\\\/#breadcrumb\",\"itemListElement\":[{\"@type\":\"ListItem\",\"position\":1,\"name\":\"Home\",\"item\":\"https:\\\/\\\/rivet.ee\\\/fi\\\/\"},{\"@type\":\"ListItem\",\"position\":2,\"name\":\"Tooted\",\"item\":\"https:\\\/\\\/rivet.ee\\\/fi\\\/tooted\\\/\"},{\"@type\":\"ListItem\",\"position\":3,\"name\":\"Liim Bonikol PUR-B 50ml\"}]},{\"@type\":\"WebSite\",\"@id\":\"https:\\\/\\\/rivet.ee\\\/fi\\\/#website\",\"url\":\"https:\\\/\\\/rivet.ee\\\/fi\\\/\",\"name\":\"Rivet\",\"description\":\"\",\"publisher\":{\"@id\":\"https:\\\/\\\/rivet.ee\\\/fi\\\/#organization\"},\"potentialAction\":[{\"@type\":\"SearchAction\",\"target\":{\"@type\":\"EntryPoint\",\"urlTemplate\":\"https:\\\/\\\/rivet.ee\\\/fi\\\/?s={search_term_string}\"},\"query-input\":{\"@type\":\"PropertyValueSpecification\",\"valueRequired\":true,\"valueName\":\"search_term_string\"}}],\"inLanguage\":\"fi\"},{\"@type\":\"Organization\",\"@id\":\"https:\\\/\\\/rivet.ee\\\/fi\\\/#organization\",\"name\":\"Rivet\",\"url\":\"https:\\\/\\\/rivet.ee\\\/fi\\\/\",\"logo\":{\"@type\":\"ImageObject\",\"inLanguage\":\"fi\",\"@id\":\"https:\\\/\\\/rivet.ee\\\/fi\\\/#\\\/schema\\\/logo\\\/image\\\/\",\"url\":\"https:\\\/\\\/rivet.ee\\\/wp-content\\\/uploads\\\/2021\\\/11\\\/logo.jpg\",\"contentUrl\":\"https:\\\/\\\/rivet.ee\\\/wp-content\\\/uploads\\\/2021\\\/11\\\/logo.jpg\",\"width\":397,\"height\":152,\"caption\":\"Rivet\"},\"image\":{\"@id\":\"https:\\\/\\\/rivet.ee\\\/fi\\\/#\\\/schema\\\/logo\\\/image\\\/\"}}]}<\/script>\n<!-- \/ Yoast SEO plugin. -->","yoast_head_json":{"title":"Liima Bonikol PUR-B 50ml | Rivet","robots":{"index":"index","follow":"follow","max-snippet":"max-snippet:-1","max-image-preview":"max-image-preview:large","max-video-preview":"max-video-preview:-1"},"canonical":"https:\/\/rivet.ee\/fi\/toode\/liim-boterm-gta-50ml\/","og_locale":"fi_FI","og_type":"article","og_title":"Liima Bonikol PUR-B 50ml | Rivet","og_description":"\u00dchekomponentne liim, m\u00f5eldud kasutamiseks kinga-, naha- ja autot\u00f6\u00f6stuses ning teatud viimistlust\u00f6\u00f6del. Liimil on k\u00f5rge termiline vastupidavus. Rakendus: N\u00e4iteks saab liimi","og_url":"https:\/\/rivet.ee\/fi\/toode\/liim-boterm-gta-50ml\/","og_site_name":"Rivet","article_modified_time":"2025-03-25T11:55:39+00:00","og_image":[{"width":900,"height":900,"url":"https:\/\/rivet.ee\/wp-content\/uploads\/2023\/04\/Pur-b.jpg","type":"image\/jpeg"}],"twitter_card":"summary_large_image","twitter_misc":{"Arvioitu lukuaika":"2 minuuttia"},"schema":{"@context":"https:\/\/schema.org","@graph":[{"@type":"WebPage","@id":"https:\/\/rivet.ee\/fi\/toode\/liim-boterm-gta-50ml\/","url":"https:\/\/rivet.ee\/fi\/toode\/liim-boterm-gta-50ml\/","name":"Liima Bonikol PUR-B 50ml | Rivet","isPartOf":{"@id":"https:\/\/rivet.ee\/fi\/#website"},"primaryImageOfPage":{"@id":"https:\/\/rivet.ee\/fi\/toode\/liim-boterm-gta-50ml\/#primaryimage"},"image":{"@id":"https:\/\/rivet.ee\/toode\/liim-boterm-gta-50ml\/#primaryimage"},"thumbnailUrl":"https:\/\/rivet.ee\/wp-content\/uploads\/2023\/04\/Pur-b.jpg","datePublished":"2023-04-21T06:46:36+00:00","dateModified":"2025-03-25T11:55:39+00:00","breadcrumb":{"@id":"https:\/\/rivet.ee\/fi\/toode\/liim-boterm-gta-50ml\/#breadcrumb"},"inLanguage":"fi","potentialAction":[{"@type":"ReadAction","target":[["https:\/\/rivet.ee\/fi\/toode\/liim-boterm-gta-50ml\/"]]}]},{"@type":"ImageObject","inLanguage":"fi","@id":"https:\/\/rivet.ee\/fi\/toode\/liim-boterm-gta-50ml\/#primaryimage","url":"https:\/\/rivet.ee\/wp-content\/uploads\/2023\/04\/Pur-b.jpg","contentUrl":"https:\/\/rivet.ee\/wp-content\/uploads\/2023\/04\/Pur-b.jpg","width":900,"height":900},{"@type":"BreadcrumbList","@id":"https:\/\/rivet.ee\/fi\/toode\/liim-boterm-gta-50ml\/#breadcrumb","itemListElement":[{"@type":"ListItem","position":1,"name":"Home","item":"https:\/\/rivet.ee\/fi\/"},{"@type":"ListItem","position":2,"name":"Tooted","item":"https:\/\/rivet.ee\/fi\/tooted\/"},{"@type":"ListItem","position":3,"name":"Liim Bonikol PUR-B 50ml"}]},{"@type":"WebSite","@id":"https:\/\/rivet.ee\/fi\/#website","url":"https:\/\/rivet.ee\/fi\/","name":"Rivet","description":"","publisher":{"@id":"https:\/\/rivet.ee\/fi\/#organization"},"potentialAction":[{"@type":"SearchAction","target":{"@type":"EntryPoint","urlTemplate":"https:\/\/rivet.ee\/fi\/?s={search_term_string}"},"query-input":{"@type":"PropertyValueSpecification","valueRequired":true,"valueName":"search_term_string"}}],"inLanguage":"fi"},{"@type":"Organization","@id":"https:\/\/rivet.ee\/fi\/#organization","name":"Rivet","url":"https:\/\/rivet.ee\/fi\/","logo":{"@type":"ImageObject","inLanguage":"fi","@id":"https:\/\/rivet.ee\/fi\/#\/schema\/logo\/image\/","url":"https:\/\/rivet.ee\/wp-content\/uploads\/2021\/11\/logo.jpg","contentUrl":"https:\/\/rivet.ee\/wp-content\/uploads\/2021\/11\/logo.jpg","width":397,"height":152,"caption":"Rivet"},"image":{"@id":"https:\/\/rivet.ee\/fi\/#\/schema\/logo\/image\/"}}]}},"_links":{"self":[{"href":"https:\/\/rivet.ee\/fi\/wp-json\/wp\/v2\/product\/14568","targetHints":{"allow":["GET"]}}],"collection":[{"href":"https:\/\/rivet.ee\/fi\/wp-json\/wp\/v2\/product"}],"about":[{"href":"https:\/\/rivet.ee\/fi\/wp-json\/wp\/v2\/types\/product"}],"replies":[{"embeddable":true,"href":"https:\/\/rivet.ee\/fi\/wp-json\/wp\/v2\/comments?post=14568"}],"wp:featuredmedia":[{"embeddable":true,"href":"https:\/\/rivet.ee\/fi\/wp-json\/wp\/v2\/media\/18867"}],"wp:attachment":[{"href":"https:\/\/rivet.ee\/fi\/wp-json\/wp\/v2\/media?parent=14568"}],"wp:term":[{"taxonomy":"product_brand","embeddable":true,"href":"https:\/\/rivet.ee\/fi\/wp-json\/wp\/v2\/product_brand?post=14568"},{"taxonomy":"product_cat","embeddable":true,"href":"https:\/\/rivet.ee\/fi\/wp-json\/wp\/v2\/product_cat?post=14568"},{"taxonomy":"product_tag","embeddable":true,"href":"https:\/\/rivet.ee\/fi\/wp-json\/wp\/v2\/product_tag?post=14568"}],"curies":[{"name":"wp","href":"https:\/\/api.w.org\/{rel}","templated":true}]}}