{"id":14585,"date":"2023-04-21T09:47:33","date_gmt":"2023-04-21T06:47:33","guid":{"rendered":"https:\/\/rivet.ee\/?post_type=product&#038;p=14585"},"modified":"2026-03-10T13:54:09","modified_gmt":"2026-03-10T11:54:09","slug":"spreiliim-bonifix-tap-500ml","status":"publish","type":"product","link":"https:\/\/rivet.ee\/fi\/toode\/spreiliim-bonifix-tap-500ml\/","title":{"rendered":"Spreiliima 500ml"},"content":{"rendered":"<p>\u00dchekomponentne lahustip\u00f5hine kontaktliim, mis on m\u00f5eldud professionaalseks kasutamiseks m\u00f6\u00f6blit\u00f6\u00f6stuses.<\/p>\n<p><strong>Rakendus:<\/strong><\/p>\n<p>Soovitatav pehme m\u00f6\u00f6bli, vahtpolstrite ja polsterdusdetailide valmistamiseks ja parandamiseks. Kasutatakse mitmesuguste vahtmaterjalide, lausmaterjalide, polstermaterjalide, vildi ja kookosmattide vahel v\u00f5i koos puidu, puitlaast- v\u00f5i puitkiudplaatide ja kartongiga.<\/p>\n<p><strong>Kasutamine:<\/strong><\/p>\n<p>Enne kasutamist korralikult loksutada. Liimitvad materjalid peavad olema v\u00e4hemalt 18\u00b0C. Liimitavad pinnad peavad olema puhastatud ja kuivad.<\/p>\n<p>Liim kantakse \u00f5hukese kihina m\u00f5lemale liimitavale pinnale pihustades 10-20cm kauguselt. Imavate materjalide (nt tekstiil, nahk) puhul kandke \u00fcles liimi kaks korda. Kandke liim nii, et materjalide \u00fchendamisel kantakse liim \u00fchele elemendile vertikaalselt ja teisele horisontaalselt. Liimliidese maksimaalse tugevuse saavutamiseks tuleb \u00fchendatud materjalide servad t\u00e4pselt liimiga katta.<\/p>\n<p>P\u00e4rast viimase kihi kandmist oodake 2-5 minutit ja suruge pooled kokku. T\u00e4ielik tugevus tekib 24h jooksul.<\/p>\n<p><b>Ladustamise ja ohutustingimused:<\/b><\/p>\n<p>Hoida tihedalt suletud tehasepakendis, temperatuuril +5\u00b0C kuni +25\u00b0C. Kui toodet ei s\u00e4ilitata n\u00f5uetekohaselt, kaotab see oma kleepuvusomadused ja ei sobi kasutamiseks.V\u00e4ltida kokkupuudet silmade ja nahaga. Kasutada h\u00e4sti ventileeritud ruumides. Hoida lastele k\u00e4ttesaamatus kohas. Mitte alla neelata. Toode on klassifitseeritud ohtlikuks ja kergesti s\u00fcttivaks.<\/p>","protected":false},"excerpt":{"rendered":"<p>\u00dchekomponentne lahustip\u00f5hine kontaktliim, mis on m\u00f5eldud professionaalseks kasutamiseks m\u00f6\u00f6blit\u00f6\u00f6stuses. Rakendus: Soovitatav pehme m\u00f6\u00f6bli, vahtpolstrite ja polsterdusdetailide valmistamiseks ja parandamiseks. Kasutatakse<\/p>\n","protected":false},"featured_media":18289,"comment_status":"closed","ping_status":"closed","template":"","meta":[],"product_brand":[],"product_cat":[199],"product_tag":[],"class_list":{"0":"post-14585","1":"product","2":"type-product","3":"status-publish","4":"has-post-thumbnail","6":"product_cat-liimid","8":"first","9":"outofstock","10":"taxable","11":"shipping-taxable","12":"purchasable","13":"product-type-simple"},"yoast_head":"<!-- This site is optimized with the Yoast SEO plugin v27.4 - https:\/\/yoast.com\/product\/yoast-seo-wordpress\/ -->\n<title>Spreiliima 500ml | Rivet<\/title>\n<meta name=\"robots\" content=\"index, follow, max-snippet:-1, max-image-preview:large, max-video-preview:-1\" \/>\n<link rel=\"canonical\" href=\"https:\/\/rivet.ee\/fi\/toode\/spreiliim-bonifix-tap-500ml\/\" \/>\n<meta property=\"og:locale\" content=\"fi_FI\" \/>\n<meta property=\"og:type\" content=\"article\" \/>\n<meta property=\"og:title\" content=\"Spreiliima 500ml | Rivet\" \/>\n<meta property=\"og:description\" content=\"\u00dchekomponentne lahustip\u00f5hine kontaktliim, mis on m\u00f5eldud professionaalseks kasutamiseks m\u00f6\u00f6blit\u00f6\u00f6stuses. Rakendus: Soovitatav pehme m\u00f6\u00f6bli, vahtpolstrite ja polsterdusdetailide valmistamiseks ja parandamiseks. Kasutatakse\" \/>\n<meta property=\"og:url\" content=\"https:\/\/rivet.ee\/fi\/toode\/spreiliim-bonifix-tap-500ml\/\" \/>\n<meta property=\"og:site_name\" content=\"Rivet\" \/>\n<meta property=\"article:modified_time\" content=\"2026-03-10T11:54:09+00:00\" \/>\n<meta property=\"og:image\" content=\"https:\/\/rivet.ee\/wp-content\/uploads\/2023\/04\/4116.jpg\" \/>\n\t<meta property=\"og:image:width\" content=\"900\" \/>\n\t<meta property=\"og:image:height\" content=\"900\" \/>\n\t<meta property=\"og:image:type\" content=\"image\/jpeg\" \/>\n<meta name=\"twitter:card\" content=\"summary_large_image\" \/>\n<meta name=\"twitter:label1\" content=\"Arvioitu lukuaika\" \/>\n\t<meta name=\"twitter:data1\" content=\"2 minuuttia\" \/>\n<script type=\"application\/ld+json\" class=\"yoast-schema-graph\">{\"@context\":\"https:\\\/\\\/schema.org\",\"@graph\":[{\"@type\":\"WebPage\",\"@id\":\"https:\\\/\\\/rivet.ee\\\/fi\\\/toode\\\/spreiliim-bonifix-tap-500ml\\\/\",\"url\":\"https:\\\/\\\/rivet.ee\\\/fi\\\/toode\\\/spreiliim-bonifix-tap-500ml\\\/\",\"name\":\"Spreiliima 500ml | Rivet\",\"isPartOf\":{\"@id\":\"https:\\\/\\\/rivet.ee\\\/fi\\\/#website\"},\"primaryImageOfPage\":{\"@id\":\"https:\\\/\\\/rivet.ee\\\/fi\\\/toode\\\/spreiliim-bonifix-tap-500ml\\\/#primaryimage\"},\"image\":{\"@id\":\"https:\\\/\\\/rivet.ee\\\/toode\\\/spreiliim-bonifix-tap-500ml\\\/#primaryimage\"},\"thumbnailUrl\":\"https:\\\/\\\/rivet.ee\\\/wp-content\\\/uploads\\\/2023\\\/04\\\/4116.jpg\",\"datePublished\":\"2023-04-21T06:47:33+00:00\",\"dateModified\":\"2026-03-10T11:54:09+00:00\",\"breadcrumb\":{\"@id\":\"https:\\\/\\\/rivet.ee\\\/fi\\\/toode\\\/spreiliim-bonifix-tap-500ml\\\/#breadcrumb\"},\"inLanguage\":\"fi\",\"potentialAction\":[{\"@type\":\"ReadAction\",\"target\":[[\"https:\\\/\\\/rivet.ee\\\/fi\\\/toode\\\/spreiliim-bonifix-tap-500ml\\\/\"]]}]},{\"@type\":\"ImageObject\",\"inLanguage\":\"fi\",\"@id\":\"https:\\\/\\\/rivet.ee\\\/fi\\\/toode\\\/spreiliim-bonifix-tap-500ml\\\/#primaryimage\",\"url\":\"https:\\\/\\\/rivet.ee\\\/wp-content\\\/uploads\\\/2023\\\/04\\\/4116.jpg\",\"contentUrl\":\"https:\\\/\\\/rivet.ee\\\/wp-content\\\/uploads\\\/2023\\\/04\\\/4116.jpg\",\"width\":900,\"height\":900},{\"@type\":\"BreadcrumbList\",\"@id\":\"https:\\\/\\\/rivet.ee\\\/fi\\\/toode\\\/spreiliim-bonifix-tap-500ml\\\/#breadcrumb\",\"itemListElement\":[{\"@type\":\"ListItem\",\"position\":1,\"name\":\"Home\",\"item\":\"https:\\\/\\\/rivet.ee\\\/fi\\\/\"},{\"@type\":\"ListItem\",\"position\":2,\"name\":\"Tooted\",\"item\":\"https:\\\/\\\/rivet.ee\\\/fi\\\/tooted\\\/\"},{\"@type\":\"ListItem\",\"position\":3,\"name\":\"Spreiliim 500ml\"}]},{\"@type\":\"WebSite\",\"@id\":\"https:\\\/\\\/rivet.ee\\\/fi\\\/#website\",\"url\":\"https:\\\/\\\/rivet.ee\\\/fi\\\/\",\"name\":\"Rivet\",\"description\":\"\",\"publisher\":{\"@id\":\"https:\\\/\\\/rivet.ee\\\/fi\\\/#organization\"},\"potentialAction\":[{\"@type\":\"SearchAction\",\"target\":{\"@type\":\"EntryPoint\",\"urlTemplate\":\"https:\\\/\\\/rivet.ee\\\/fi\\\/?s={search_term_string}\"},\"query-input\":{\"@type\":\"PropertyValueSpecification\",\"valueRequired\":true,\"valueName\":\"search_term_string\"}}],\"inLanguage\":\"fi\"},{\"@type\":\"Organization\",\"@id\":\"https:\\\/\\\/rivet.ee\\\/fi\\\/#organization\",\"name\":\"Rivet\",\"url\":\"https:\\\/\\\/rivet.ee\\\/fi\\\/\",\"logo\":{\"@type\":\"ImageObject\",\"inLanguage\":\"fi\",\"@id\":\"https:\\\/\\\/rivet.ee\\\/fi\\\/#\\\/schema\\\/logo\\\/image\\\/\",\"url\":\"https:\\\/\\\/rivet.ee\\\/wp-content\\\/uploads\\\/2021\\\/11\\\/logo.jpg\",\"contentUrl\":\"https:\\\/\\\/rivet.ee\\\/wp-content\\\/uploads\\\/2021\\\/11\\\/logo.jpg\",\"width\":397,\"height\":152,\"caption\":\"Rivet\"},\"image\":{\"@id\":\"https:\\\/\\\/rivet.ee\\\/fi\\\/#\\\/schema\\\/logo\\\/image\\\/\"}}]}<\/script>\n<!-- \/ Yoast SEO plugin. -->","yoast_head_json":{"title":"Spreiliima 500ml | Rivet","robots":{"index":"index","follow":"follow","max-snippet":"max-snippet:-1","max-image-preview":"max-image-preview:large","max-video-preview":"max-video-preview:-1"},"canonical":"https:\/\/rivet.ee\/fi\/toode\/spreiliim-bonifix-tap-500ml\/","og_locale":"fi_FI","og_type":"article","og_title":"Spreiliima 500ml | Rivet","og_description":"\u00dchekomponentne lahustip\u00f5hine kontaktliim, mis on m\u00f5eldud professionaalseks kasutamiseks m\u00f6\u00f6blit\u00f6\u00f6stuses. Rakendus: Soovitatav pehme m\u00f6\u00f6bli, vahtpolstrite ja polsterdusdetailide valmistamiseks ja parandamiseks. Kasutatakse","og_url":"https:\/\/rivet.ee\/fi\/toode\/spreiliim-bonifix-tap-500ml\/","og_site_name":"Rivet","article_modified_time":"2026-03-10T11:54:09+00:00","og_image":[{"width":900,"height":900,"url":"https:\/\/rivet.ee\/wp-content\/uploads\/2023\/04\/4116.jpg","type":"image\/jpeg"}],"twitter_card":"summary_large_image","twitter_misc":{"Arvioitu lukuaika":"2 minuuttia"},"schema":{"@context":"https:\/\/schema.org","@graph":[{"@type":"WebPage","@id":"https:\/\/rivet.ee\/fi\/toode\/spreiliim-bonifix-tap-500ml\/","url":"https:\/\/rivet.ee\/fi\/toode\/spreiliim-bonifix-tap-500ml\/","name":"Spreiliima 500ml | Rivet","isPartOf":{"@id":"https:\/\/rivet.ee\/fi\/#website"},"primaryImageOfPage":{"@id":"https:\/\/rivet.ee\/fi\/toode\/spreiliim-bonifix-tap-500ml\/#primaryimage"},"image":{"@id":"https:\/\/rivet.ee\/toode\/spreiliim-bonifix-tap-500ml\/#primaryimage"},"thumbnailUrl":"https:\/\/rivet.ee\/wp-content\/uploads\/2023\/04\/4116.jpg","datePublished":"2023-04-21T06:47:33+00:00","dateModified":"2026-03-10T11:54:09+00:00","breadcrumb":{"@id":"https:\/\/rivet.ee\/fi\/toode\/spreiliim-bonifix-tap-500ml\/#breadcrumb"},"inLanguage":"fi","potentialAction":[{"@type":"ReadAction","target":[["https:\/\/rivet.ee\/fi\/toode\/spreiliim-bonifix-tap-500ml\/"]]}]},{"@type":"ImageObject","inLanguage":"fi","@id":"https:\/\/rivet.ee\/fi\/toode\/spreiliim-bonifix-tap-500ml\/#primaryimage","url":"https:\/\/rivet.ee\/wp-content\/uploads\/2023\/04\/4116.jpg","contentUrl":"https:\/\/rivet.ee\/wp-content\/uploads\/2023\/04\/4116.jpg","width":900,"height":900},{"@type":"BreadcrumbList","@id":"https:\/\/rivet.ee\/fi\/toode\/spreiliim-bonifix-tap-500ml\/#breadcrumb","itemListElement":[{"@type":"ListItem","position":1,"name":"Home","item":"https:\/\/rivet.ee\/fi\/"},{"@type":"ListItem","position":2,"name":"Tooted","item":"https:\/\/rivet.ee\/fi\/tooted\/"},{"@type":"ListItem","position":3,"name":"Spreiliim 500ml"}]},{"@type":"WebSite","@id":"https:\/\/rivet.ee\/fi\/#website","url":"https:\/\/rivet.ee\/fi\/","name":"Rivet","description":"","publisher":{"@id":"https:\/\/rivet.ee\/fi\/#organization"},"potentialAction":[{"@type":"SearchAction","target":{"@type":"EntryPoint","urlTemplate":"https:\/\/rivet.ee\/fi\/?s={search_term_string}"},"query-input":{"@type":"PropertyValueSpecification","valueRequired":true,"valueName":"search_term_string"}}],"inLanguage":"fi"},{"@type":"Organization","@id":"https:\/\/rivet.ee\/fi\/#organization","name":"Rivet","url":"https:\/\/rivet.ee\/fi\/","logo":{"@type":"ImageObject","inLanguage":"fi","@id":"https:\/\/rivet.ee\/fi\/#\/schema\/logo\/image\/","url":"https:\/\/rivet.ee\/wp-content\/uploads\/2021\/11\/logo.jpg","contentUrl":"https:\/\/rivet.ee\/wp-content\/uploads\/2021\/11\/logo.jpg","width":397,"height":152,"caption":"Rivet"},"image":{"@id":"https:\/\/rivet.ee\/fi\/#\/schema\/logo\/image\/"}}]}},"_links":{"self":[{"href":"https:\/\/rivet.ee\/fi\/wp-json\/wp\/v2\/product\/14585","targetHints":{"allow":["GET"]}}],"collection":[{"href":"https:\/\/rivet.ee\/fi\/wp-json\/wp\/v2\/product"}],"about":[{"href":"https:\/\/rivet.ee\/fi\/wp-json\/wp\/v2\/types\/product"}],"replies":[{"embeddable":true,"href":"https:\/\/rivet.ee\/fi\/wp-json\/wp\/v2\/comments?post=14585"}],"wp:featuredmedia":[{"embeddable":true,"href":"https:\/\/rivet.ee\/fi\/wp-json\/wp\/v2\/media\/18289"}],"wp:attachment":[{"href":"https:\/\/rivet.ee\/fi\/wp-json\/wp\/v2\/media?parent=14585"}],"wp:term":[{"taxonomy":"product_brand","embeddable":true,"href":"https:\/\/rivet.ee\/fi\/wp-json\/wp\/v2\/product_brand?post=14585"},{"taxonomy":"product_cat","embeddable":true,"href":"https:\/\/rivet.ee\/fi\/wp-json\/wp\/v2\/product_cat?post=14585"},{"taxonomy":"product_tag","embeddable":true,"href":"https:\/\/rivet.ee\/fi\/wp-json\/wp\/v2\/product_tag?post=14585"}],"curies":[{"name":"wp","href":"https:\/\/api.w.org\/{rel}","templated":true}]}}