{"id":16649,"date":"2024-04-18T11:37:19","date_gmt":"2024-04-18T08:37:19","guid":{"rendered":"https:\/\/rivet.ee\/?post_type=product&#038;p=16649"},"modified":"2026-03-17T13:01:48","modified_gmt":"2026-03-17T11:01:48","slug":"valgete-jalanoude-valgendaja-75-ml","status":"publish","type":"product","link":"https:\/\/rivet.ee\/fi\/toode\/valgete-jalanoude-valgendaja-75-ml\/","title":{"rendered":"V\u00e4rvi v\u00e4rskendaja valge 75 g"},"content":{"rendered":"<p>Valgendaja on m\u00f5eldud valgele nahale, kunstnahale, tekstiilile, sobib ka m\u00f6\u00f6bli ja kottide jaoks.<\/p>\n<p>Mis tahes siledast nahast v\u00f5i tekstiilmaterjalist valmistatud valge jalan\u00f5u jaoks. Ideaalne valgendaja jalatsi valgetele osadele. Katab kiiresti ja usaldusv\u00e4\u00e4rselt v\u00e4rvi muutnud kortsud ja praod. Kauakestev v\u00e4rvikate.<\/p>\n<p>Kasutamine:<br \/>\n1. Puhastage jalan\u00f5ud<br \/>\n2. Raputage pudelit<br \/>\n3. Vajutage aplikaatorile 3\u20134 korda ja jaotage vahend \u00fchtlaselt laiali<br \/>\n4. Laske kuivada<\/p>\n<p>&nbsp;<\/p>","protected":false},"excerpt":{"rendered":"<p>Valgendaja on m\u00f5eldud valgele nahale, kunstnahale, tekstiilile, sobib ka m\u00f6\u00f6bli ja kottide jaoks. Mis tahes siledast nahast v\u00f5i tekstiilmaterjalist valmistatud<\/p>\n","protected":false},"featured_media":16650,"comment_status":"closed","ping_status":"closed","template":"","meta":[],"product_brand":[],"product_cat":[77,201],"product_tag":[],"class_list":{"0":"post-16649","1":"product","2":"type-product","3":"status-publish","4":"has-post-thumbnail","6":"product_cat-tooriistad-tarvikud","7":"product_cat-varvid","9":"first","10":"instock","11":"taxable","12":"shipping-taxable","13":"purchasable","14":"product-type-simple"},"yoast_head":"<!-- This site is optimized with the Yoast SEO plugin v27.3 - https:\/\/yoast.com\/product\/yoast-seo-wordpress\/ -->\n<title>V\u00e4rvi v\u00e4rskendaja valge 75 g | Rivet<\/title>\n<meta name=\"robots\" content=\"index, follow, max-snippet:-1, max-image-preview:large, max-video-preview:-1\" \/>\n<link rel=\"canonical\" href=\"https:\/\/rivet.ee\/fi\/toode\/valgete-jalanoude-valgendaja-75-ml\/\" \/>\n<meta property=\"og:locale\" content=\"fi_FI\" \/>\n<meta property=\"og:type\" content=\"article\" \/>\n<meta property=\"og:title\" content=\"V\u00e4rvi v\u00e4rskendaja valge 75 g | Rivet\" \/>\n<meta property=\"og:description\" content=\"Valgendaja on m\u00f5eldud valgele nahale, kunstnahale, tekstiilile, sobib ka m\u00f6\u00f6bli ja kottide jaoks. Mis tahes siledast nahast v\u00f5i tekstiilmaterjalist valmistatud\" \/>\n<meta property=\"og:url\" content=\"https:\/\/rivet.ee\/fi\/toode\/valgete-jalanoude-valgendaja-75-ml\/\" \/>\n<meta property=\"og:site_name\" content=\"Rivet\" \/>\n<meta property=\"article:modified_time\" content=\"2026-03-17T11:01:48+00:00\" \/>\n<meta property=\"og:image\" content=\"https:\/\/rivet.ee\/wp-content\/uploads\/2024\/04\/5408-whitener-2.jpg\" \/>\n\t<meta property=\"og:image:width\" content=\"900\" \/>\n\t<meta property=\"og:image:height\" content=\"900\" \/>\n\t<meta property=\"og:image:type\" content=\"image\/jpeg\" \/>\n<meta name=\"twitter:card\" content=\"summary_large_image\" \/>\n<meta name=\"twitter:label1\" content=\"Arvioitu lukuaika\" \/>\n\t<meta name=\"twitter:data1\" content=\"1 minuutti\" \/>\n<script type=\"application\/ld+json\" class=\"yoast-schema-graph\">{\"@context\":\"https:\\\/\\\/schema.org\",\"@graph\":[{\"@type\":\"WebPage\",\"@id\":\"https:\\\/\\\/rivet.ee\\\/fi\\\/toode\\\/valgete-jalanoude-valgendaja-75-ml\\\/\",\"url\":\"https:\\\/\\\/rivet.ee\\\/fi\\\/toode\\\/valgete-jalanoude-valgendaja-75-ml\\\/\",\"name\":\"V\u00e4rvi v\u00e4rskendaja valge 75 g | Rivet\",\"isPartOf\":{\"@id\":\"https:\\\/\\\/rivet.ee\\\/fi\\\/#website\"},\"primaryImageOfPage\":{\"@id\":\"https:\\\/\\\/rivet.ee\\\/fi\\\/toode\\\/valgete-jalanoude-valgendaja-75-ml\\\/#primaryimage\"},\"image\":{\"@id\":\"https:\\\/\\\/rivet.ee\\\/toode\\\/valgete-jalanoude-valgendaja-75-ml\\\/#primaryimage\"},\"thumbnailUrl\":\"https:\\\/\\\/rivet.ee\\\/wp-content\\\/uploads\\\/2024\\\/04\\\/5408-whitener-2.jpg\",\"datePublished\":\"2024-04-18T08:37:19+00:00\",\"dateModified\":\"2026-03-17T11:01:48+00:00\",\"breadcrumb\":{\"@id\":\"https:\\\/\\\/rivet.ee\\\/fi\\\/toode\\\/valgete-jalanoude-valgendaja-75-ml\\\/#breadcrumb\"},\"inLanguage\":\"fi\",\"potentialAction\":[{\"@type\":\"ReadAction\",\"target\":[[\"https:\\\/\\\/rivet.ee\\\/fi\\\/toode\\\/valgete-jalanoude-valgendaja-75-ml\\\/\"]]}]},{\"@type\":\"ImageObject\",\"inLanguage\":\"fi\",\"@id\":\"https:\\\/\\\/rivet.ee\\\/fi\\\/toode\\\/valgete-jalanoude-valgendaja-75-ml\\\/#primaryimage\",\"url\":\"https:\\\/\\\/rivet.ee\\\/wp-content\\\/uploads\\\/2024\\\/04\\\/5408-whitener-2.jpg\",\"contentUrl\":\"https:\\\/\\\/rivet.ee\\\/wp-content\\\/uploads\\\/2024\\\/04\\\/5408-whitener-2.jpg\",\"width\":900,\"height\":900},{\"@type\":\"BreadcrumbList\",\"@id\":\"https:\\\/\\\/rivet.ee\\\/fi\\\/toode\\\/valgete-jalanoude-valgendaja-75-ml\\\/#breadcrumb\",\"itemListElement\":[{\"@type\":\"ListItem\",\"position\":1,\"name\":\"Home\",\"item\":\"https:\\\/\\\/rivet.ee\\\/fi\\\/\"},{\"@type\":\"ListItem\",\"position\":2,\"name\":\"Tooted\",\"item\":\"https:\\\/\\\/rivet.ee\\\/fi\\\/tooted\\\/\"},{\"@type\":\"ListItem\",\"position\":3,\"name\":\"V\u00e4rvi v\u00e4rskendaja valge 75 g\"}]},{\"@type\":\"WebSite\",\"@id\":\"https:\\\/\\\/rivet.ee\\\/fi\\\/#website\",\"url\":\"https:\\\/\\\/rivet.ee\\\/fi\\\/\",\"name\":\"Rivet\",\"description\":\"\",\"publisher\":{\"@id\":\"https:\\\/\\\/rivet.ee\\\/fi\\\/#organization\"},\"potentialAction\":[{\"@type\":\"SearchAction\",\"target\":{\"@type\":\"EntryPoint\",\"urlTemplate\":\"https:\\\/\\\/rivet.ee\\\/fi\\\/?s={search_term_string}\"},\"query-input\":{\"@type\":\"PropertyValueSpecification\",\"valueRequired\":true,\"valueName\":\"search_term_string\"}}],\"inLanguage\":\"fi\"},{\"@type\":\"Organization\",\"@id\":\"https:\\\/\\\/rivet.ee\\\/fi\\\/#organization\",\"name\":\"Rivet\",\"url\":\"https:\\\/\\\/rivet.ee\\\/fi\\\/\",\"logo\":{\"@type\":\"ImageObject\",\"inLanguage\":\"fi\",\"@id\":\"https:\\\/\\\/rivet.ee\\\/fi\\\/#\\\/schema\\\/logo\\\/image\\\/\",\"url\":\"https:\\\/\\\/rivet.ee\\\/wp-content\\\/uploads\\\/2021\\\/11\\\/logo.jpg\",\"contentUrl\":\"https:\\\/\\\/rivet.ee\\\/wp-content\\\/uploads\\\/2021\\\/11\\\/logo.jpg\",\"width\":397,\"height\":152,\"caption\":\"Rivet\"},\"image\":{\"@id\":\"https:\\\/\\\/rivet.ee\\\/fi\\\/#\\\/schema\\\/logo\\\/image\\\/\"}}]}<\/script>\n<!-- \/ Yoast SEO plugin. -->","yoast_head_json":{"title":"V\u00e4rvi v\u00e4rskendaja valge 75 g | Rivet","robots":{"index":"index","follow":"follow","max-snippet":"max-snippet:-1","max-image-preview":"max-image-preview:large","max-video-preview":"max-video-preview:-1"},"canonical":"https:\/\/rivet.ee\/fi\/toode\/valgete-jalanoude-valgendaja-75-ml\/","og_locale":"fi_FI","og_type":"article","og_title":"V\u00e4rvi v\u00e4rskendaja valge 75 g | Rivet","og_description":"Valgendaja on m\u00f5eldud valgele nahale, kunstnahale, tekstiilile, sobib ka m\u00f6\u00f6bli ja kottide jaoks. Mis tahes siledast nahast v\u00f5i tekstiilmaterjalist valmistatud","og_url":"https:\/\/rivet.ee\/fi\/toode\/valgete-jalanoude-valgendaja-75-ml\/","og_site_name":"Rivet","article_modified_time":"2026-03-17T11:01:48+00:00","og_image":[{"width":900,"height":900,"url":"https:\/\/rivet.ee\/wp-content\/uploads\/2024\/04\/5408-whitener-2.jpg","type":"image\/jpeg"}],"twitter_card":"summary_large_image","twitter_misc":{"Arvioitu lukuaika":"1 minuutti"},"schema":{"@context":"https:\/\/schema.org","@graph":[{"@type":"WebPage","@id":"https:\/\/rivet.ee\/fi\/toode\/valgete-jalanoude-valgendaja-75-ml\/","url":"https:\/\/rivet.ee\/fi\/toode\/valgete-jalanoude-valgendaja-75-ml\/","name":"V\u00e4rvi v\u00e4rskendaja valge 75 g | Rivet","isPartOf":{"@id":"https:\/\/rivet.ee\/fi\/#website"},"primaryImageOfPage":{"@id":"https:\/\/rivet.ee\/fi\/toode\/valgete-jalanoude-valgendaja-75-ml\/#primaryimage"},"image":{"@id":"https:\/\/rivet.ee\/toode\/valgete-jalanoude-valgendaja-75-ml\/#primaryimage"},"thumbnailUrl":"https:\/\/rivet.ee\/wp-content\/uploads\/2024\/04\/5408-whitener-2.jpg","datePublished":"2024-04-18T08:37:19+00:00","dateModified":"2026-03-17T11:01:48+00:00","breadcrumb":{"@id":"https:\/\/rivet.ee\/fi\/toode\/valgete-jalanoude-valgendaja-75-ml\/#breadcrumb"},"inLanguage":"fi","potentialAction":[{"@type":"ReadAction","target":[["https:\/\/rivet.ee\/fi\/toode\/valgete-jalanoude-valgendaja-75-ml\/"]]}]},{"@type":"ImageObject","inLanguage":"fi","@id":"https:\/\/rivet.ee\/fi\/toode\/valgete-jalanoude-valgendaja-75-ml\/#primaryimage","url":"https:\/\/rivet.ee\/wp-content\/uploads\/2024\/04\/5408-whitener-2.jpg","contentUrl":"https:\/\/rivet.ee\/wp-content\/uploads\/2024\/04\/5408-whitener-2.jpg","width":900,"height":900},{"@type":"BreadcrumbList","@id":"https:\/\/rivet.ee\/fi\/toode\/valgete-jalanoude-valgendaja-75-ml\/#breadcrumb","itemListElement":[{"@type":"ListItem","position":1,"name":"Home","item":"https:\/\/rivet.ee\/fi\/"},{"@type":"ListItem","position":2,"name":"Tooted","item":"https:\/\/rivet.ee\/fi\/tooted\/"},{"@type":"ListItem","position":3,"name":"V\u00e4rvi v\u00e4rskendaja valge 75 g"}]},{"@type":"WebSite","@id":"https:\/\/rivet.ee\/fi\/#website","url":"https:\/\/rivet.ee\/fi\/","name":"Rivet","description":"","publisher":{"@id":"https:\/\/rivet.ee\/fi\/#organization"},"potentialAction":[{"@type":"SearchAction","target":{"@type":"EntryPoint","urlTemplate":"https:\/\/rivet.ee\/fi\/?s={search_term_string}"},"query-input":{"@type":"PropertyValueSpecification","valueRequired":true,"valueName":"search_term_string"}}],"inLanguage":"fi"},{"@type":"Organization","@id":"https:\/\/rivet.ee\/fi\/#organization","name":"Rivet","url":"https:\/\/rivet.ee\/fi\/","logo":{"@type":"ImageObject","inLanguage":"fi","@id":"https:\/\/rivet.ee\/fi\/#\/schema\/logo\/image\/","url":"https:\/\/rivet.ee\/wp-content\/uploads\/2021\/11\/logo.jpg","contentUrl":"https:\/\/rivet.ee\/wp-content\/uploads\/2021\/11\/logo.jpg","width":397,"height":152,"caption":"Rivet"},"image":{"@id":"https:\/\/rivet.ee\/fi\/#\/schema\/logo\/image\/"}}]}},"_links":{"self":[{"href":"https:\/\/rivet.ee\/fi\/wp-json\/wp\/v2\/product\/16649","targetHints":{"allow":["GET"]}}],"collection":[{"href":"https:\/\/rivet.ee\/fi\/wp-json\/wp\/v2\/product"}],"about":[{"href":"https:\/\/rivet.ee\/fi\/wp-json\/wp\/v2\/types\/product"}],"replies":[{"embeddable":true,"href":"https:\/\/rivet.ee\/fi\/wp-json\/wp\/v2\/comments?post=16649"}],"wp:featuredmedia":[{"embeddable":true,"href":"https:\/\/rivet.ee\/fi\/wp-json\/wp\/v2\/media\/16650"}],"wp:attachment":[{"href":"https:\/\/rivet.ee\/fi\/wp-json\/wp\/v2\/media?parent=16649"}],"wp:term":[{"taxonomy":"product_brand","embeddable":true,"href":"https:\/\/rivet.ee\/fi\/wp-json\/wp\/v2\/product_brand?post=16649"},{"taxonomy":"product_cat","embeddable":true,"href":"https:\/\/rivet.ee\/fi\/wp-json\/wp\/v2\/product_cat?post=16649"},{"taxonomy":"product_tag","embeddable":true,"href":"https:\/\/rivet.ee\/fi\/wp-json\/wp\/v2\/product_tag?post=16649"}],"curies":[{"name":"wp","href":"https:\/\/api.w.org\/{rel}","templated":true}]}}