{"id":18892,"date":"2025-03-26T12:36:28","date_gmt":"2025-03-26T10:36:28","guid":{"rendered":"https:\/\/rivet.ee\/?post_type=product&#038;p=18892"},"modified":"2025-03-26T12:54:18","modified_gmt":"2025-03-26T10:54:18","slug":"eestis-kasitoona-valminud-nahaohendusnuga-kiridashi","status":"publish","type":"product","link":"https:\/\/rivet.ee\/fi\/toode\/eestis-kasitoona-valminud-nahaohendusnuga-kiridashi\/","title":{"rendered":"Eestis k\u00e4sit\u00f6\u00f6na valminud naha\u00f5hendusnuga kiridashi"},"content":{"rendered":"<p>Sepat\u00f6\u00f6na valminud kiridashi on traditsiooniline Jaapani nuga, mida kasutatakse t\u00e4ppist\u00f6\u00f6deks, nagu puidu nikerdamine, m\u00e4rgistamine, nahat\u00f6\u00f6 ja \u00fcldised l\u00f5iket\u00f6\u00f6d. Selle minimalistlik, kuid funktsionaalne disain teeb sellest populaarse t\u00f6\u00f6riista nii k\u00e4sit\u00f6\u00f6listele kui ka igap\u00e4evaseks kasutamiseks.<\/p>\n<p>Nuga on valmistatud O2(90MCV8) t\u00f6\u00f6riistaterasest, mis on tuntud oma suure kulumiskindluse ja hea terahoidmise poolest. See s\u00fcsinikteras tagab teravuse ja vastupidavuse, olles samal ajal h\u00f5lpsasti teritatav.<\/p>\n<p>Sepat\u00f6\u00f6na valmistatud kiridashi on k\u00e4sitsi viimistletud ja lihvitud, pakkudes optimaalset l\u00f5ikenurka ja mugavust kasutamisel. T\u00e4nu \u00fchepoolsele teritusele v\u00f5imaldab see t\u00e4pseid ja kontrollitud l\u00f5ikeid, muutes selle ideaalseks t\u00f6\u00f6riistaks nii puidu t\u00f6\u00f6tlemisel kui ka nahat\u00f6\u00f6s, n\u00e4iteks naha l\u00f5ikamisel ja detailide viimistlemisel.<\/p>\n<p>Nuga on valminud sepp Rain Janseni k\u00e4e all<\/p>\n","protected":false},"excerpt":{"rendered":"<p>Sepat\u00f6\u00f6na valminud kiridashi on traditsiooniline Jaapani nuga, mida kasutatakse t\u00e4ppist\u00f6\u00f6deks, nagu puidu nikerdamine, m\u00e4rgistamine, nahat\u00f6\u00f6 ja \u00fcldised l\u00f5iket\u00f6\u00f6d. Selle minimalistlik,<\/p>\n","protected":false},"featured_media":18893,"comment_status":"closed","ping_status":"closed","template":"","meta":[],"product_brand":[],"product_cat":[198,81],"product_tag":[],"class_list":{"0":"post-18892","1":"product","2":"type-product","3":"status-publish","4":"has-post-thumbnail","6":"product_cat-kasitoo-tooriistad","7":"product_cat-leiunurk","9":"first","10":"instock","11":"taxable","12":"shipping-taxable","13":"purchasable","14":"product-type-simple"},"yoast_head":"<!-- This site is optimized with the Yoast SEO plugin v27.3 - https:\/\/yoast.com\/product\/yoast-seo-wordpress\/ -->\n<title>Eestis k\u00e4sit\u00f6\u00f6na valminud naha\u00f5hendusnuga kiridashi | Rivet<\/title>\n<meta name=\"robots\" content=\"index, follow, max-snippet:-1, max-image-preview:large, max-video-preview:-1\" \/>\n<link rel=\"canonical\" href=\"https:\/\/rivet.ee\/fi\/toode\/eestis-kasitoona-valminud-nahaohendusnuga-kiridashi\/\" \/>\n<meta property=\"og:locale\" content=\"fi_FI\" \/>\n<meta property=\"og:type\" content=\"article\" \/>\n<meta property=\"og:title\" content=\"Eestis k\u00e4sit\u00f6\u00f6na valminud naha\u00f5hendusnuga kiridashi | Rivet\" \/>\n<meta property=\"og:description\" content=\"Sepat\u00f6\u00f6na valminud kiridashi on traditsiooniline Jaapani nuga, mida kasutatakse t\u00e4ppist\u00f6\u00f6deks, nagu puidu nikerdamine, m\u00e4rgistamine, nahat\u00f6\u00f6 ja \u00fcldised l\u00f5iket\u00f6\u00f6d. Selle minimalistlik,\" \/>\n<meta property=\"og:url\" content=\"https:\/\/rivet.ee\/fi\/toode\/eestis-kasitoona-valminud-nahaohendusnuga-kiridashi\/\" \/>\n<meta property=\"og:site_name\" content=\"Rivet\" \/>\n<meta property=\"article:modified_time\" content=\"2025-03-26T10:54:18+00:00\" \/>\n<meta property=\"og:image\" content=\"https:\/\/rivet.ee\/wp-content\/uploads\/2025\/03\/kiridashi.jpg\" \/>\n\t<meta property=\"og:image:width\" content=\"900\" \/>\n\t<meta property=\"og:image:height\" content=\"900\" \/>\n\t<meta property=\"og:image:type\" content=\"image\/jpeg\" \/>\n<meta name=\"twitter:card\" content=\"summary_large_image\" \/>\n<meta name=\"twitter:label1\" content=\"Arvioitu lukuaika\" \/>\n\t<meta name=\"twitter:data1\" content=\"1 minuutti\" \/>\n<script type=\"application\/ld+json\" class=\"yoast-schema-graph\">{\"@context\":\"https:\\\/\\\/schema.org\",\"@graph\":[{\"@type\":\"WebPage\",\"@id\":\"https:\\\/\\\/rivet.ee\\\/fi\\\/toode\\\/eestis-kasitoona-valminud-nahaohendusnuga-kiridashi\\\/\",\"url\":\"https:\\\/\\\/rivet.ee\\\/fi\\\/toode\\\/eestis-kasitoona-valminud-nahaohendusnuga-kiridashi\\\/\",\"name\":\"Eestis k\u00e4sit\u00f6\u00f6na valminud naha\u00f5hendusnuga kiridashi | Rivet\",\"isPartOf\":{\"@id\":\"https:\\\/\\\/rivet.ee\\\/fi\\\/#website\"},\"primaryImageOfPage\":{\"@id\":\"https:\\\/\\\/rivet.ee\\\/fi\\\/toode\\\/eestis-kasitoona-valminud-nahaohendusnuga-kiridashi\\\/#primaryimage\"},\"image\":{\"@id\":\"https:\\\/\\\/rivet.ee\\\/toode\\\/eestis-kasitoona-valminud-nahaohendusnuga-kiridashi\\\/#primaryimage\"},\"thumbnailUrl\":\"https:\\\/\\\/rivet.ee\\\/wp-content\\\/uploads\\\/2025\\\/03\\\/kiridashi.jpg\",\"datePublished\":\"2025-03-26T10:36:28+00:00\",\"dateModified\":\"2025-03-26T10:54:18+00:00\",\"breadcrumb\":{\"@id\":\"https:\\\/\\\/rivet.ee\\\/fi\\\/toode\\\/eestis-kasitoona-valminud-nahaohendusnuga-kiridashi\\\/#breadcrumb\"},\"inLanguage\":\"fi\",\"potentialAction\":[{\"@type\":\"ReadAction\",\"target\":[[\"https:\\\/\\\/rivet.ee\\\/fi\\\/toode\\\/eestis-kasitoona-valminud-nahaohendusnuga-kiridashi\\\/\"]]}]},{\"@type\":\"ImageObject\",\"inLanguage\":\"fi\",\"@id\":\"https:\\\/\\\/rivet.ee\\\/fi\\\/toode\\\/eestis-kasitoona-valminud-nahaohendusnuga-kiridashi\\\/#primaryimage\",\"url\":\"https:\\\/\\\/rivet.ee\\\/wp-content\\\/uploads\\\/2025\\\/03\\\/kiridashi.jpg\",\"contentUrl\":\"https:\\\/\\\/rivet.ee\\\/wp-content\\\/uploads\\\/2025\\\/03\\\/kiridashi.jpg\",\"width\":900,\"height\":900},{\"@type\":\"BreadcrumbList\",\"@id\":\"https:\\\/\\\/rivet.ee\\\/fi\\\/toode\\\/eestis-kasitoona-valminud-nahaohendusnuga-kiridashi\\\/#breadcrumb\",\"itemListElement\":[{\"@type\":\"ListItem\",\"position\":1,\"name\":\"Home\",\"item\":\"https:\\\/\\\/rivet.ee\\\/fi\\\/\"},{\"@type\":\"ListItem\",\"position\":2,\"name\":\"Tooted\",\"item\":\"https:\\\/\\\/rivet.ee\\\/fi\\\/tooted\\\/\"},{\"@type\":\"ListItem\",\"position\":3,\"name\":\"Eestis k\u00e4sit\u00f6\u00f6na valminud naha\u00f5hendusnuga kiridashi\"}]},{\"@type\":\"WebSite\",\"@id\":\"https:\\\/\\\/rivet.ee\\\/fi\\\/#website\",\"url\":\"https:\\\/\\\/rivet.ee\\\/fi\\\/\",\"name\":\"Rivet\",\"description\":\"\",\"publisher\":{\"@id\":\"https:\\\/\\\/rivet.ee\\\/fi\\\/#organization\"},\"potentialAction\":[{\"@type\":\"SearchAction\",\"target\":{\"@type\":\"EntryPoint\",\"urlTemplate\":\"https:\\\/\\\/rivet.ee\\\/fi\\\/?s={search_term_string}\"},\"query-input\":{\"@type\":\"PropertyValueSpecification\",\"valueRequired\":true,\"valueName\":\"search_term_string\"}}],\"inLanguage\":\"fi\"},{\"@type\":\"Organization\",\"@id\":\"https:\\\/\\\/rivet.ee\\\/fi\\\/#organization\",\"name\":\"Rivet\",\"url\":\"https:\\\/\\\/rivet.ee\\\/fi\\\/\",\"logo\":{\"@type\":\"ImageObject\",\"inLanguage\":\"fi\",\"@id\":\"https:\\\/\\\/rivet.ee\\\/fi\\\/#\\\/schema\\\/logo\\\/image\\\/\",\"url\":\"https:\\\/\\\/rivet.ee\\\/wp-content\\\/uploads\\\/2021\\\/11\\\/logo.jpg\",\"contentUrl\":\"https:\\\/\\\/rivet.ee\\\/wp-content\\\/uploads\\\/2021\\\/11\\\/logo.jpg\",\"width\":397,\"height\":152,\"caption\":\"Rivet\"},\"image\":{\"@id\":\"https:\\\/\\\/rivet.ee\\\/fi\\\/#\\\/schema\\\/logo\\\/image\\\/\"}}]}<\/script>\n<!-- \/ Yoast SEO plugin. -->","yoast_head_json":{"title":"Eestis k\u00e4sit\u00f6\u00f6na valminud naha\u00f5hendusnuga kiridashi | Rivet","robots":{"index":"index","follow":"follow","max-snippet":"max-snippet:-1","max-image-preview":"max-image-preview:large","max-video-preview":"max-video-preview:-1"},"canonical":"https:\/\/rivet.ee\/fi\/toode\/eestis-kasitoona-valminud-nahaohendusnuga-kiridashi\/","og_locale":"fi_FI","og_type":"article","og_title":"Eestis k\u00e4sit\u00f6\u00f6na valminud naha\u00f5hendusnuga kiridashi | Rivet","og_description":"Sepat\u00f6\u00f6na valminud kiridashi on traditsiooniline Jaapani nuga, mida kasutatakse t\u00e4ppist\u00f6\u00f6deks, nagu puidu nikerdamine, m\u00e4rgistamine, nahat\u00f6\u00f6 ja \u00fcldised l\u00f5iket\u00f6\u00f6d. Selle minimalistlik,","og_url":"https:\/\/rivet.ee\/fi\/toode\/eestis-kasitoona-valminud-nahaohendusnuga-kiridashi\/","og_site_name":"Rivet","article_modified_time":"2025-03-26T10:54:18+00:00","og_image":[{"width":900,"height":900,"url":"https:\/\/rivet.ee\/wp-content\/uploads\/2025\/03\/kiridashi.jpg","type":"image\/jpeg"}],"twitter_card":"summary_large_image","twitter_misc":{"Arvioitu lukuaika":"1 minuutti"},"schema":{"@context":"https:\/\/schema.org","@graph":[{"@type":"WebPage","@id":"https:\/\/rivet.ee\/fi\/toode\/eestis-kasitoona-valminud-nahaohendusnuga-kiridashi\/","url":"https:\/\/rivet.ee\/fi\/toode\/eestis-kasitoona-valminud-nahaohendusnuga-kiridashi\/","name":"Eestis k\u00e4sit\u00f6\u00f6na valminud naha\u00f5hendusnuga kiridashi | Rivet","isPartOf":{"@id":"https:\/\/rivet.ee\/fi\/#website"},"primaryImageOfPage":{"@id":"https:\/\/rivet.ee\/fi\/toode\/eestis-kasitoona-valminud-nahaohendusnuga-kiridashi\/#primaryimage"},"image":{"@id":"https:\/\/rivet.ee\/toode\/eestis-kasitoona-valminud-nahaohendusnuga-kiridashi\/#primaryimage"},"thumbnailUrl":"https:\/\/rivet.ee\/wp-content\/uploads\/2025\/03\/kiridashi.jpg","datePublished":"2025-03-26T10:36:28+00:00","dateModified":"2025-03-26T10:54:18+00:00","breadcrumb":{"@id":"https:\/\/rivet.ee\/fi\/toode\/eestis-kasitoona-valminud-nahaohendusnuga-kiridashi\/#breadcrumb"},"inLanguage":"fi","potentialAction":[{"@type":"ReadAction","target":[["https:\/\/rivet.ee\/fi\/toode\/eestis-kasitoona-valminud-nahaohendusnuga-kiridashi\/"]]}]},{"@type":"ImageObject","inLanguage":"fi","@id":"https:\/\/rivet.ee\/fi\/toode\/eestis-kasitoona-valminud-nahaohendusnuga-kiridashi\/#primaryimage","url":"https:\/\/rivet.ee\/wp-content\/uploads\/2025\/03\/kiridashi.jpg","contentUrl":"https:\/\/rivet.ee\/wp-content\/uploads\/2025\/03\/kiridashi.jpg","width":900,"height":900},{"@type":"BreadcrumbList","@id":"https:\/\/rivet.ee\/fi\/toode\/eestis-kasitoona-valminud-nahaohendusnuga-kiridashi\/#breadcrumb","itemListElement":[{"@type":"ListItem","position":1,"name":"Home","item":"https:\/\/rivet.ee\/fi\/"},{"@type":"ListItem","position":2,"name":"Tooted","item":"https:\/\/rivet.ee\/fi\/tooted\/"},{"@type":"ListItem","position":3,"name":"Eestis k\u00e4sit\u00f6\u00f6na valminud naha\u00f5hendusnuga kiridashi"}]},{"@type":"WebSite","@id":"https:\/\/rivet.ee\/fi\/#website","url":"https:\/\/rivet.ee\/fi\/","name":"Rivet","description":"","publisher":{"@id":"https:\/\/rivet.ee\/fi\/#organization"},"potentialAction":[{"@type":"SearchAction","target":{"@type":"EntryPoint","urlTemplate":"https:\/\/rivet.ee\/fi\/?s={search_term_string}"},"query-input":{"@type":"PropertyValueSpecification","valueRequired":true,"valueName":"search_term_string"}}],"inLanguage":"fi"},{"@type":"Organization","@id":"https:\/\/rivet.ee\/fi\/#organization","name":"Rivet","url":"https:\/\/rivet.ee\/fi\/","logo":{"@type":"ImageObject","inLanguage":"fi","@id":"https:\/\/rivet.ee\/fi\/#\/schema\/logo\/image\/","url":"https:\/\/rivet.ee\/wp-content\/uploads\/2021\/11\/logo.jpg","contentUrl":"https:\/\/rivet.ee\/wp-content\/uploads\/2021\/11\/logo.jpg","width":397,"height":152,"caption":"Rivet"},"image":{"@id":"https:\/\/rivet.ee\/fi\/#\/schema\/logo\/image\/"}}]}},"_links":{"self":[{"href":"https:\/\/rivet.ee\/fi\/wp-json\/wp\/v2\/product\/18892","targetHints":{"allow":["GET"]}}],"collection":[{"href":"https:\/\/rivet.ee\/fi\/wp-json\/wp\/v2\/product"}],"about":[{"href":"https:\/\/rivet.ee\/fi\/wp-json\/wp\/v2\/types\/product"}],"replies":[{"embeddable":true,"href":"https:\/\/rivet.ee\/fi\/wp-json\/wp\/v2\/comments?post=18892"}],"wp:featuredmedia":[{"embeddable":true,"href":"https:\/\/rivet.ee\/fi\/wp-json\/wp\/v2\/media\/18893"}],"wp:attachment":[{"href":"https:\/\/rivet.ee\/fi\/wp-json\/wp\/v2\/media?parent=18892"}],"wp:term":[{"taxonomy":"product_brand","embeddable":true,"href":"https:\/\/rivet.ee\/fi\/wp-json\/wp\/v2\/product_brand?post=18892"},{"taxonomy":"product_cat","embeddable":true,"href":"https:\/\/rivet.ee\/fi\/wp-json\/wp\/v2\/product_cat?post=18892"},{"taxonomy":"product_tag","embeddable":true,"href":"https:\/\/rivet.ee\/fi\/wp-json\/wp\/v2\/product_tag?post=18892"}],"curies":[{"name":"wp","href":"https:\/\/api.w.org\/{rel}","templated":true}]}}