{"id":19055,"date":"2025-04-23T13:32:36","date_gmt":"2025-04-23T10:32:36","guid":{"rendered":"https:\/\/rivet.ee\/?post_type=product&#038;p=19055"},"modified":"2025-04-23T13:58:06","modified_gmt":"2025-04-23T10:58:06","slug":"poluester-600x600-pu-uv-hallikirju","status":"publish","type":"product","link":"https:\/\/rivet.ee\/fi\/toode\/poluester-600x600-pu-uv-hallikirju\/","title":{"rendered":"Pol\u00fcester 600&#215;600 PU UV hallikirju"},"content":{"rendered":"<p>Kangas ei ima vett ega lase seda l\u00e4bi. 100% pol\u00fcesterkangas on vasakult poolt kaetud kahekordse v\u00e4rvitu pol\u00fcet\u00fcleen kihiga, mis teeb kanga vastupidavaks ilmastikule ja annab hea venivuse ning kulumiskindluse. Materjal on pehme, kuid tugev ja katsudes v\u00e4ga meeldiv. Kangas on UV kindel.<\/p>\n<p>Ideaalne kattevarjude, \u00f5uem\u00f6\u00f6bli, \u00f5uekardinate, patjade ja grillkatete tegemiseks. Kasutatakse ka lapsevankrite ja kottide valmistamiseks. Kergesti puhastatav. V\u00f5imalik kasutada erinevaid tr\u00fckke.<\/p>\n<p>Kaal 200g\/m<sup>2<\/sup>, Laius 160cm<\/p>\n<p>Kangas m\u00f5\u00f5detakse t\u00e4ismeetrites ja \u00fches t\u00fckis!<\/p>\n<p><img loading=\"lazy\" decoding=\"async\" class=\"alignnone wp-image-19056\" src=\"https:\/\/rivet.ee\/wp-content\/uploads\/2025\/04\/hallikirju-pu-uv-pesujuhend-400x76.jpg\" alt=\"\" width=\"326\" height=\"62\" srcset=\"https:\/\/rivet.ee\/wp-content\/uploads\/2025\/04\/hallikirju-pu-uv-pesujuhend-400x76.jpg 400w, https:\/\/rivet.ee\/wp-content\/uploads\/2025\/04\/hallikirju-pu-uv-pesujuhend-430x82.jpg 430w, https:\/\/rivet.ee\/wp-content\/uploads\/2025\/04\/hallikirju-pu-uv-pesujuhend-150x28.jpg 150w, https:\/\/rivet.ee\/wp-content\/uploads\/2025\/04\/hallikirju-pu-uv-pesujuhend.jpg 490w\" sizes=\"auto, (max-width: 326px) 100vw, 326px\" \/><\/p>","protected":false},"excerpt":{"rendered":"<p>Kangas ei ima vett ega lase seda l\u00e4bi. 100% pol\u00fcesterkangas on vasakult poolt kaetud kahekordse v\u00e4rvitu pol\u00fcet\u00fcleen kihiga, mis teeb<\/p>\n","protected":false},"featured_media":19057,"comment_status":"closed","ping_status":"closed","template":"","meta":[],"product_brand":[],"product_cat":[115,118],"product_tag":[],"class_list":{"0":"post-19055","1":"product","2":"type-product","3":"status-publish","4":"has-post-thumbnail","6":"product_cat-pu-kattega-kangad","7":"product_cat-poluester-pu-kattega","9":"first","10":"instock","11":"taxable","12":"shipping-taxable","13":"purchasable","14":"product-type-simple"},"yoast_head":"<!-- This site is optimized with the Yoast SEO plugin v27.3 - https:\/\/yoast.com\/product\/yoast-seo-wordpress\/ -->\n<title>Pol\u00fcester 600x600 PU UV hallikirju | Rivet<\/title>\n<meta name=\"robots\" content=\"index, follow, max-snippet:-1, max-image-preview:large, max-video-preview:-1\" \/>\n<link rel=\"canonical\" href=\"https:\/\/rivet.ee\/fi\/toode\/poluester-600x600-pu-uv-hallikirju\/\" \/>\n<meta property=\"og:locale\" content=\"fi_FI\" \/>\n<meta property=\"og:type\" content=\"article\" \/>\n<meta property=\"og:title\" content=\"Pol\u00fcester 600x600 PU UV hallikirju | Rivet\" \/>\n<meta property=\"og:description\" content=\"Kangas ei ima vett ega lase seda l\u00e4bi. 100% pol\u00fcesterkangas on vasakult poolt kaetud kahekordse v\u00e4rvitu pol\u00fcet\u00fcleen kihiga, mis teeb\" \/>\n<meta property=\"og:url\" content=\"https:\/\/rivet.ee\/fi\/toode\/poluester-600x600-pu-uv-hallikirju\/\" \/>\n<meta property=\"og:site_name\" content=\"Rivet\" \/>\n<meta property=\"article:modified_time\" content=\"2025-04-23T10:58:06+00:00\" \/>\n<meta property=\"og:image\" content=\"https:\/\/rivet.ee\/wp-content\/uploads\/2025\/04\/hallikirju-pu-uv.jpg\" \/>\n\t<meta property=\"og:image:width\" content=\"900\" \/>\n\t<meta property=\"og:image:height\" content=\"900\" \/>\n\t<meta property=\"og:image:type\" content=\"image\/jpeg\" \/>\n<meta name=\"twitter:card\" content=\"summary_large_image\" \/>\n<meta name=\"twitter:label1\" content=\"Arvioitu lukuaika\" \/>\n\t<meta name=\"twitter:data1\" content=\"1 minuutti\" \/>\n<script type=\"application\/ld+json\" class=\"yoast-schema-graph\">{\"@context\":\"https:\\\/\\\/schema.org\",\"@graph\":[{\"@type\":\"WebPage\",\"@id\":\"https:\\\/\\\/rivet.ee\\\/fi\\\/toode\\\/poluester-600x600-pu-uv-hallikirju\\\/\",\"url\":\"https:\\\/\\\/rivet.ee\\\/fi\\\/toode\\\/poluester-600x600-pu-uv-hallikirju\\\/\",\"name\":\"Pol\u00fcester 600x600 PU UV hallikirju | Rivet\",\"isPartOf\":{\"@id\":\"https:\\\/\\\/rivet.ee\\\/fi\\\/#website\"},\"primaryImageOfPage\":{\"@id\":\"https:\\\/\\\/rivet.ee\\\/fi\\\/toode\\\/poluester-600x600-pu-uv-hallikirju\\\/#primaryimage\"},\"image\":{\"@id\":\"https:\\\/\\\/rivet.ee\\\/toode\\\/poluester-600x600-pu-uv-hallikirju\\\/#primaryimage\"},\"thumbnailUrl\":\"https:\\\/\\\/rivet.ee\\\/wp-content\\\/uploads\\\/2025\\\/04\\\/hallikirju-pu-uv.jpg\",\"datePublished\":\"2025-04-23T10:32:36+00:00\",\"dateModified\":\"2025-04-23T10:58:06+00:00\",\"breadcrumb\":{\"@id\":\"https:\\\/\\\/rivet.ee\\\/fi\\\/toode\\\/poluester-600x600-pu-uv-hallikirju\\\/#breadcrumb\"},\"inLanguage\":\"fi\",\"potentialAction\":[{\"@type\":\"ReadAction\",\"target\":[[\"https:\\\/\\\/rivet.ee\\\/fi\\\/toode\\\/poluester-600x600-pu-uv-hallikirju\\\/\"]]}]},{\"@type\":\"ImageObject\",\"inLanguage\":\"fi\",\"@id\":\"https:\\\/\\\/rivet.ee\\\/fi\\\/toode\\\/poluester-600x600-pu-uv-hallikirju\\\/#primaryimage\",\"url\":\"https:\\\/\\\/rivet.ee\\\/wp-content\\\/uploads\\\/2025\\\/04\\\/hallikirju-pu-uv.jpg\",\"contentUrl\":\"https:\\\/\\\/rivet.ee\\\/wp-content\\\/uploads\\\/2025\\\/04\\\/hallikirju-pu-uv.jpg\",\"width\":900,\"height\":900},{\"@type\":\"BreadcrumbList\",\"@id\":\"https:\\\/\\\/rivet.ee\\\/fi\\\/toode\\\/poluester-600x600-pu-uv-hallikirju\\\/#breadcrumb\",\"itemListElement\":[{\"@type\":\"ListItem\",\"position\":1,\"name\":\"Home\",\"item\":\"https:\\\/\\\/rivet.ee\\\/fi\\\/\"},{\"@type\":\"ListItem\",\"position\":2,\"name\":\"Tooted\",\"item\":\"https:\\\/\\\/rivet.ee\\\/fi\\\/tooted\\\/\"},{\"@type\":\"ListItem\",\"position\":3,\"name\":\"Pol\u00fcester 600&#215;600 PU UV hallikirju\"}]},{\"@type\":\"WebSite\",\"@id\":\"https:\\\/\\\/rivet.ee\\\/fi\\\/#website\",\"url\":\"https:\\\/\\\/rivet.ee\\\/fi\\\/\",\"name\":\"Rivet\",\"description\":\"\",\"publisher\":{\"@id\":\"https:\\\/\\\/rivet.ee\\\/fi\\\/#organization\"},\"potentialAction\":[{\"@type\":\"SearchAction\",\"target\":{\"@type\":\"EntryPoint\",\"urlTemplate\":\"https:\\\/\\\/rivet.ee\\\/fi\\\/?s={search_term_string}\"},\"query-input\":{\"@type\":\"PropertyValueSpecification\",\"valueRequired\":true,\"valueName\":\"search_term_string\"}}],\"inLanguage\":\"fi\"},{\"@type\":\"Organization\",\"@id\":\"https:\\\/\\\/rivet.ee\\\/fi\\\/#organization\",\"name\":\"Rivet\",\"url\":\"https:\\\/\\\/rivet.ee\\\/fi\\\/\",\"logo\":{\"@type\":\"ImageObject\",\"inLanguage\":\"fi\",\"@id\":\"https:\\\/\\\/rivet.ee\\\/fi\\\/#\\\/schema\\\/logo\\\/image\\\/\",\"url\":\"https:\\\/\\\/rivet.ee\\\/wp-content\\\/uploads\\\/2021\\\/11\\\/logo.jpg\",\"contentUrl\":\"https:\\\/\\\/rivet.ee\\\/wp-content\\\/uploads\\\/2021\\\/11\\\/logo.jpg\",\"width\":397,\"height\":152,\"caption\":\"Rivet\"},\"image\":{\"@id\":\"https:\\\/\\\/rivet.ee\\\/fi\\\/#\\\/schema\\\/logo\\\/image\\\/\"}}]}<\/script>\n<!-- \/ Yoast SEO plugin. -->","yoast_head_json":{"title":"Pol\u00fcester 600x600 PU UV hallikirju | Rivet","robots":{"index":"index","follow":"follow","max-snippet":"max-snippet:-1","max-image-preview":"max-image-preview:large","max-video-preview":"max-video-preview:-1"},"canonical":"https:\/\/rivet.ee\/fi\/toode\/poluester-600x600-pu-uv-hallikirju\/","og_locale":"fi_FI","og_type":"article","og_title":"Pol\u00fcester 600x600 PU UV hallikirju | Rivet","og_description":"Kangas ei ima vett ega lase seda l\u00e4bi. 100% pol\u00fcesterkangas on vasakult poolt kaetud kahekordse v\u00e4rvitu pol\u00fcet\u00fcleen kihiga, mis teeb","og_url":"https:\/\/rivet.ee\/fi\/toode\/poluester-600x600-pu-uv-hallikirju\/","og_site_name":"Rivet","article_modified_time":"2025-04-23T10:58:06+00:00","og_image":[{"width":900,"height":900,"url":"https:\/\/rivet.ee\/wp-content\/uploads\/2025\/04\/hallikirju-pu-uv.jpg","type":"image\/jpeg"}],"twitter_card":"summary_large_image","twitter_misc":{"Arvioitu lukuaika":"1 minuutti"},"schema":{"@context":"https:\/\/schema.org","@graph":[{"@type":"WebPage","@id":"https:\/\/rivet.ee\/fi\/toode\/poluester-600x600-pu-uv-hallikirju\/","url":"https:\/\/rivet.ee\/fi\/toode\/poluester-600x600-pu-uv-hallikirju\/","name":"Pol\u00fcester 600x600 PU UV hallikirju | Rivet","isPartOf":{"@id":"https:\/\/rivet.ee\/fi\/#website"},"primaryImageOfPage":{"@id":"https:\/\/rivet.ee\/fi\/toode\/poluester-600x600-pu-uv-hallikirju\/#primaryimage"},"image":{"@id":"https:\/\/rivet.ee\/toode\/poluester-600x600-pu-uv-hallikirju\/#primaryimage"},"thumbnailUrl":"https:\/\/rivet.ee\/wp-content\/uploads\/2025\/04\/hallikirju-pu-uv.jpg","datePublished":"2025-04-23T10:32:36+00:00","dateModified":"2025-04-23T10:58:06+00:00","breadcrumb":{"@id":"https:\/\/rivet.ee\/fi\/toode\/poluester-600x600-pu-uv-hallikirju\/#breadcrumb"},"inLanguage":"fi","potentialAction":[{"@type":"ReadAction","target":[["https:\/\/rivet.ee\/fi\/toode\/poluester-600x600-pu-uv-hallikirju\/"]]}]},{"@type":"ImageObject","inLanguage":"fi","@id":"https:\/\/rivet.ee\/fi\/toode\/poluester-600x600-pu-uv-hallikirju\/#primaryimage","url":"https:\/\/rivet.ee\/wp-content\/uploads\/2025\/04\/hallikirju-pu-uv.jpg","contentUrl":"https:\/\/rivet.ee\/wp-content\/uploads\/2025\/04\/hallikirju-pu-uv.jpg","width":900,"height":900},{"@type":"BreadcrumbList","@id":"https:\/\/rivet.ee\/fi\/toode\/poluester-600x600-pu-uv-hallikirju\/#breadcrumb","itemListElement":[{"@type":"ListItem","position":1,"name":"Home","item":"https:\/\/rivet.ee\/fi\/"},{"@type":"ListItem","position":2,"name":"Tooted","item":"https:\/\/rivet.ee\/fi\/tooted\/"},{"@type":"ListItem","position":3,"name":"Pol\u00fcester 600&#215;600 PU UV hallikirju"}]},{"@type":"WebSite","@id":"https:\/\/rivet.ee\/fi\/#website","url":"https:\/\/rivet.ee\/fi\/","name":"Rivet","description":"","publisher":{"@id":"https:\/\/rivet.ee\/fi\/#organization"},"potentialAction":[{"@type":"SearchAction","target":{"@type":"EntryPoint","urlTemplate":"https:\/\/rivet.ee\/fi\/?s={search_term_string}"},"query-input":{"@type":"PropertyValueSpecification","valueRequired":true,"valueName":"search_term_string"}}],"inLanguage":"fi"},{"@type":"Organization","@id":"https:\/\/rivet.ee\/fi\/#organization","name":"Rivet","url":"https:\/\/rivet.ee\/fi\/","logo":{"@type":"ImageObject","inLanguage":"fi","@id":"https:\/\/rivet.ee\/fi\/#\/schema\/logo\/image\/","url":"https:\/\/rivet.ee\/wp-content\/uploads\/2021\/11\/logo.jpg","contentUrl":"https:\/\/rivet.ee\/wp-content\/uploads\/2021\/11\/logo.jpg","width":397,"height":152,"caption":"Rivet"},"image":{"@id":"https:\/\/rivet.ee\/fi\/#\/schema\/logo\/image\/"}}]}},"_links":{"self":[{"href":"https:\/\/rivet.ee\/fi\/wp-json\/wp\/v2\/product\/19055","targetHints":{"allow":["GET"]}}],"collection":[{"href":"https:\/\/rivet.ee\/fi\/wp-json\/wp\/v2\/product"}],"about":[{"href":"https:\/\/rivet.ee\/fi\/wp-json\/wp\/v2\/types\/product"}],"replies":[{"embeddable":true,"href":"https:\/\/rivet.ee\/fi\/wp-json\/wp\/v2\/comments?post=19055"}],"wp:featuredmedia":[{"embeddable":true,"href":"https:\/\/rivet.ee\/fi\/wp-json\/wp\/v2\/media\/19057"}],"wp:attachment":[{"href":"https:\/\/rivet.ee\/fi\/wp-json\/wp\/v2\/media?parent=19055"}],"wp:term":[{"taxonomy":"product_brand","embeddable":true,"href":"https:\/\/rivet.ee\/fi\/wp-json\/wp\/v2\/product_brand?post=19055"},{"taxonomy":"product_cat","embeddable":true,"href":"https:\/\/rivet.ee\/fi\/wp-json\/wp\/v2\/product_cat?post=19055"},{"taxonomy":"product_tag","embeddable":true,"href":"https:\/\/rivet.ee\/fi\/wp-json\/wp\/v2\/product_tag?post=19055"}],"curies":[{"name":"wp","href":"https:\/\/api.w.org\/{rel}","templated":true}]}}