{"id":19974,"date":"2025-07-30T12:28:25","date_gmt":"2025-07-30T09:28:25","guid":{"rendered":"https:\/\/rivet.ee\/?post_type=product&#038;p=19974"},"modified":"2025-10-07T10:45:22","modified_gmt":"2025-10-07T07:45:22","slug":"varviv-nahapalsam-beez-50ml","status":"publish","type":"product","link":"https:\/\/rivet.ee\/fi\/toode\/varviv-nahapalsam-beez-50ml\/","title":{"rendered":"S\u00e4vytetty ihovoide beige 50ml"},"content":{"rendered":"<p>The product name: Recolor rant.<\/p>\n<p>1. The effect of products: The strongly penetration, colorfast, excellent flexibility,superior waterproof, recover and refill the color matching.<\/p>\n<p>2. The application of products: just only used for smooth leather (except for patent leather suede, absorb water leather and other special leather)<\/p>\n<p>3. The instruction: clean the surface of leather make and repair the color matching in the fade of flat. Speeding up the current stage with 15 minutes desiccant and fill the color again ref the situation the after 48 hours.<\/p>\n<p>4. The mainly Ingredients: the color development from resin, binder, dyeing agent.<\/p>\n<p>5. Observe the attention: put in the cool, dry place and don&#8217;t touched by kids.<\/p>\n<p>&nbsp;<\/p>\n<p>Kuidas kasutada:<\/p>\n<p>1. kontrolli v\u00e4rvi efektiivsust k\u00f5ige v\u00e4hem n\u00e4htavas kohas<\/p>\n<p>2. puhasta pind<\/p>\n<p>3. loksutage\/segage toodet<\/p>\n<p>4. kanda \u00fchtlaselt svammiga pinnale (olenevalt pinna seisukorrast v\u00f5ib osutuda vajalikuks kanda ka teine \u200b\u200bkiht, teine \u200b\u200bkiht kanda kuivale pinnale)<\/p>\n<p>5. oodake, kuni pind kuivab<\/p>","protected":false},"excerpt":{"rendered":"<p>The product name: Recolor rant. 1. The effect of products: The strongly penetration, colorfast, excellent flexibility,superior waterproof, recover and refill<\/p>\n","protected":false},"featured_media":19971,"comment_status":"closed","ping_status":"closed","template":"","meta":[],"product_brand":[],"product_cat":[201],"product_tag":[],"class_list":{"0":"post-19974","1":"product","2":"type-product","3":"status-publish","4":"has-post-thumbnail","6":"product_cat-varvid","8":"first","9":"instock","10":"taxable","11":"shipping-taxable","12":"purchasable","13":"product-type-simple"},"yoast_head":"<!-- This site is optimized with the Yoast SEO plugin v27.3 - https:\/\/yoast.com\/product\/yoast-seo-wordpress\/ -->\n<title>S\u00e4vytetty ihovoide beige 50ml | Rivet<\/title>\n<meta name=\"robots\" content=\"index, follow, max-snippet:-1, max-image-preview:large, max-video-preview:-1\" \/>\n<link rel=\"canonical\" href=\"https:\/\/rivet.ee\/fi\/toode\/varviv-nahapalsam-beez-50ml\/\" \/>\n<meta property=\"og:locale\" content=\"fi_FI\" \/>\n<meta property=\"og:type\" content=\"article\" \/>\n<meta property=\"og:title\" content=\"S\u00e4vytetty ihovoide beige 50ml | Rivet\" \/>\n<meta property=\"og:description\" content=\"The product name: Recolor rant. 1. The effect of products: The strongly penetration, colorfast, excellent flexibility,superior waterproof, recover and refill\" \/>\n<meta property=\"og:url\" content=\"https:\/\/rivet.ee\/fi\/toode\/varviv-nahapalsam-beez-50ml\/\" \/>\n<meta property=\"og:site_name\" content=\"Rivet\" \/>\n<meta property=\"article:modified_time\" content=\"2025-10-07T07:45:22+00:00\" \/>\n<meta property=\"og:image\" content=\"https:\/\/rivet.ee\/wp-content\/uploads\/2025\/07\/5779-beez.jpg\" \/>\n\t<meta property=\"og:image:width\" content=\"900\" \/>\n\t<meta property=\"og:image:height\" content=\"900\" \/>\n\t<meta property=\"og:image:type\" content=\"image\/jpeg\" \/>\n<meta name=\"twitter:card\" content=\"summary_large_image\" \/>\n<meta name=\"twitter:label1\" content=\"Arvioitu lukuaika\" \/>\n\t<meta name=\"twitter:data1\" content=\"1 minuutti\" \/>\n<script type=\"application\/ld+json\" class=\"yoast-schema-graph\">{\"@context\":\"https:\\\/\\\/schema.org\",\"@graph\":[{\"@type\":\"WebPage\",\"@id\":\"https:\\\/\\\/rivet.ee\\\/fi\\\/toode\\\/varviv-nahapalsam-beez-50ml\\\/\",\"url\":\"https:\\\/\\\/rivet.ee\\\/fi\\\/toode\\\/varviv-nahapalsam-beez-50ml\\\/\",\"name\":\"S\u00e4vytetty ihovoide beige 50ml | Rivet\",\"isPartOf\":{\"@id\":\"https:\\\/\\\/rivet.ee\\\/fi\\\/#website\"},\"primaryImageOfPage\":{\"@id\":\"https:\\\/\\\/rivet.ee\\\/fi\\\/toode\\\/varviv-nahapalsam-beez-50ml\\\/#primaryimage\"},\"image\":{\"@id\":\"https:\\\/\\\/rivet.ee\\\/toode\\\/varviv-nahapalsam-beez-50ml\\\/#primaryimage\"},\"thumbnailUrl\":\"https:\\\/\\\/rivet.ee\\\/wp-content\\\/uploads\\\/2025\\\/07\\\/5779-beez.jpg\",\"datePublished\":\"2025-07-30T09:28:25+00:00\",\"dateModified\":\"2025-10-07T07:45:22+00:00\",\"breadcrumb\":{\"@id\":\"https:\\\/\\\/rivet.ee\\\/fi\\\/toode\\\/varviv-nahapalsam-beez-50ml\\\/#breadcrumb\"},\"inLanguage\":\"fi\",\"potentialAction\":[{\"@type\":\"ReadAction\",\"target\":[[\"https:\\\/\\\/rivet.ee\\\/fi\\\/toode\\\/varviv-nahapalsam-beez-50ml\\\/\"]]}]},{\"@type\":\"ImageObject\",\"inLanguage\":\"fi\",\"@id\":\"https:\\\/\\\/rivet.ee\\\/fi\\\/toode\\\/varviv-nahapalsam-beez-50ml\\\/#primaryimage\",\"url\":\"https:\\\/\\\/rivet.ee\\\/wp-content\\\/uploads\\\/2025\\\/07\\\/5779-beez.jpg\",\"contentUrl\":\"https:\\\/\\\/rivet.ee\\\/wp-content\\\/uploads\\\/2025\\\/07\\\/5779-beez.jpg\",\"width\":900,\"height\":900},{\"@type\":\"BreadcrumbList\",\"@id\":\"https:\\\/\\\/rivet.ee\\\/fi\\\/toode\\\/varviv-nahapalsam-beez-50ml\\\/#breadcrumb\",\"itemListElement\":[{\"@type\":\"ListItem\",\"position\":1,\"name\":\"Home\",\"item\":\"https:\\\/\\\/rivet.ee\\\/fi\\\/\"},{\"@type\":\"ListItem\",\"position\":2,\"name\":\"Tooted\",\"item\":\"https:\\\/\\\/rivet.ee\\\/fi\\\/tooted\\\/\"},{\"@type\":\"ListItem\",\"position\":3,\"name\":\"V\u00e4rviv nahapalsam bee\u017e 50ml\"}]},{\"@type\":\"WebSite\",\"@id\":\"https:\\\/\\\/rivet.ee\\\/fi\\\/#website\",\"url\":\"https:\\\/\\\/rivet.ee\\\/fi\\\/\",\"name\":\"Rivet\",\"description\":\"\",\"publisher\":{\"@id\":\"https:\\\/\\\/rivet.ee\\\/fi\\\/#organization\"},\"potentialAction\":[{\"@type\":\"SearchAction\",\"target\":{\"@type\":\"EntryPoint\",\"urlTemplate\":\"https:\\\/\\\/rivet.ee\\\/fi\\\/?s={search_term_string}\"},\"query-input\":{\"@type\":\"PropertyValueSpecification\",\"valueRequired\":true,\"valueName\":\"search_term_string\"}}],\"inLanguage\":\"fi\"},{\"@type\":\"Organization\",\"@id\":\"https:\\\/\\\/rivet.ee\\\/fi\\\/#organization\",\"name\":\"Rivet\",\"url\":\"https:\\\/\\\/rivet.ee\\\/fi\\\/\",\"logo\":{\"@type\":\"ImageObject\",\"inLanguage\":\"fi\",\"@id\":\"https:\\\/\\\/rivet.ee\\\/fi\\\/#\\\/schema\\\/logo\\\/image\\\/\",\"url\":\"https:\\\/\\\/rivet.ee\\\/wp-content\\\/uploads\\\/2021\\\/11\\\/logo.jpg\",\"contentUrl\":\"https:\\\/\\\/rivet.ee\\\/wp-content\\\/uploads\\\/2021\\\/11\\\/logo.jpg\",\"width\":397,\"height\":152,\"caption\":\"Rivet\"},\"image\":{\"@id\":\"https:\\\/\\\/rivet.ee\\\/fi\\\/#\\\/schema\\\/logo\\\/image\\\/\"}}]}<\/script>\n<!-- \/ Yoast SEO plugin. -->","yoast_head_json":{"title":"S\u00e4vytetty ihovoide beige 50ml | Rivet","robots":{"index":"index","follow":"follow","max-snippet":"max-snippet:-1","max-image-preview":"max-image-preview:large","max-video-preview":"max-video-preview:-1"},"canonical":"https:\/\/rivet.ee\/fi\/toode\/varviv-nahapalsam-beez-50ml\/","og_locale":"fi_FI","og_type":"article","og_title":"S\u00e4vytetty ihovoide beige 50ml | Rivet","og_description":"The product name: Recolor rant. 1. The effect of products: The strongly penetration, colorfast, excellent flexibility,superior waterproof, recover and refill","og_url":"https:\/\/rivet.ee\/fi\/toode\/varviv-nahapalsam-beez-50ml\/","og_site_name":"Rivet","article_modified_time":"2025-10-07T07:45:22+00:00","og_image":[{"width":900,"height":900,"url":"https:\/\/rivet.ee\/wp-content\/uploads\/2025\/07\/5779-beez.jpg","type":"image\/jpeg"}],"twitter_card":"summary_large_image","twitter_misc":{"Arvioitu lukuaika":"1 minuutti"},"schema":{"@context":"https:\/\/schema.org","@graph":[{"@type":"WebPage","@id":"https:\/\/rivet.ee\/fi\/toode\/varviv-nahapalsam-beez-50ml\/","url":"https:\/\/rivet.ee\/fi\/toode\/varviv-nahapalsam-beez-50ml\/","name":"S\u00e4vytetty ihovoide beige 50ml | Rivet","isPartOf":{"@id":"https:\/\/rivet.ee\/fi\/#website"},"primaryImageOfPage":{"@id":"https:\/\/rivet.ee\/fi\/toode\/varviv-nahapalsam-beez-50ml\/#primaryimage"},"image":{"@id":"https:\/\/rivet.ee\/toode\/varviv-nahapalsam-beez-50ml\/#primaryimage"},"thumbnailUrl":"https:\/\/rivet.ee\/wp-content\/uploads\/2025\/07\/5779-beez.jpg","datePublished":"2025-07-30T09:28:25+00:00","dateModified":"2025-10-07T07:45:22+00:00","breadcrumb":{"@id":"https:\/\/rivet.ee\/fi\/toode\/varviv-nahapalsam-beez-50ml\/#breadcrumb"},"inLanguage":"fi","potentialAction":[{"@type":"ReadAction","target":[["https:\/\/rivet.ee\/fi\/toode\/varviv-nahapalsam-beez-50ml\/"]]}]},{"@type":"ImageObject","inLanguage":"fi","@id":"https:\/\/rivet.ee\/fi\/toode\/varviv-nahapalsam-beez-50ml\/#primaryimage","url":"https:\/\/rivet.ee\/wp-content\/uploads\/2025\/07\/5779-beez.jpg","contentUrl":"https:\/\/rivet.ee\/wp-content\/uploads\/2025\/07\/5779-beez.jpg","width":900,"height":900},{"@type":"BreadcrumbList","@id":"https:\/\/rivet.ee\/fi\/toode\/varviv-nahapalsam-beez-50ml\/#breadcrumb","itemListElement":[{"@type":"ListItem","position":1,"name":"Home","item":"https:\/\/rivet.ee\/fi\/"},{"@type":"ListItem","position":2,"name":"Tooted","item":"https:\/\/rivet.ee\/fi\/tooted\/"},{"@type":"ListItem","position":3,"name":"V\u00e4rviv nahapalsam bee\u017e 50ml"}]},{"@type":"WebSite","@id":"https:\/\/rivet.ee\/fi\/#website","url":"https:\/\/rivet.ee\/fi\/","name":"Rivet","description":"","publisher":{"@id":"https:\/\/rivet.ee\/fi\/#organization"},"potentialAction":[{"@type":"SearchAction","target":{"@type":"EntryPoint","urlTemplate":"https:\/\/rivet.ee\/fi\/?s={search_term_string}"},"query-input":{"@type":"PropertyValueSpecification","valueRequired":true,"valueName":"search_term_string"}}],"inLanguage":"fi"},{"@type":"Organization","@id":"https:\/\/rivet.ee\/fi\/#organization","name":"Rivet","url":"https:\/\/rivet.ee\/fi\/","logo":{"@type":"ImageObject","inLanguage":"fi","@id":"https:\/\/rivet.ee\/fi\/#\/schema\/logo\/image\/","url":"https:\/\/rivet.ee\/wp-content\/uploads\/2021\/11\/logo.jpg","contentUrl":"https:\/\/rivet.ee\/wp-content\/uploads\/2021\/11\/logo.jpg","width":397,"height":152,"caption":"Rivet"},"image":{"@id":"https:\/\/rivet.ee\/fi\/#\/schema\/logo\/image\/"}}]}},"_links":{"self":[{"href":"https:\/\/rivet.ee\/fi\/wp-json\/wp\/v2\/product\/19974","targetHints":{"allow":["GET"]}}],"collection":[{"href":"https:\/\/rivet.ee\/fi\/wp-json\/wp\/v2\/product"}],"about":[{"href":"https:\/\/rivet.ee\/fi\/wp-json\/wp\/v2\/types\/product"}],"replies":[{"embeddable":true,"href":"https:\/\/rivet.ee\/fi\/wp-json\/wp\/v2\/comments?post=19974"}],"wp:featuredmedia":[{"embeddable":true,"href":"https:\/\/rivet.ee\/fi\/wp-json\/wp\/v2\/media\/19971"}],"wp:attachment":[{"href":"https:\/\/rivet.ee\/fi\/wp-json\/wp\/v2\/media?parent=19974"}],"wp:term":[{"taxonomy":"product_brand","embeddable":true,"href":"https:\/\/rivet.ee\/fi\/wp-json\/wp\/v2\/product_brand?post=19974"},{"taxonomy":"product_cat","embeddable":true,"href":"https:\/\/rivet.ee\/fi\/wp-json\/wp\/v2\/product_cat?post=19974"},{"taxonomy":"product_tag","embeddable":true,"href":"https:\/\/rivet.ee\/fi\/wp-json\/wp\/v2\/product_tag?post=19974"}],"curies":[{"name":"wp","href":"https:\/\/api.w.org\/{rel}","templated":true}]}}