{"id":9913,"date":"2022-02-17T13:32:03","date_gmt":"2022-02-17T11:32:03","guid":{"rendered":"https:\/\/rivet.ee\/?post_type=product&#038;p=9913"},"modified":"2025-04-23T15:56:32","modified_gmt":"2025-04-23T12:56:32","slug":"poluester-markiisikangas-uv-hall","status":"publish","type":"product","link":"https:\/\/rivet.ee\/fi\/toode\/poluester-markiisikangas-uv-hall\/","title":{"rendered":"Pol\u00fcester markiisikangas UV hall"},"content":{"rendered":"<p>Veekindel pol\u00fcesterkangas\u00a0 on kaetud kahekordse pol\u00fcet\u00fcleen kihiga mis teeb kanga vastupidavaks ilmastikule. Kangas on UV kindel kuid kaotab p\u00e4ikese k\u00e4es v\u00e4rvi. Ideaalne kattevarjude, \u00f5uem\u00f6\u00f6bli, \u00f5uekardinate, grillkatete tegemiseks. Kasutatakse ka lapsevankrite ja kottide valmistamiseks.<\/p>\n<p>Kaal 186g\/m2, Laius 160cm<\/p>\n<p>Kangas m\u00f5\u00f5detakse t\u00e4ismeetrites ja \u00fches t\u00fckis!<\/p>\n<p>&nbsp;<\/p>","protected":false},"excerpt":{"rendered":"<p>Veekindel pol\u00fcesterkangas\u00a0 on kaetud kahekordse pol\u00fcet\u00fcleen kihiga mis teeb kanga vastupidavaks ilmastikule. Kangas on UV kindel kuid kaotab p\u00e4ikese k\u00e4es<\/p>\n","protected":false},"featured_media":19069,"comment_status":"closed","ping_status":"closed","template":"","meta":[],"product_brand":[],"product_cat":[115,118,120],"product_tag":[],"class_list":{"0":"post-9913","1":"product","2":"type-product","3":"status-publish","4":"has-post-thumbnail","6":"product_cat-pu-kattega-kangad","7":"product_cat-poluester-pu-kattega","8":"product_cat-markiisikangas","10":"first","11":"instock","12":"sale","13":"taxable","14":"shipping-taxable","15":"purchasable","16":"product-type-simple"},"yoast_head":"<!-- This site is optimized with the Yoast SEO plugin v27.4 - https:\/\/yoast.com\/product\/yoast-seo-wordpress\/ -->\n<title>Pol\u00fcester markiisikangas UV hall | Rivet<\/title>\n<meta name=\"robots\" content=\"index, follow, max-snippet:-1, max-image-preview:large, max-video-preview:-1\" \/>\n<link rel=\"canonical\" href=\"https:\/\/rivet.ee\/fi\/toode\/poluester-markiisikangas-uv-hall\/\" \/>\n<meta property=\"og:locale\" content=\"fi_FI\" \/>\n<meta property=\"og:type\" content=\"article\" \/>\n<meta property=\"og:title\" content=\"Pol\u00fcester markiisikangas UV hall | Rivet\" \/>\n<meta property=\"og:description\" content=\"Veekindel pol\u00fcesterkangas\u00a0 on kaetud kahekordse pol\u00fcet\u00fcleen kihiga mis teeb kanga vastupidavaks ilmastikule. Kangas on UV kindel kuid kaotab p\u00e4ikese k\u00e4es\" \/>\n<meta property=\"og:url\" content=\"https:\/\/rivet.ee\/fi\/toode\/poluester-markiisikangas-uv-hall\/\" \/>\n<meta property=\"og:site_name\" content=\"Rivet\" \/>\n<meta property=\"article:modified_time\" content=\"2025-04-23T12:56:32+00:00\" \/>\n<meta property=\"og:image\" content=\"https:\/\/rivet.ee\/wp-content\/uploads\/2022\/02\/Helehall-markiis-900x900-2.jpg\" \/>\n\t<meta property=\"og:image:width\" content=\"900\" \/>\n\t<meta property=\"og:image:height\" content=\"900\" \/>\n\t<meta property=\"og:image:type\" content=\"image\/jpeg\" \/>\n<meta name=\"twitter:card\" content=\"summary_large_image\" \/>\n<meta name=\"twitter:label1\" content=\"Arvioitu lukuaika\" \/>\n\t<meta name=\"twitter:data1\" content=\"1 minuutti\" \/>\n<script type=\"application\/ld+json\" class=\"yoast-schema-graph\">{\"@context\":\"https:\\\/\\\/schema.org\",\"@graph\":[{\"@type\":\"WebPage\",\"@id\":\"https:\\\/\\\/rivet.ee\\\/fi\\\/toode\\\/poluester-markiisikangas-uv-hall\\\/\",\"url\":\"https:\\\/\\\/rivet.ee\\\/fi\\\/toode\\\/poluester-markiisikangas-uv-hall\\\/\",\"name\":\"Pol\u00fcester markiisikangas UV hall | Rivet\",\"isPartOf\":{\"@id\":\"https:\\\/\\\/rivet.ee\\\/fi\\\/#website\"},\"primaryImageOfPage\":{\"@id\":\"https:\\\/\\\/rivet.ee\\\/fi\\\/toode\\\/poluester-markiisikangas-uv-hall\\\/#primaryimage\"},\"image\":{\"@id\":\"https:\\\/\\\/rivet.ee\\\/toode\\\/poluester-markiisikangas-uv-hall\\\/#primaryimage\"},\"thumbnailUrl\":\"https:\\\/\\\/rivet.ee\\\/wp-content\\\/uploads\\\/2022\\\/02\\\/Helehall-markiis-900x900-2.jpg\",\"datePublished\":\"2022-02-17T11:32:03+00:00\",\"dateModified\":\"2025-04-23T12:56:32+00:00\",\"breadcrumb\":{\"@id\":\"https:\\\/\\\/rivet.ee\\\/fi\\\/toode\\\/poluester-markiisikangas-uv-hall\\\/#breadcrumb\"},\"inLanguage\":\"fi\",\"potentialAction\":[{\"@type\":\"ReadAction\",\"target\":[[\"https:\\\/\\\/rivet.ee\\\/fi\\\/toode\\\/poluester-markiisikangas-uv-hall\\\/\"]]}]},{\"@type\":\"ImageObject\",\"inLanguage\":\"fi\",\"@id\":\"https:\\\/\\\/rivet.ee\\\/fi\\\/toode\\\/poluester-markiisikangas-uv-hall\\\/#primaryimage\",\"url\":\"https:\\\/\\\/rivet.ee\\\/wp-content\\\/uploads\\\/2022\\\/02\\\/Helehall-markiis-900x900-2.jpg\",\"contentUrl\":\"https:\\\/\\\/rivet.ee\\\/wp-content\\\/uploads\\\/2022\\\/02\\\/Helehall-markiis-900x900-2.jpg\",\"width\":900,\"height\":900},{\"@type\":\"BreadcrumbList\",\"@id\":\"https:\\\/\\\/rivet.ee\\\/fi\\\/toode\\\/poluester-markiisikangas-uv-hall\\\/#breadcrumb\",\"itemListElement\":[{\"@type\":\"ListItem\",\"position\":1,\"name\":\"Home\",\"item\":\"https:\\\/\\\/rivet.ee\\\/fi\\\/\"},{\"@type\":\"ListItem\",\"position\":2,\"name\":\"Tooted\",\"item\":\"https:\\\/\\\/rivet.ee\\\/fi\\\/tooted\\\/\"},{\"@type\":\"ListItem\",\"position\":3,\"name\":\"Pol\u00fcester markiisikangas UV hall\"}]},{\"@type\":\"WebSite\",\"@id\":\"https:\\\/\\\/rivet.ee\\\/fi\\\/#website\",\"url\":\"https:\\\/\\\/rivet.ee\\\/fi\\\/\",\"name\":\"Rivet\",\"description\":\"\",\"publisher\":{\"@id\":\"https:\\\/\\\/rivet.ee\\\/fi\\\/#organization\"},\"potentialAction\":[{\"@type\":\"SearchAction\",\"target\":{\"@type\":\"EntryPoint\",\"urlTemplate\":\"https:\\\/\\\/rivet.ee\\\/fi\\\/?s={search_term_string}\"},\"query-input\":{\"@type\":\"PropertyValueSpecification\",\"valueRequired\":true,\"valueName\":\"search_term_string\"}}],\"inLanguage\":\"fi\"},{\"@type\":\"Organization\",\"@id\":\"https:\\\/\\\/rivet.ee\\\/fi\\\/#organization\",\"name\":\"Rivet\",\"url\":\"https:\\\/\\\/rivet.ee\\\/fi\\\/\",\"logo\":{\"@type\":\"ImageObject\",\"inLanguage\":\"fi\",\"@id\":\"https:\\\/\\\/rivet.ee\\\/fi\\\/#\\\/schema\\\/logo\\\/image\\\/\",\"url\":\"https:\\\/\\\/rivet.ee\\\/wp-content\\\/uploads\\\/2021\\\/11\\\/logo.jpg\",\"contentUrl\":\"https:\\\/\\\/rivet.ee\\\/wp-content\\\/uploads\\\/2021\\\/11\\\/logo.jpg\",\"width\":397,\"height\":152,\"caption\":\"Rivet\"},\"image\":{\"@id\":\"https:\\\/\\\/rivet.ee\\\/fi\\\/#\\\/schema\\\/logo\\\/image\\\/\"}}]}<\/script>\n<!-- \/ Yoast SEO plugin. -->","yoast_head_json":{"title":"Pol\u00fcester markiisikangas UV hall | Rivet","robots":{"index":"index","follow":"follow","max-snippet":"max-snippet:-1","max-image-preview":"max-image-preview:large","max-video-preview":"max-video-preview:-1"},"canonical":"https:\/\/rivet.ee\/fi\/toode\/poluester-markiisikangas-uv-hall\/","og_locale":"fi_FI","og_type":"article","og_title":"Pol\u00fcester markiisikangas UV hall | Rivet","og_description":"Veekindel pol\u00fcesterkangas\u00a0 on kaetud kahekordse pol\u00fcet\u00fcleen kihiga mis teeb kanga vastupidavaks ilmastikule. Kangas on UV kindel kuid kaotab p\u00e4ikese k\u00e4es","og_url":"https:\/\/rivet.ee\/fi\/toode\/poluester-markiisikangas-uv-hall\/","og_site_name":"Rivet","article_modified_time":"2025-04-23T12:56:32+00:00","og_image":[{"width":900,"height":900,"url":"https:\/\/rivet.ee\/wp-content\/uploads\/2022\/02\/Helehall-markiis-900x900-2.jpg","type":"image\/jpeg"}],"twitter_card":"summary_large_image","twitter_misc":{"Arvioitu lukuaika":"1 minuutti"},"schema":{"@context":"https:\/\/schema.org","@graph":[{"@type":"WebPage","@id":"https:\/\/rivet.ee\/fi\/toode\/poluester-markiisikangas-uv-hall\/","url":"https:\/\/rivet.ee\/fi\/toode\/poluester-markiisikangas-uv-hall\/","name":"Pol\u00fcester markiisikangas UV hall | Rivet","isPartOf":{"@id":"https:\/\/rivet.ee\/fi\/#website"},"primaryImageOfPage":{"@id":"https:\/\/rivet.ee\/fi\/toode\/poluester-markiisikangas-uv-hall\/#primaryimage"},"image":{"@id":"https:\/\/rivet.ee\/toode\/poluester-markiisikangas-uv-hall\/#primaryimage"},"thumbnailUrl":"https:\/\/rivet.ee\/wp-content\/uploads\/2022\/02\/Helehall-markiis-900x900-2.jpg","datePublished":"2022-02-17T11:32:03+00:00","dateModified":"2025-04-23T12:56:32+00:00","breadcrumb":{"@id":"https:\/\/rivet.ee\/fi\/toode\/poluester-markiisikangas-uv-hall\/#breadcrumb"},"inLanguage":"fi","potentialAction":[{"@type":"ReadAction","target":[["https:\/\/rivet.ee\/fi\/toode\/poluester-markiisikangas-uv-hall\/"]]}]},{"@type":"ImageObject","inLanguage":"fi","@id":"https:\/\/rivet.ee\/fi\/toode\/poluester-markiisikangas-uv-hall\/#primaryimage","url":"https:\/\/rivet.ee\/wp-content\/uploads\/2022\/02\/Helehall-markiis-900x900-2.jpg","contentUrl":"https:\/\/rivet.ee\/wp-content\/uploads\/2022\/02\/Helehall-markiis-900x900-2.jpg","width":900,"height":900},{"@type":"BreadcrumbList","@id":"https:\/\/rivet.ee\/fi\/toode\/poluester-markiisikangas-uv-hall\/#breadcrumb","itemListElement":[{"@type":"ListItem","position":1,"name":"Home","item":"https:\/\/rivet.ee\/fi\/"},{"@type":"ListItem","position":2,"name":"Tooted","item":"https:\/\/rivet.ee\/fi\/tooted\/"},{"@type":"ListItem","position":3,"name":"Pol\u00fcester markiisikangas UV hall"}]},{"@type":"WebSite","@id":"https:\/\/rivet.ee\/fi\/#website","url":"https:\/\/rivet.ee\/fi\/","name":"Rivet","description":"","publisher":{"@id":"https:\/\/rivet.ee\/fi\/#organization"},"potentialAction":[{"@type":"SearchAction","target":{"@type":"EntryPoint","urlTemplate":"https:\/\/rivet.ee\/fi\/?s={search_term_string}"},"query-input":{"@type":"PropertyValueSpecification","valueRequired":true,"valueName":"search_term_string"}}],"inLanguage":"fi"},{"@type":"Organization","@id":"https:\/\/rivet.ee\/fi\/#organization","name":"Rivet","url":"https:\/\/rivet.ee\/fi\/","logo":{"@type":"ImageObject","inLanguage":"fi","@id":"https:\/\/rivet.ee\/fi\/#\/schema\/logo\/image\/","url":"https:\/\/rivet.ee\/wp-content\/uploads\/2021\/11\/logo.jpg","contentUrl":"https:\/\/rivet.ee\/wp-content\/uploads\/2021\/11\/logo.jpg","width":397,"height":152,"caption":"Rivet"},"image":{"@id":"https:\/\/rivet.ee\/fi\/#\/schema\/logo\/image\/"}}]}},"_links":{"self":[{"href":"https:\/\/rivet.ee\/fi\/wp-json\/wp\/v2\/product\/9913","targetHints":{"allow":["GET"]}}],"collection":[{"href":"https:\/\/rivet.ee\/fi\/wp-json\/wp\/v2\/product"}],"about":[{"href":"https:\/\/rivet.ee\/fi\/wp-json\/wp\/v2\/types\/product"}],"replies":[{"embeddable":true,"href":"https:\/\/rivet.ee\/fi\/wp-json\/wp\/v2\/comments?post=9913"}],"wp:featuredmedia":[{"embeddable":true,"href":"https:\/\/rivet.ee\/fi\/wp-json\/wp\/v2\/media\/19069"}],"wp:attachment":[{"href":"https:\/\/rivet.ee\/fi\/wp-json\/wp\/v2\/media?parent=9913"}],"wp:term":[{"taxonomy":"product_brand","embeddable":true,"href":"https:\/\/rivet.ee\/fi\/wp-json\/wp\/v2\/product_brand?post=9913"},{"taxonomy":"product_cat","embeddable":true,"href":"https:\/\/rivet.ee\/fi\/wp-json\/wp\/v2\/product_cat?post=9913"},{"taxonomy":"product_tag","embeddable":true,"href":"https:\/\/rivet.ee\/fi\/wp-json\/wp\/v2\/product_tag?post=9913"}],"curies":[{"name":"wp","href":"https:\/\/api.w.org\/{rel}","templated":true}]}}