{"id":9936,"date":"2022-02-19T14:05:43","date_gmt":"2022-02-19T12:05:43","guid":{"rendered":"https:\/\/rivet.ee\/?post_type=product&#038;p=9936"},"modified":"2025-11-20T11:10:13","modified_gmt":"2025-11-20T09:10:13","slug":"poluester-pvc-must","status":"publish","type":"product","link":"https:\/\/rivet.ee\/fi\/toode\/poluester-pvc-must\/","title":{"rendered":"Pol\u00fcester 600&#215;600 PVC must"},"content":{"rendered":"<p>Tugeva kattega pol\u00fcesterkangas mis eelk\u00f5ige sobib kottide ja sisetingimustes olevate toodete\/katete valmistamiseks. Kasutatakse ka m\u00f6\u00f6blikatete valmistamiseks. Vett h\u00fclgav.\u00a0 Ei talu v\u00e4ga h\u00e4sti UV kiirgust. Tagumine taust hakkab aja jooksul p\u00e4ikese valguse toimel murenema.<\/p>\n<p>100% pol\u00fcester, Taust: PVC, Kaal: 440g\/m2, Laius: 150cm, Paksus: 0,5mm<\/p>\n<p>Kangas m\u00f5\u00f5detakse \u00fches t\u00fckis t\u00e4is meetrites.<\/p>\n<p>&nbsp;<\/p>","protected":false},"excerpt":{"rendered":"<p>Tugeva kattega pol\u00fcesterkangas mis eelk\u00f5ige sobib kottide ja sisetingimustes olevate toodete\/katete valmistamiseks. Kasutatakse ka m\u00f6\u00f6blikatete valmistamiseks. Vett h\u00fclgav.\u00a0 Ei talu<\/p>\n","protected":false},"featured_media":10231,"comment_status":"closed","ping_status":"closed","template":"","meta":[],"product_brand":[],"product_cat":[116,122],"product_tag":[],"class_list":{"0":"post-9936","1":"product","2":"type-product","3":"status-publish","4":"has-post-thumbnail","6":"product_cat-pvc-kattega-kangad","7":"product_cat-poluester-pvc-kattega","9":"first","10":"instock","11":"taxable","12":"shipping-taxable","13":"purchasable","14":"product-type-simple"},"yoast_head":"<!-- This site is optimized with the Yoast SEO plugin v27.3 - https:\/\/yoast.com\/product\/yoast-seo-wordpress\/ -->\n<title>Pol\u00fcester 600x600 PVC must | Rivet<\/title>\n<meta name=\"robots\" content=\"index, follow, max-snippet:-1, max-image-preview:large, max-video-preview:-1\" \/>\n<link rel=\"canonical\" href=\"https:\/\/rivet.ee\/fi\/toode\/poluester-pvc-must\/\" \/>\n<meta property=\"og:locale\" content=\"fi_FI\" \/>\n<meta property=\"og:type\" content=\"article\" \/>\n<meta property=\"og:title\" content=\"Pol\u00fcester 600x600 PVC must | Rivet\" \/>\n<meta property=\"og:description\" content=\"Tugeva kattega pol\u00fcesterkangas mis eelk\u00f5ige sobib kottide ja sisetingimustes olevate toodete\/katete valmistamiseks. Kasutatakse ka m\u00f6\u00f6blikatete valmistamiseks. Vett h\u00fclgav.\u00a0 Ei talu\" \/>\n<meta property=\"og:url\" content=\"https:\/\/rivet.ee\/fi\/toode\/poluester-pvc-must\/\" \/>\n<meta property=\"og:site_name\" content=\"Rivet\" \/>\n<meta property=\"article:modified_time\" content=\"2025-11-20T09:10:13+00:00\" \/>\n<meta property=\"og:image\" content=\"https:\/\/rivet.ee\/wp-content\/uploads\/2022\/02\/PVC-must-900x900-1.jpg\" \/>\n\t<meta property=\"og:image:width\" content=\"900\" \/>\n\t<meta property=\"og:image:height\" content=\"900\" \/>\n\t<meta property=\"og:image:type\" content=\"image\/jpeg\" \/>\n<meta name=\"twitter:card\" content=\"summary_large_image\" \/>\n<meta name=\"twitter:label1\" content=\"Arvioitu lukuaika\" \/>\n\t<meta name=\"twitter:data1\" content=\"1 minuutti\" \/>\n<script type=\"application\/ld+json\" class=\"yoast-schema-graph\">{\"@context\":\"https:\\\/\\\/schema.org\",\"@graph\":[{\"@type\":\"WebPage\",\"@id\":\"https:\\\/\\\/rivet.ee\\\/fi\\\/toode\\\/poluester-pvc-must\\\/\",\"url\":\"https:\\\/\\\/rivet.ee\\\/fi\\\/toode\\\/poluester-pvc-must\\\/\",\"name\":\"Pol\u00fcester 600x600 PVC must | Rivet\",\"isPartOf\":{\"@id\":\"https:\\\/\\\/rivet.ee\\\/fi\\\/#website\"},\"primaryImageOfPage\":{\"@id\":\"https:\\\/\\\/rivet.ee\\\/fi\\\/toode\\\/poluester-pvc-must\\\/#primaryimage\"},\"image\":{\"@id\":\"https:\\\/\\\/rivet.ee\\\/toode\\\/poluester-pvc-must\\\/#primaryimage\"},\"thumbnailUrl\":\"https:\\\/\\\/rivet.ee\\\/wp-content\\\/uploads\\\/2022\\\/02\\\/PVC-must-900x900-1.jpg\",\"datePublished\":\"2022-02-19T12:05:43+00:00\",\"dateModified\":\"2025-11-20T09:10:13+00:00\",\"breadcrumb\":{\"@id\":\"https:\\\/\\\/rivet.ee\\\/fi\\\/toode\\\/poluester-pvc-must\\\/#breadcrumb\"},\"inLanguage\":\"fi\",\"potentialAction\":[{\"@type\":\"ReadAction\",\"target\":[[\"https:\\\/\\\/rivet.ee\\\/fi\\\/toode\\\/poluester-pvc-must\\\/\"]]}]},{\"@type\":\"ImageObject\",\"inLanguage\":\"fi\",\"@id\":\"https:\\\/\\\/rivet.ee\\\/fi\\\/toode\\\/poluester-pvc-must\\\/#primaryimage\",\"url\":\"https:\\\/\\\/rivet.ee\\\/wp-content\\\/uploads\\\/2022\\\/02\\\/PVC-must-900x900-1.jpg\",\"contentUrl\":\"https:\\\/\\\/rivet.ee\\\/wp-content\\\/uploads\\\/2022\\\/02\\\/PVC-must-900x900-1.jpg\",\"width\":900,\"height\":900},{\"@type\":\"BreadcrumbList\",\"@id\":\"https:\\\/\\\/rivet.ee\\\/fi\\\/toode\\\/poluester-pvc-must\\\/#breadcrumb\",\"itemListElement\":[{\"@type\":\"ListItem\",\"position\":1,\"name\":\"Home\",\"item\":\"https:\\\/\\\/rivet.ee\\\/fi\\\/\"},{\"@type\":\"ListItem\",\"position\":2,\"name\":\"Tooted\",\"item\":\"https:\\\/\\\/rivet.ee\\\/fi\\\/tooted\\\/\"},{\"@type\":\"ListItem\",\"position\":3,\"name\":\"Pol\u00fcester 600&#215;600 PVC must\"}]},{\"@type\":\"WebSite\",\"@id\":\"https:\\\/\\\/rivet.ee\\\/fi\\\/#website\",\"url\":\"https:\\\/\\\/rivet.ee\\\/fi\\\/\",\"name\":\"Rivet\",\"description\":\"\",\"publisher\":{\"@id\":\"https:\\\/\\\/rivet.ee\\\/fi\\\/#organization\"},\"potentialAction\":[{\"@type\":\"SearchAction\",\"target\":{\"@type\":\"EntryPoint\",\"urlTemplate\":\"https:\\\/\\\/rivet.ee\\\/fi\\\/?s={search_term_string}\"},\"query-input\":{\"@type\":\"PropertyValueSpecification\",\"valueRequired\":true,\"valueName\":\"search_term_string\"}}],\"inLanguage\":\"fi\"},{\"@type\":\"Organization\",\"@id\":\"https:\\\/\\\/rivet.ee\\\/fi\\\/#organization\",\"name\":\"Rivet\",\"url\":\"https:\\\/\\\/rivet.ee\\\/fi\\\/\",\"logo\":{\"@type\":\"ImageObject\",\"inLanguage\":\"fi\",\"@id\":\"https:\\\/\\\/rivet.ee\\\/fi\\\/#\\\/schema\\\/logo\\\/image\\\/\",\"url\":\"https:\\\/\\\/rivet.ee\\\/wp-content\\\/uploads\\\/2021\\\/11\\\/logo.jpg\",\"contentUrl\":\"https:\\\/\\\/rivet.ee\\\/wp-content\\\/uploads\\\/2021\\\/11\\\/logo.jpg\",\"width\":397,\"height\":152,\"caption\":\"Rivet\"},\"image\":{\"@id\":\"https:\\\/\\\/rivet.ee\\\/fi\\\/#\\\/schema\\\/logo\\\/image\\\/\"}}]}<\/script>\n<!-- \/ Yoast SEO plugin. -->","yoast_head_json":{"title":"Pol\u00fcester 600x600 PVC must | Rivet","robots":{"index":"index","follow":"follow","max-snippet":"max-snippet:-1","max-image-preview":"max-image-preview:large","max-video-preview":"max-video-preview:-1"},"canonical":"https:\/\/rivet.ee\/fi\/toode\/poluester-pvc-must\/","og_locale":"fi_FI","og_type":"article","og_title":"Pol\u00fcester 600x600 PVC must | Rivet","og_description":"Tugeva kattega pol\u00fcesterkangas mis eelk\u00f5ige sobib kottide ja sisetingimustes olevate toodete\/katete valmistamiseks. Kasutatakse ka m\u00f6\u00f6blikatete valmistamiseks. Vett h\u00fclgav.\u00a0 Ei talu","og_url":"https:\/\/rivet.ee\/fi\/toode\/poluester-pvc-must\/","og_site_name":"Rivet","article_modified_time":"2025-11-20T09:10:13+00:00","og_image":[{"width":900,"height":900,"url":"https:\/\/rivet.ee\/wp-content\/uploads\/2022\/02\/PVC-must-900x900-1.jpg","type":"image\/jpeg"}],"twitter_card":"summary_large_image","twitter_misc":{"Arvioitu lukuaika":"1 minuutti"},"schema":{"@context":"https:\/\/schema.org","@graph":[{"@type":"WebPage","@id":"https:\/\/rivet.ee\/fi\/toode\/poluester-pvc-must\/","url":"https:\/\/rivet.ee\/fi\/toode\/poluester-pvc-must\/","name":"Pol\u00fcester 600x600 PVC must | Rivet","isPartOf":{"@id":"https:\/\/rivet.ee\/fi\/#website"},"primaryImageOfPage":{"@id":"https:\/\/rivet.ee\/fi\/toode\/poluester-pvc-must\/#primaryimage"},"image":{"@id":"https:\/\/rivet.ee\/toode\/poluester-pvc-must\/#primaryimage"},"thumbnailUrl":"https:\/\/rivet.ee\/wp-content\/uploads\/2022\/02\/PVC-must-900x900-1.jpg","datePublished":"2022-02-19T12:05:43+00:00","dateModified":"2025-11-20T09:10:13+00:00","breadcrumb":{"@id":"https:\/\/rivet.ee\/fi\/toode\/poluester-pvc-must\/#breadcrumb"},"inLanguage":"fi","potentialAction":[{"@type":"ReadAction","target":[["https:\/\/rivet.ee\/fi\/toode\/poluester-pvc-must\/"]]}]},{"@type":"ImageObject","inLanguage":"fi","@id":"https:\/\/rivet.ee\/fi\/toode\/poluester-pvc-must\/#primaryimage","url":"https:\/\/rivet.ee\/wp-content\/uploads\/2022\/02\/PVC-must-900x900-1.jpg","contentUrl":"https:\/\/rivet.ee\/wp-content\/uploads\/2022\/02\/PVC-must-900x900-1.jpg","width":900,"height":900},{"@type":"BreadcrumbList","@id":"https:\/\/rivet.ee\/fi\/toode\/poluester-pvc-must\/#breadcrumb","itemListElement":[{"@type":"ListItem","position":1,"name":"Home","item":"https:\/\/rivet.ee\/fi\/"},{"@type":"ListItem","position":2,"name":"Tooted","item":"https:\/\/rivet.ee\/fi\/tooted\/"},{"@type":"ListItem","position":3,"name":"Pol\u00fcester 600&#215;600 PVC must"}]},{"@type":"WebSite","@id":"https:\/\/rivet.ee\/fi\/#website","url":"https:\/\/rivet.ee\/fi\/","name":"Rivet","description":"","publisher":{"@id":"https:\/\/rivet.ee\/fi\/#organization"},"potentialAction":[{"@type":"SearchAction","target":{"@type":"EntryPoint","urlTemplate":"https:\/\/rivet.ee\/fi\/?s={search_term_string}"},"query-input":{"@type":"PropertyValueSpecification","valueRequired":true,"valueName":"search_term_string"}}],"inLanguage":"fi"},{"@type":"Organization","@id":"https:\/\/rivet.ee\/fi\/#organization","name":"Rivet","url":"https:\/\/rivet.ee\/fi\/","logo":{"@type":"ImageObject","inLanguage":"fi","@id":"https:\/\/rivet.ee\/fi\/#\/schema\/logo\/image\/","url":"https:\/\/rivet.ee\/wp-content\/uploads\/2021\/11\/logo.jpg","contentUrl":"https:\/\/rivet.ee\/wp-content\/uploads\/2021\/11\/logo.jpg","width":397,"height":152,"caption":"Rivet"},"image":{"@id":"https:\/\/rivet.ee\/fi\/#\/schema\/logo\/image\/"}}]}},"_links":{"self":[{"href":"https:\/\/rivet.ee\/fi\/wp-json\/wp\/v2\/product\/9936","targetHints":{"allow":["GET"]}}],"collection":[{"href":"https:\/\/rivet.ee\/fi\/wp-json\/wp\/v2\/product"}],"about":[{"href":"https:\/\/rivet.ee\/fi\/wp-json\/wp\/v2\/types\/product"}],"replies":[{"embeddable":true,"href":"https:\/\/rivet.ee\/fi\/wp-json\/wp\/v2\/comments?post=9936"}],"wp:featuredmedia":[{"embeddable":true,"href":"https:\/\/rivet.ee\/fi\/wp-json\/wp\/v2\/media\/10231"}],"wp:attachment":[{"href":"https:\/\/rivet.ee\/fi\/wp-json\/wp\/v2\/media?parent=9936"}],"wp:term":[{"taxonomy":"product_brand","embeddable":true,"href":"https:\/\/rivet.ee\/fi\/wp-json\/wp\/v2\/product_brand?post=9936"},{"taxonomy":"product_cat","embeddable":true,"href":"https:\/\/rivet.ee\/fi\/wp-json\/wp\/v2\/product_cat?post=9936"},{"taxonomy":"product_tag","embeddable":true,"href":"https:\/\/rivet.ee\/fi\/wp-json\/wp\/v2\/product_tag?post=9936"}],"curies":[{"name":"wp","href":"https:\/\/api.w.org\/{rel}","templated":true}]}}